{"id":821,"date":"2025-12-01T15:02:50","date_gmt":"2025-12-01T13:02:50","guid":{"rendered":"https:\/\/www.kreiss.lv\/?page_id=821"},"modified":"2026-01-09T16:49:32","modified_gmt":"2026-01-09T14:49:32","slug":"parvadatajiem","status":"publish","type":"page","link":"https:\/\/www.kreiss.lv\/uz\/parvadatajiem\/","title":{"rendered":"Yetkazib beruvchilar uchun"},"content":{"rendered":"<section class=\"bde-section-821-105 bde-section\">\n              \n  \n  \n\t\n\n  <div class=\"section-background-overlay\"><\/div>\n\n\n<div class=\"section-container\"><div class=\"bde-div-821-106 bde-div\">\n  \n  \n\t\n\n\n\n<h1 class=\"bde-heading-821-107 bde-heading\">\nYetkazib beruvchilar uchun\n<\/h1>\n<\/div><div class=\"bde-div-821-108 bde-div\">\n  \n  \n\t\n\n\n\n<h3 class=\"bde-heading-821-109 bde-heading\">\nKREISS bilan ishlang \u2014 ishonchli va barqaror tashuvchilar tarmog'iga qo'shiling.<br><br>Biz butun Yevropa bo'ylab ishonchli yo'l yuk tashuvchilari bilan hamkorlik qilib, uzluksiz ta'minlaymiz<br>ish, o'z vaqtida to'lovlar va har bir yo'nalishda professional yordam.\n<\/h3>\n<\/div><div class=\"bde-button-821-279 bde-button\">\n        \n    \n    \n    \n    \n            \n                    \n            \n                           \n                       \n                 \n\n    \n    \n    \n                    \n    \n    <a class=\"breakdance-link button-atom button-atom--custom bde-button__button\" href=\"#\" target=\"_self\" data-type=\"action\"  data-action='{\"type\":\"popup\",\"popupOptions\":{\"popupId\":\"845\",\"popupAction\":\"toggle\"}}' >\n\n    \n        <span class=\"button-atom__text\">Hamkorlik uchun murojaat qiling<\/span>\n\n        \n        \n                <\/a>\n\n    \n\n\n<\/div><\/div>\n<\/section><section class=\"bde-section-821-142 bde-section\">\n  \n  \n\t\n\n\n\n<div class=\"section-container\"><h2 class=\"bde-heading-821-143 bde-heading\">\nNega KREISS bilan hamkorlik qilish kerak?\n<\/h2><div class=\"bde-grid-821-219 bde-grid\">\n  \n  \n\t\n\n\n\n<div class=\"bde-div-821-220 bde-div\" data-entrance=\"fade\">\n  \n  \n\t\n\n\n\n<h2 class=\"bde-heading-821-251 bde-heading\">\n01\n<\/h2><div class=\"bde-fancy-divider-821-222 bde-fancy-divider\">\n\n\n<div class=\"bde-fancy-divider__wrapper\">\n  <div class=\"bde-fancy-divider__separator\">\n  \t  <\/div>\n<\/div>\n\n<\/div><div class=\"bde-text-821-223 bde-text\">\nYil davomida barqaror yuk hajmlari\n<\/div><div class=\"bde-text-821-224 bde-text\">\nButun Yevropa bo'ylab muntazam yuk tashish \u2014 mavsumiy pasayishlar yoki tanaffuslar yo'q.\n<\/div>\n<\/div><div class=\"bde-div-821-225 bde-div\" data-entrance=\"fade\">\n  \n  \n\t\n\n\n\n<h2 class=\"bde-heading-821-253 bde-heading\">\n02\n<\/h2><div class=\"bde-fancy-divider-821-227 bde-fancy-divider\">\n\n\n<div class=\"bde-fancy-divider__wrapper\">\n  <div class=\"bde-fancy-divider__separator\">\n  \t  <\/div>\n<\/div>\n\n<\/div><div class=\"bde-text-821-228 bde-text\">\nXavfsiz va shaffof to'lovlar\n<\/div><div class=\"bde-text-821-229 bde-text\">\nTo'lovlar har doim o'z vaqtida amalga oshiriladi va tezroq to'lov yechimlarini tanlash imkoniyati mavjud.\n<\/div>\n<\/div><div class=\"bde-div-821-230 bde-div\" data-entrance=\"fade\">\n  \n  \n\t\n\n\n\n<h2 class=\"bde-heading-821-254 bde-heading\">\n03\n<\/h2><div class=\"bde-fancy-divider-821-232 bde-fancy-divider\">\n\n\n<div class=\"bde-fancy-divider__wrapper\">\n  <div class=\"bde-fancy-divider__separator\">\n  \t  <\/div>\n<\/div>\n\n<\/div><div class=\"bde-text-821-233 bde-text\">\n24\/7 professional yordam\n<\/div><div class=\"bde-text-821-234 bde-text\">\nShaxsiy koordinator, yo'lda tezkor yordam va yuk haqida aniq ma'lumot.<br>\n<\/div>\n<\/div><div class=\"bde-div-821-235 bde-div\" data-entrance=\"fade\">\n  \n  \n\t\n\n\n\n<h2 class=\"bde-heading-821-255 bde-heading\">\n04\n<\/h2><div class=\"bde-fancy-divider-821-237 bde-fancy-divider\">\n\n\n<div class=\"bde-fancy-divider__wrapper\">\n  <div class=\"bde-fancy-divider__separator\">\n  \t  <\/div>\n<\/div>\n\n<\/div><div class=\"bde-text-821-238 bde-text\">\nOchiq jarayonlar va Yevropa sifat standartlari\n<\/div><div class=\"bde-text-821-239 bde-text\">\nQat'iy xavfsizlik, hujjatlashtirish va sifat standartlariga rioya qilib ishlash \u2014 kamroq xavf, ko'proq oldindan aytib bo'ladiganlik.\n<\/div>\n<\/div><div class=\"bde-div-821-240 bde-div\" data-entrance=\"fade\">\n  \n  \n\t\n\n\n\n<h2 class=\"bde-heading-821-256 bde-heading\">\n05\n<\/h2><div class=\"bde-fancy-divider-821-242 bde-fancy-divider\">\n\n\n<div class=\"bde-fancy-divider__wrapper\">\n  <div class=\"bde-fancy-divider__separator\">\n  \t  <\/div>\n<\/div>\n\n<\/div><div class=\"bde-text-821-243 bde-text\">\nUzoq muddatli hamkorlik modeli\n<\/div><div class=\"bde-text-821-244 bde-text\">\nYaxshi obro'ga va yuqori xizmat sifatiga ega bo'lgan hamkorlarga ustuvorlik beriladi.\n<\/div>\n<\/div>\n<\/div><\/div>\n<\/section><section class=\"bde-section-821-169 bde-section\">\n  \n  \n\t\n\n\n\n<div class=\"section-container\"><h2 class=\"bde-heading-821-170 bde-heading\">\nHamkorlik imkoniyatlari\n<\/h2><div class=\"bde-columns-821-319 bde-columns\"><div class=\"bde-column-821-320 bde-column\">\n  \n  \n\t\n\n\n\n<div class=\"bde-accordion-821-308 bde-accordion bde-accordion--bordered-bottom\"><div class=\"bde-accordion__content-wrapper-821-309 bde-accordion__content-wrapper\">\n<h3 class=\"bde-accordion__title-tag\">\n  <button type=\"button\" class=\"bde-accordion__button\" id=\"accordion-button-309\" aria-controls=\"accordion-panel-309\" aria-expanded=\"false\">\n     <span class=\"bde-accordion__title\" >Muzlatgich tashish<\/span>\n     <span class=\"bde-accordion__icon bde-accordion__icon--default\"><\/span>\n     <span class=\"bde-accordion__icon bde-accordion__icon--active\"><\/span>\n  <\/button>\n<\/h3>\n\n<div role=\"region\" class=\"bde-accordion__panel\" id=\"accordion-panel-309\" aria-labelledby=\"accordion-button-309\">\n    <div class=\"bde-accordion__panel-content\">\n        <div class=\"bde-text-821-311 bde-text\">\nOziq-ovqat, farmatsevtika va boshqa nozik yuk segmentlarida aniq harorat nazorati va barqaror yuk oqimi.\n<\/div>\n    <\/div>\n<\/div>\n\n\n\n<\/div><div class=\"bde-accordion__content-wrapper-821-323 bde-accordion__content-wrapper\">\n<h3 class=\"bde-accordion__title-tag\">\n  <button type=\"button\" class=\"bde-accordion__button\" id=\"accordion-button-323\" aria-controls=\"accordion-panel-323\" aria-expanded=\"false\">\n     <span class=\"bde-accordion__title\" >Chadirli yuk tashish<\/span>\n     <span class=\"bde-accordion__icon bde-accordion__icon--default\"><\/span>\n     <span class=\"bde-accordion__icon bde-accordion__icon--active\"><\/span>\n  <\/button>\n<\/h3>\n\n<div role=\"region\" class=\"bde-accordion__panel\" id=\"accordion-panel-323\" aria-labelledby=\"accordion-button-323\">\n    <div class=\"bde-accordion__panel-content\">\n        <div class=\"bde-text-821-324 bde-text\">\nSanoat, qurilish, chakana savdo va boshqa yuklar uchun moslashuvchan va ko'p qirrali yechim.\n<\/div>\n    <\/div>\n<\/div>\n\n\n\n<\/div><div class=\"bde-accordion__content-wrapper-821-325 bde-accordion__content-wrapper\">\n<h3 class=\"bde-accordion__title-tag\">\n  <button type=\"button\" class=\"bde-accordion__button\" id=\"accordion-button-325\" aria-controls=\"accordion-panel-325\" aria-expanded=\"false\">\n     <span class=\"bde-accordion__title\" >Ikki haydovchili jamoalar<\/span>\n     <span class=\"bde-accordion__icon bde-accordion__icon--default\"><\/span>\n     <span class=\"bde-accordion__icon bde-accordion__icon--active\"><\/span>\n  <\/button>\n<\/h3>\n\n<div role=\"region\" class=\"bde-accordion__panel\" id=\"accordion-panel-325\" aria-labelledby=\"accordion-button-325\">\n    <div class=\"bde-accordion__panel-content\">\n        <div class=\"bde-text-821-326 bde-text\">\nUzluksiz harakatni talab qiladigan yo'nalishlarda yetkazib berish muddatlarini qisqartirish va yuqori safar chastotasi.<br>\n<\/div>\n    <\/div>\n<\/div>\n\n\n\n<\/div><div class=\"bde-accordion__content-wrapper-821-327 bde-accordion__content-wrapper\">\n<h3 class=\"bde-accordion__title-tag\">\n  <button type=\"button\" class=\"bde-accordion__button\" id=\"accordion-button-327\" aria-controls=\"accordion-panel-327\" aria-expanded=\"false\">\n     <span class=\"bde-accordion__title\" >Muntazam yo'nalishlar va nuqtaviy yuk<\/span>\n     <span class=\"bde-accordion__icon bde-accordion__icon--default\"><\/span>\n     <span class=\"bde-accordion__icon bde-accordion__icon--active\"><\/span>\n  <\/button>\n<\/h3>\n\n<div role=\"region\" class=\"bde-accordion__panel\" id=\"accordion-panel-327\" aria-labelledby=\"accordion-button-327\">\n    <div class=\"bde-accordion__panel-content\">\n        <div class=\"bde-text-821-328 bde-text\">\nKafolatlangan yuklar bilan uzoq muddatli jadval va bir martalik shoshilinch safarlar.\n<\/div>\n    <\/div>\n<\/div>\n\n\n\n<\/div><div class=\"bde-accordion__content-wrapper-821-329 bde-accordion__content-wrapper\">\n<h3 class=\"bde-accordion__title-tag\">\n  <button type=\"button\" class=\"bde-accordion__button\" id=\"accordion-button-329\" aria-controls=\"accordion-panel-329\" aria-expanded=\"false\">\n     <span class=\"bde-accordion__title\" > Qisqa va uzoq safarlar<\/span>\n     <span class=\"bde-accordion__icon bde-accordion__icon--default\"><\/span>\n     <span class=\"bde-accordion__icon bde-accordion__icon--active\"><\/span>\n  <\/button>\n<\/h3>\n\n<div role=\"region\" class=\"bde-accordion__panel\" id=\"accordion-panel-329\" aria-labelledby=\"accordion-button-329\">\n    <div class=\"bde-accordion__panel-content\">\n        <div class=\"bde-text-821-330 bde-text\">\nBaltika, Yevropa, Skandinaviya va boshqa muhim koridorlardagi moslashtirilgan yo'nalishlar.\n<\/div>\n    <\/div>\n<\/div>\n\n\n\n<\/div><div class=\"bde-accordion__content-wrapper-821-331 bde-accordion__content-wrapper\">\n<h3 class=\"bde-accordion__title-tag\">\n  <button type=\"button\" class=\"bde-accordion__button\" id=\"accordion-button-331\" aria-controls=\"accordion-panel-331\" aria-expanded=\"false\">\n     <span class=\"bde-accordion__title\" >Maxsus va moslashtirilgan transport yechimlari<\/span>\n     <span class=\"bde-accordion__icon bde-accordion__icon--default\"><\/span>\n     <span class=\"bde-accordion__icon bde-accordion__icon--active\"><\/span>\n  <\/button>\n<\/h3>\n\n<div role=\"region\" class=\"bde-accordion__panel\" id=\"accordion-panel-331\" aria-labelledby=\"accordion-button-331\">\n    <div class=\"bde-accordion__panel-content\">\n        <div class=\"bde-text-821-332 bde-text\">\nStandart bo'lmagan yuklar, ma'lum yo'nalishlar yoki noyob mijoz talablari uchun moslashtirilgan logistika yechimlari.<br>\n<\/div>\n    <\/div>\n<\/div>\n\n\n\n<\/div>\r\n\r\n<\/div>\n<\/div><div class=\"bde-column-821-321 bde-column\">\n  \n  \n\t\n\n\n\n<img decoding=\"async\" class=\"bde-image2-821-322 bde-image2\" src=\"https:\/\/www.kreiss.lv\/wp-content\/uploads\/2025\/12\/jpeg-optimizer_476086885_1474771193678492_2065152088365237712_n.jpg\" loading=\"lazy\" srcset=\"https:\/\/www.kreiss.lv\/wp-content\/uploads\/2025\/12\/jpeg-optimizer_476086885_1474771193678492_2065152088365237712_n.jpg 800w, https:\/\/www.kreiss.lv\/wp-content\/uploads\/2025\/12\/jpeg-optimizer_476086885_1474771193678492_2065152088365237712_n-300x200.jpg 300w, https:\/\/www.kreiss.lv\/wp-content\/uploads\/2025\/12\/jpeg-optimizer_476086885_1474771193678492_2065152088365237712_n-768x513.jpg 768w\" sizes=\"(max-width: 800px) 100vw, 800px\">\n<\/div><\/div><div class=\"bde-button-821-280 bde-button\">\n        \n    \n    \n    \n    \n            \n                    \n            \n                           \n                       \n                 \n\n    \n    \n    \n                    \n    \n    <a class=\"breakdance-link button-atom button-atom--custom bde-button__button\" href=\"#\" target=\"_self\" data-type=\"action\"  data-action='{\"type\":\"popup\",\"popupOptions\":{\"popupId\":\"845\",\"popupAction\":\"toggle\"}}' >\n\n    \n        <span class=\"button-atom__text\">Hamkorlik uchun murojaat qiling<\/span>\n\n        \n        \n                <\/a>\n\n    \n\n\n<\/div><\/div>\n<\/section><section class=\"bde-section-821-281 bde-section\">\n  \n  \n\t\n\n\n\n<div class=\"section-container\"><div class=\"bde-grid-821-282 bde-grid\">\n  \n  \n\t\n\n\n\n<div class=\"bde-div-821-283 bde-div\" data-entrance=\"slideLeft\">\n  \n  \n\t\n\n\n\n<img decoding=\"async\" class=\"bde-image2-821-284 bde-image2\" src=\"https:\/\/www.kreiss.lv\/wp-content\/uploads\/2025\/12\/jpeg-optimizer_Untitled-design-7.png\" loading=\"lazy\" srcset=\"https:\/\/www.kreiss.lv\/wp-content\/uploads\/2025\/12\/jpeg-optimizer_Untitled-design-7.png 800w, https:\/\/www.kreiss.lv\/wp-content\/uploads\/2025\/12\/jpeg-optimizer_Untitled-design-7-300x300.png 300w, https:\/\/www.kreiss.lv\/wp-content\/uploads\/2025\/12\/jpeg-optimizer_Untitled-design-7-150x150.png 150w, https:\/\/www.kreiss.lv\/wp-content\/uploads\/2025\/12\/jpeg-optimizer_Untitled-design-7-768x768.png 768w\" sizes=\"(max-width: 800px) 100vw, 800px\">\n<\/div><div class=\"bde-div-821-285 bde-div\" data-entrance=\"slideRight\">\n  \n  \n\t\n\n\n\n<h2 class=\"bde-heading-821-286 bde-heading\">\nHali ham savollaringiz bormi? \n<\/h2><h4 class=\"bde-heading-821-307 bde-heading\">\nMutaxassisimiz bilan bog'laning!\n<\/h4><div class=\"bde-div-821-287 bde-div\">\n  \n  \n\t\n\n\n\n<div class=\"bde-text-821-288 bde-text\">\nDanil Hill\n<\/div><div class=\"bde-text-821-289 bde-text\">\nYuk tashuvchilar uchun mijozlarga xizmat ko'rsatish bo'yicha menejer\n<\/div><div class=\"bde-div-821-290 bde-div\">\n  \n  \n\t\n\n\n\n<div class=\"bde-div-821-291 bde-div\">\n  \n  \n\t\n\n\n\n<div class=\"bde-icon-821-292 bde-icon\">\n\n    \n            <div class=\"bde-icon-icon breakdance-icon-atom\" >\n    \n                    <svg xmlns=\"http:\/\/www.w3.org\/2000\/svg\" width=\"24\" height=\"24\" viewbox=\"0 0 24 24\" fill=\"none\">\r\n<path d=\"M21.97 18.33C21.97 18.69 21.89 19.06 21.72 19.42C21.55 19.78 21.33 20.12 21.04 20.44C20.55 20.98 20.01 21.37 19.4 21.62C18.8 21.87 18.15 22 17.45 22C16.43 22 15.34 21.76 14.19 21.27C13.04 20.78 11.89 20.12 10.75 19.29C9.6 18.45 8.51 17.52 7.47 16.49C6.44 15.45 5.51 14.36 4.68 13.22C3.86 12.08 3.2 10.94 2.72 9.81C2.24 8.67 2 7.58 2 6.54C2 5.86 2.12 5.21 2.36 4.61C2.6 4 2.98 3.44 3.51 2.94C4.15 2.31 4.85 2 5.59 2C5.87 2 6.15 2.06 6.4 2.18C6.66 2.3 6.89 2.48 7.07 2.74L9.39 6.01C9.57 6.26 9.7 6.49 9.79 6.71C9.88 6.92 9.93 7.13 9.93 7.32C9.93 7.56 9.86 7.8 9.72 8.03C9.59 8.26 9.4 8.5 9.16 8.74L8.4 9.53C8.29 9.64 8.24 9.77 8.24 9.93C8.24 10.01 8.25 10.08 8.27 10.16C8.3 10.24 8.33 10.3 8.35 10.36C8.53 10.69 8.84 11.12 9.28 11.64C9.73 12.16 10.21 12.69 10.73 13.22C11.27 13.75 11.79 14.24 12.32 14.69C12.84 15.13 13.27 15.43 13.61 15.61C13.66 15.63 13.72 15.66 13.79 15.69C13.87 15.72 13.95 15.73 14.04 15.73C14.21 15.73 14.34 15.67 14.45 15.56L15.21 14.81C15.46 14.56 15.7 14.37 15.93 14.25C16.16 14.11 16.39 14.04 16.64 14.04C16.83 14.04 17.03 14.08 17.25 14.17C17.47 14.26 17.7 14.39 17.95 14.56L21.26 16.91C21.52 17.09 21.7 17.3 21.81 17.55C21.91 17.8 21.97 18.05 21.97 18.33Z\" stroke=\"#DF2727\" stroke-width=\"1.5\" stroke-miterlimit=\"10\"\/>\r\n<path opacity=\"0.4\" d=\"M18.5 9C18.5 8.4 18.03 7.48 17.33 6.73C16.69 6.04 15.84 5.5 15 5.5\" stroke=\"#DF2727\" stroke-width=\"1.5\" stroke-linecap=\"round\" stroke-linejoin=\"round\"\/>\r\n<path opacity=\"0.4\" d=\"M22 9C22 5.13 18.87 2 15 2\" stroke=\"#DF2727\" stroke-width=\"1.5\" stroke-linecap=\"round\" stroke-linejoin=\"round\"\/>\r\n<\/svg>\n        \n        \n        \n            <\/div>\n    \n\n\n<\/div><a class=\"bde-text-link-821-293 bde-text-link breakdance-link\" href=\"tel:+37120026011\" target=\"_self\" data-type=\"url\">\n  (+371) 20026011\n\n<\/a>\n<\/div><div class=\"bde-div-821-294 bde-div\">\n  \n  \n\t\n\n\n\n<div class=\"bde-icon-821-295 bde-icon\">\n\n    \n            <div class=\"bde-icon-icon breakdance-icon-atom\" >\n    \n                    <svg xmlns=\"http:\/\/www.w3.org\/2000\/svg\" width=\"24\" height=\"24\" viewbox=\"0 0 24 24\" fill=\"none\">\r\n<path d=\"M17 20.5H7C4 20.5 2 19 2 15.5V8.5C2 5 4 3.5 7 3.5H17C20 3.5 22 5 22 8.5V15.5C22 19 20 20.5 17 20.5Z\" stroke=\"#DF2727\" stroke-width=\"1.5\" stroke-miterlimit=\"10\" stroke-linecap=\"round\" stroke-linejoin=\"round\"\/>\r\n<path opacity=\"0.4\" d=\"M17 9L13.87 11.5C12.84 12.32 11.15 12.32 10.12 11.5L7 9\" stroke=\"#DF2727\" stroke-width=\"1.5\" stroke-miterlimit=\"10\" stroke-linecap=\"round\" stroke-linejoin=\"round\"\/>\r\n<\/svg>\n        \n        \n        \n            <\/div>\n    \n\n\n<\/div><a class=\"bde-text-link-821-296 bde-text-link breakdance-link\" href=\"mailto:danils.hils@kreiss.lv\" target=\"_self\" data-type=\"url\">\n  danils.hils@kreiss.lv\n\n<\/a>\n<\/div>\n<\/div>\n<\/div>\n<\/div>\n<\/div><\/div>\n<\/section>","protected":false},"excerpt":{"rendered":"<p>P\u0101rvad\u0101t\u0101jiem Sadarbojieties ar KREISS \u2014 pievienojieties dro\u0161ai un stabilai p\u0101rvad\u0101t\u0101ju t\u012bkl\u0101.M\u0113s sadarbojamies ar uzticamiem autop\u0101rvad\u0101t\u0101jiem vis\u0101 Eirop\u0101, nodro\u0161inot past\u0101v\u012bgudarbu, savlaic\u012bgus nor\u0113\u0137inus un profesion\u0101lu atbalstu katr\u0101 mar\u0161rut\u0101. Pieteikties sadarb\u012bbai K\u0101p\u0113c sadarboties ar KREISS 01 Stabils kravu apjoms visa gada garum\u0101 Regul\u0101ras kravas vis\u0101 Eirop\u0101 \u2014 bez sezon\u0101liem kritumiem un d\u012bkst\u0101v\u0113m. 02 Dro\u0161i un caursp\u012bd\u012bgi nor\u0113\u0137ini Nor\u0113\u0137ini [&hellip;]<\/p>\n","protected":false},"author":1,"featured_media":0,"parent":0,"menu_order":0,"comment_status":"closed","ping_status":"closed","template":"","meta":{"_acf_changed":false,"_breakdance_hide_in_design_set":false,"_breakdance_tags":"","footnotes":""},"class_list":["post-821","page","type-page","status-publish","hentry"],"acf":[],"_links":{"self":[{"href":"https:\/\/www.kreiss.lv\/uz\/wp-json\/wp\/v2\/pages\/821","targetHints":{"allow":["GET"]}}],"collection":[{"href":"https:\/\/www.kreiss.lv\/uz\/wp-json\/wp\/v2\/pages"}],"about":[{"href":"https:\/\/www.kreiss.lv\/uz\/wp-json\/wp\/v2\/types\/page"}],"author":[{"embeddable":true,"href":"https:\/\/www.kreiss.lv\/uz\/wp-json\/wp\/v2\/users\/1"}],"replies":[{"embeddable":true,"href":"https:\/\/www.kreiss.lv\/uz\/wp-json\/wp\/v2\/comments?post=821"}],"version-history":[{"count":30,"href":"https:\/\/www.kreiss.lv\/uz\/wp-json\/wp\/v2\/pages\/821\/revisions"}],"predecessor-version":[{"id":1076,"href":"https:\/\/www.kreiss.lv\/uz\/wp-json\/wp\/v2\/pages\/821\/revisions\/1076"}],"wp:attachment":[{"href":"https:\/\/www.kreiss.lv\/uz\/wp-json\/wp\/v2\/media?parent=821"}],"curies":[{"name":"wp","href":"https:\/\/api.w.org\/{rel}","templated":true}]}}