{"id":712,"date":"2025-11-05T22:02:27","date_gmt":"2025-11-05T20:02:27","guid":{"rendered":"https:\/\/www.kreiss.lv\/?page_id=712"},"modified":"2026-01-05T12:01:19","modified_gmt":"2026-01-05T10:01:19","slug":"noma-un-pardosana","status":"publish","type":"page","link":"https:\/\/www.kreiss.lv\/uz\/noma-un-pardosana\/","title":{"rendered":"Avtomobil ijarasi va savdosi"},"content":{"rendered":"<section class=\"bde-section-712-204 bde-section\">\n              \n  \n  \n\t\n\n  <div class=\"section-background-overlay\"><\/div>\n\n\n<div class=\"section-container\"><div class=\"bde-div-712-205 bde-div\">\n  \n  \n\t\n\n\n\n<h1 class=\"bde-heading-712-206 bde-heading\">\nAvtomobil ijarasi va savdosi\n<\/h1>\n<\/div><\/div>\n<\/section><section class=\"bde-section-712-100 bde-section\">\n  \n  \n\t\n\n\n\n<div class=\"section-container\"><div class=\"bde-div-712-168 bde-div\">\n  \n  \n\t\n\n\n\n<div class=\"bde-wpgbfacet-712-167 bde-wpgbfacet\"><div class=\"wpgb-facet wpgb-loading wpgb-facet-1 wpgb-style-1\" data-facet=\"1\" data-grid=\"wpgb-content\"><\/div><\/div><div class=\"bde-wpgbfacet-712-170 bde-wpgbfacet\"><div class=\"wpgb-facet wpgb-loading wpgb-facet-3 wpgb-style-1\" data-facet=\"3\" data-grid=\"wpgb-content\"><\/div><\/div><div class=\"bde-wpgbfacet-712-169 bde-wpgbfacet\"><div class=\"wpgb-facet wpgb-loading wpgb-facet-2 wpgb-style-1\" data-facet=\"2\" data-grid=\"wpgb-content\"><\/div><\/div><div class=\"bde-wpgbfacet-712-171 bde-wpgbfacet\"><div class=\"wpgb-facet wpgb-loading wpgb-facet-4 wpgb-style-1\" data-facet=\"4\" data-grid=\"wpgb-content\"><\/div><\/div>\n<\/div><div class=\"bde-post-loop-712-177 bde-post-loop wpgb-content\"><div class=\"bde-loop bde-loop-grid ee-posts ee-posts-grid\">    <article class=\"bde-loop-item ee-post\">\n        <a class=\"bde-container-link-743-100-1025-743-1 bde-container-link bde-container-link-743-100 breakdance-link\" href=\"https:\/\/www.kreiss.lv\/uz\/auto\/krone-sdr-27-carrier-vector-1550-2018\/\" target=\"_self\" data-type=\"url\">\n  \n  \n\t\n\n\n\n<img decoding=\"async\" class=\"bde-image2-743-109-1025-743-1 bde-image2 bde-image2-743-109\" src=\"https:\/\/www.kreiss.lv\/wp-content\/uploads\/2025\/12\/3-1-1.jpg\" loading=\"lazy\" srcset=\"https:\/\/www.kreiss.lv\/wp-content\/uploads\/2025\/12\/3-1-1.jpg 1600w, https:\/\/www.kreiss.lv\/wp-content\/uploads\/2025\/12\/3-1-1-300x225.jpg 300w, https:\/\/www.kreiss.lv\/wp-content\/uploads\/2025\/12\/3-1-1-1024x769.jpg 1024w, https:\/\/www.kreiss.lv\/wp-content\/uploads\/2025\/12\/3-1-1-768x576.jpg 768w, https:\/\/www.kreiss.lv\/wp-content\/uploads\/2025\/12\/3-1-1-1536x1153.jpg 1536w\" sizes=\"(max-width: 1600px) 100vw, 1600px\"><h5 class=\"bde-heading-743-110-1025-743-1 bde-heading bde-heading-743-110\">\nKrone SDR 27 Carrier Vector 1550 (2018)\n<\/h5><div class=\"bde-div-743-113-1025-743-1 bde-div bde-div-743-113\">\n  \n  \n\t\n\n\n\n<div class=\"bde-text-743-111-1025-743-1 bde-text bde-text-743-111\">\nNarxi: 17 000 EUR (QQSsiz)\n<\/div><div class=\"bde-text-743-112-1025-743-1 bde-text bde-text-743-112\">\n2018-05\n<\/div>\n<\/div>\n\n<\/a>    <\/article>\n    <article class=\"bde-loop-item ee-post\">\n        <a class=\"bde-container-link-743-100-1008-743-1 bde-container-link bde-container-link-743-100 breakdance-link\" href=\"https:\/\/www.kreiss.lv\/uz\/auto\/volvo-fh-500-2023\/\" target=\"_self\" data-type=\"url\">\n  \n  \n\t\n\n\n\n<img decoding=\"async\" class=\"bde-image2-743-109-1008-743-1 bde-image2 bde-image2-743-109\" src=\"https:\/\/www.kreiss.lv\/wp-content\/uploads\/2025\/12\/1-1.jpg\" loading=\"lazy\" srcset=\"https:\/\/www.kreiss.lv\/wp-content\/uploads\/2025\/12\/1-1.jpg 2048w, https:\/\/www.kreiss.lv\/wp-content\/uploads\/2025\/12\/1-1-300x225.jpg 300w, https:\/\/www.kreiss.lv\/wp-content\/uploads\/2025\/12\/1-1-1024x769.jpg 1024w, https:\/\/www.kreiss.lv\/wp-content\/uploads\/2025\/12\/1-1-768x576.jpg 768w, https:\/\/www.kreiss.lv\/wp-content\/uploads\/2025\/12\/1-1-1536x1153.jpg 1536w\" sizes=\"(max-width: 2048px) 100vw, 2048px\"><h5 class=\"bde-heading-743-110-1008-743-1 bde-heading bde-heading-743-110\">\nVolvo FH 500 (2023)\n<\/h5><div class=\"bde-div-743-113-1008-743-1 bde-div bde-div-743-113\">\n  \n  \n\t\n\n\n\n<div class=\"bde-text-743-111-1008-743-1 bde-text bde-text-743-111\">\nNarxi: 89 000 EUR\n<\/div><div class=\"bde-text-743-112-1008-743-1 bde-text bde-text-743-112\">\n2023-03\n<\/div>\n<\/div>\n\n<\/a>    <\/article>\n    <article class=\"bde-loop-item ee-post\">\n        <a class=\"bde-container-link-743-100-992-743-1 bde-container-link bde-container-link-743-100 breakdance-link\" href=\"https:\/\/www.kreiss.lv\/uz\/auto\/volvo-fh-500-2022\/\" target=\"_self\" data-type=\"url\">\n  \n  \n\t\n\n\n\n<img decoding=\"async\" class=\"bde-image2-743-109-992-743-1 bde-image2 bde-image2-743-109\" src=\"https:\/\/www.kreiss.lv\/wp-content\/uploads\/2025\/12\/Volvo2022_3.jpg\" loading=\"lazy\" srcset=\"https:\/\/www.kreiss.lv\/wp-content\/uploads\/2025\/12\/Volvo2022_3.jpg 1600w, https:\/\/www.kreiss.lv\/wp-content\/uploads\/2025\/12\/Volvo2022_3-300x225.jpg 300w, https:\/\/www.kreiss.lv\/wp-content\/uploads\/2025\/12\/Volvo2022_3-1024x769.jpg 1024w, https:\/\/www.kreiss.lv\/wp-content\/uploads\/2025\/12\/Volvo2022_3-768x576.jpg 768w, https:\/\/www.kreiss.lv\/wp-content\/uploads\/2025\/12\/Volvo2022_3-1536x1153.jpg 1536w\" sizes=\"(max-width: 1600px) 100vw, 1600px\"><h5 class=\"bde-heading-743-110-992-743-1 bde-heading bde-heading-743-110\">\nVolvo FH 500 (2022)\n<\/h5><div class=\"bde-div-743-113-992-743-1 bde-div bde-div-743-113\">\n  \n  \n\t\n\n\n\n<div class=\"bde-text-743-111-992-743-1 bde-text bde-text-743-111\">\nNarxi: 67 000 EUR (QQSsiz)\n<\/div><div class=\"bde-text-743-112-992-743-1 bde-text bde-text-743-112\">\n2022-04\n<\/div>\n<\/div>\n\n<\/a>    <\/article>\n    <article class=\"bde-loop-item ee-post\">\n        <a class=\"bde-container-link-743-100-977-743-1 bde-container-link bde-container-link-743-100 breakdance-link\" href=\"https:\/\/www.kreiss.lv\/uz\/auto\/volvo-fh-500-2021\/\" target=\"_self\" data-type=\"url\">\n  \n  \n\t\n\n\n\n<img decoding=\"async\" class=\"bde-image2-743-109-977-743-1 bde-image2 bde-image2-743-109\" src=\"https:\/\/www.kreiss.lv\/wp-content\/uploads\/2025\/12\/WhatsApp-Image-2023-03-28-at-13.11.18.jpeg\" loading=\"lazy\" srcset=\"https:\/\/www.kreiss.lv\/wp-content\/uploads\/2025\/12\/WhatsApp-Image-2023-03-28-at-13.11.18.jpeg 1496w, https:\/\/www.kreiss.lv\/wp-content\/uploads\/2025\/12\/WhatsApp-Image-2023-03-28-at-13.11.18-300x300.jpeg 300w, https:\/\/www.kreiss.lv\/wp-content\/uploads\/2025\/12\/WhatsApp-Image-2023-03-28-at-13.11.18-1024x1024.jpeg 1024w, https:\/\/www.kreiss.lv\/wp-content\/uploads\/2025\/12\/WhatsApp-Image-2023-03-28-at-13.11.18-150x150.jpeg 150w, https:\/\/www.kreiss.lv\/wp-content\/uploads\/2025\/12\/WhatsApp-Image-2023-03-28-at-13.11.18-768x768.jpeg 768w\" sizes=\"(max-width: 1496px) 100vw, 1496px\"><h5 class=\"bde-heading-743-110-977-743-1 bde-heading bde-heading-743-110\">\nVolvo FH 500 (2021)\n<\/h5><div class=\"bde-div-743-113-977-743-1 bde-div bde-div-743-113\">\n  \n  \n\t\n\n\n\n<div class=\"bde-text-743-111-977-743-1 bde-text bde-text-743-111\">\nNarxi: 54 000 EUR (QQSsiz)\n<\/div><div class=\"bde-text-743-112-977-743-1 bde-text bde-text-743-112\">\n2021-05\n<\/div>\n<\/div>\n\n<\/a>    <\/article>\n    <article class=\"bde-loop-item ee-post\">\n        <a class=\"bde-container-link-743-100-962-743-1 bde-container-link bde-container-link-743-100 breakdance-link\" href=\"https:\/\/www.kreiss.lv\/uz\/auto\/volvo-fh-500-i-save-2024\/\" target=\"_self\" data-type=\"url\">\n  \n  \n\t\n\n\n\n<img decoding=\"async\" class=\"bde-image2-743-109-962-743-1 bde-image2 bde-image2-743-109\" src=\"https:\/\/www.kreiss.lv\/wp-content\/uploads\/2025\/12\/VOLVO_24_.jpeg\" loading=\"lazy\" srcset=\"https:\/\/www.kreiss.lv\/wp-content\/uploads\/2025\/12\/VOLVO_24_.jpeg 1600w, https:\/\/www.kreiss.lv\/wp-content\/uploads\/2025\/12\/VOLVO_24_-300x300.jpeg 300w, https:\/\/www.kreiss.lv\/wp-content\/uploads\/2025\/12\/VOLVO_24_-1024x1024.jpeg 1024w, https:\/\/www.kreiss.lv\/wp-content\/uploads\/2025\/12\/VOLVO_24_-150x150.jpeg 150w, https:\/\/www.kreiss.lv\/wp-content\/uploads\/2025\/12\/VOLVO_24_-768x768.jpeg 768w, https:\/\/www.kreiss.lv\/wp-content\/uploads\/2025\/12\/VOLVO_24_-1536x1536.jpeg 1536w\" sizes=\"(max-width: 1600px) 100vw, 1600px\"><h5 class=\"bde-heading-743-110-962-743-1 bde-heading bde-heading-743-110\">\nVolvo FH 500 I-save (2024)\n<\/h5><div class=\"bde-div-743-113-962-743-1 bde-div bde-div-743-113\">\n  \n  \n\t\n\n\n\n<div class=\"bde-text-743-111-962-743-1 bde-text bde-text-743-111\">\nNarxi: 87 000 EUR (QQSsiz)\n<\/div><div class=\"bde-text-743-112-962-743-1 bde-text bde-text-743-112\">\n2024-04\n<\/div>\n<\/div>\n\n<\/a>    <\/article>\n    <article class=\"bde-loop-item ee-post\">\n        <a class=\"bde-container-link-743-100-947-743-1 bde-container-link bde-container-link-743-100 breakdance-link\" href=\"https:\/\/www.kreiss.lv\/uz\/auto\/volvo-fh-500-park-cool-i-save-2023\/\" target=\"_self\" data-type=\"url\">\n  \n  \n\t\n\n\n\n<img decoding=\"async\" class=\"bde-image2-743-109-947-743-1 bde-image2 bde-image2-743-109\" src=\"https:\/\/www.kreiss.lv\/wp-content\/uploads\/2025\/12\/WhatsApp-Image-2024-08-13-at-16.46.34.jpeg\" loading=\"lazy\" srcset=\"https:\/\/www.kreiss.lv\/wp-content\/uploads\/2025\/12\/WhatsApp-Image-2024-08-13-at-16.46.34.jpeg 1600w, https:\/\/www.kreiss.lv\/wp-content\/uploads\/2025\/12\/WhatsApp-Image-2024-08-13-at-16.46.34-300x300.jpeg 300w, https:\/\/www.kreiss.lv\/wp-content\/uploads\/2025\/12\/WhatsApp-Image-2024-08-13-at-16.46.34-1024x1024.jpeg 1024w, https:\/\/www.kreiss.lv\/wp-content\/uploads\/2025\/12\/WhatsApp-Image-2024-08-13-at-16.46.34-150x150.jpeg 150w, https:\/\/www.kreiss.lv\/wp-content\/uploads\/2025\/12\/WhatsApp-Image-2024-08-13-at-16.46.34-768x768.jpeg 768w, https:\/\/www.kreiss.lv\/wp-content\/uploads\/2025\/12\/WhatsApp-Image-2024-08-13-at-16.46.34-1536x1536.jpeg 1536w\" sizes=\"(max-width: 1600px) 100vw, 1600px\"><h5 class=\"bde-heading-743-110-947-743-1 bde-heading bde-heading-743-110\">\nVolvo FH 500 Park Cool I-Save (2023)\n<\/h5><div class=\"bde-div-743-113-947-743-1 bde-div bde-div-743-113\">\n  \n  \n\t\n\n\n\n<div class=\"bde-text-743-111-947-743-1 bde-text bde-text-743-111\">\nNarxi: 68 000 EUR (QQSsiz)\n<\/div><div class=\"bde-text-743-112-947-743-1 bde-text bde-text-743-112\">\n2023-05\n<\/div>\n<\/div>\n\n<\/a>    <\/article>\n    <article class=\"bde-loop-item ee-post\">\n        <a class=\"bde-container-link-743-100-930-743-1 bde-container-link bde-container-link-743-100 breakdance-link\" href=\"https:\/\/www.kreiss.lv\/uz\/auto\/mercedes-benz-actros-1851-2022\/\" target=\"_self\" data-type=\"url\">\n  \n  \n\t\n\n\n\n<img decoding=\"async\" class=\"bde-image2-743-109-930-743-1 bde-image2 bde-image2-743-109\" src=\"https:\/\/www.kreiss.lv\/wp-content\/uploads\/2025\/12\/3.jpg\" loading=\"lazy\" srcset=\"https:\/\/www.kreiss.lv\/wp-content\/uploads\/2025\/12\/3.jpg 1600w, https:\/\/www.kreiss.lv\/wp-content\/uploads\/2025\/12\/3-300x225.jpg 300w, https:\/\/www.kreiss.lv\/wp-content\/uploads\/2025\/12\/3-1024x769.jpg 1024w, https:\/\/www.kreiss.lv\/wp-content\/uploads\/2025\/12\/3-768x576.jpg 768w, https:\/\/www.kreiss.lv\/wp-content\/uploads\/2025\/12\/3-1536x1153.jpg 1536w\" sizes=\"(max-width: 1600px) 100vw, 1600px\"><h5 class=\"bde-heading-743-110-930-743-1 bde-heading bde-heading-743-110\">\nMercedes-Benz Actros 1851 (2022)\n<\/h5><div class=\"bde-div-743-113-930-743-1 bde-div bde-div-743-113\">\n  \n  \n\t\n\n\n\n<div class=\"bde-text-743-111-930-743-1 bde-text bde-text-743-111\">\nNarxi: 50 000 EUR\n<\/div><div class=\"bde-text-743-112-930-743-1 bde-text bde-text-743-112\">\n2022-06\n<\/div>\n<\/div>\n\n<\/a>    <\/article>\n    <article class=\"bde-loop-item ee-post\">\n        <a class=\"bde-container-link-743-100-798-743-1 bde-container-link bde-container-link-743-100 breakdance-link\" href=\"https:\/\/www.kreiss.lv\/uz\/auto\/ford-f-max-500-2023\/\" target=\"_self\" data-type=\"url\">\n  \n  \n\t\n\n\n\n<img decoding=\"async\" class=\"bde-image2-743-109-798-743-1 bde-image2 bde-image2-743-109\" src=\"https:\/\/www.kreiss.lv\/wp-content\/uploads\/2025\/11\/WhatsApp-Image-2025-12-03-at-11.41.32-6-scaled.jpeg\" loading=\"lazy\" srcset=\"https:\/\/www.kreiss.lv\/wp-content\/uploads\/2025\/11\/WhatsApp-Image-2025-12-03-at-11.41.32-6-scaled.jpeg 1706w, https:\/\/www.kreiss.lv\/wp-content\/uploads\/2025\/11\/WhatsApp-Image-2025-12-03-at-11.41.32-6-200x300.jpeg 200w, https:\/\/www.kreiss.lv\/wp-content\/uploads\/2025\/11\/WhatsApp-Image-2025-12-03-at-11.41.32-6-683x1024.jpeg 683w, https:\/\/www.kreiss.lv\/wp-content\/uploads\/2025\/11\/WhatsApp-Image-2025-12-03-at-11.41.32-6-768x1152.jpeg 768w, https:\/\/www.kreiss.lv\/wp-content\/uploads\/2025\/11\/WhatsApp-Image-2025-12-03-at-11.41.32-6-1024x1536.jpeg 1024w, https:\/\/www.kreiss.lv\/wp-content\/uploads\/2025\/11\/WhatsApp-Image-2025-12-03-at-11.41.32-6-1365x2048.jpeg 1365w\" sizes=\"(max-width: 1706px) 100vw, 1706px\"><h5 class=\"bde-heading-743-110-798-743-1 bde-heading bde-heading-743-110\">\nFord F MAX 500 (2023)\n<\/h5><div class=\"bde-div-743-113-798-743-1 bde-div bde-div-743-113\">\n  \n  \n\t\n\n\n\n<div class=\"bde-text-743-111-798-743-1 bde-text bde-text-743-111\">\nNarxi: 55 000 EUR (QQSsiz)\n<\/div><div class=\"bde-text-743-112-798-743-1 bde-text bde-text-743-112\">\n 2023-02\n<\/div>\n<\/div>\n\n<\/a>    <\/article>\n    <article class=\"bde-loop-item ee-post\">\n        <a class=\"bde-container-link-743-100-797-743-1 bde-container-link bde-container-link-743-100 breakdance-link\" href=\"https:\/\/www.kreiss.lv\/uz\/auto\/ford-f-max-500-2022\/\" target=\"_self\" data-type=\"url\">\n  \n  \n\t\n\n\n\n<img decoding=\"async\" class=\"bde-image2-743-109-797-743-1 bde-image2 bde-image2-743-109\" src=\"https:\/\/www.kreiss.lv\/wp-content\/uploads\/2025\/11\/WhatsApp-Image-2024-02-27-at-15.50.48-3.jpeg\" loading=\"lazy\" srcset=\"https:\/\/www.kreiss.lv\/wp-content\/uploads\/2025\/11\/WhatsApp-Image-2024-02-27-at-15.50.48-3.jpeg 1600w, https:\/\/www.kreiss.lv\/wp-content\/uploads\/2025\/11\/WhatsApp-Image-2024-02-27-at-15.50.48-3-300x300.jpeg 300w, https:\/\/www.kreiss.lv\/wp-content\/uploads\/2025\/11\/WhatsApp-Image-2024-02-27-at-15.50.48-3-1024x1024.jpeg 1024w, https:\/\/www.kreiss.lv\/wp-content\/uploads\/2025\/11\/WhatsApp-Image-2024-02-27-at-15.50.48-3-150x150.jpeg 150w, https:\/\/www.kreiss.lv\/wp-content\/uploads\/2025\/11\/WhatsApp-Image-2024-02-27-at-15.50.48-3-768x768.jpeg 768w, https:\/\/www.kreiss.lv\/wp-content\/uploads\/2025\/11\/WhatsApp-Image-2024-02-27-at-15.50.48-3-1536x1536.jpeg 1536w\" sizes=\"(max-width: 1600px) 100vw, 1600px\"><h5 class=\"bde-heading-743-110-797-743-1 bde-heading bde-heading-743-110\">\nFord F MAX 500 (2022)\n<\/h5><div class=\"bde-div-743-113-797-743-1 bde-div bde-div-743-113\">\n  \n  \n\t\n\n\n\n<div class=\"bde-text-743-111-797-743-1 bde-text bde-text-743-111\">\nNarxi: 39 000 EUR\n<\/div><div class=\"bde-text-743-112-797-743-1 bde-text bde-text-743-112\">\n 2022-11\n<\/div>\n<\/div>\n\n<\/a>    <\/article>\n    <article class=\"bde-loop-item ee-post\">\n        <a class=\"bde-container-link-743-100-735-743-1 bde-container-link bde-container-link-743-100 breakdance-link\" href=\"https:\/\/www.kreiss.lv\/uz\/auto\/2021-krone-sdr-27-thermo-king-2021\/\" target=\"_self\" data-type=\"url\">\n  \n  \n\t\n\n\n\n<img decoding=\"async\" class=\"bde-image2-743-109-735-743-1 bde-image2 bde-image2-743-109\" src=\"https:\/\/www.kreiss.lv\/wp-content\/uploads\/2025\/11\/57c822f5-6a14-4a26-947f-ae61866a37ea.jpg\" loading=\"lazy\" srcset=\"https:\/\/www.kreiss.lv\/wp-content\/uploads\/2025\/11\/57c822f5-6a14-4a26-947f-ae61866a37ea.jpg 2048w, https:\/\/www.kreiss.lv\/wp-content\/uploads\/2025\/11\/57c822f5-6a14-4a26-947f-ae61866a37ea-300x225.jpg 300w, https:\/\/www.kreiss.lv\/wp-content\/uploads\/2025\/11\/57c822f5-6a14-4a26-947f-ae61866a37ea-1024x769.jpg 1024w, https:\/\/www.kreiss.lv\/wp-content\/uploads\/2025\/11\/57c822f5-6a14-4a26-947f-ae61866a37ea-768x576.jpg 768w, https:\/\/www.kreiss.lv\/wp-content\/uploads\/2025\/11\/57c822f5-6a14-4a26-947f-ae61866a37ea-1536x1153.jpg 1536w\" sizes=\"(max-width: 2048px) 100vw, 2048px\"><h5 class=\"bde-heading-743-110-735-743-1 bde-heading bde-heading-743-110\">\nKrone SDR 27 Thermo King (2021)\n<\/h5><div class=\"bde-div-743-113-735-743-1 bde-div bde-div-743-113\">\n  \n  \n\t\n\n\n\n<div class=\"bde-text-743-111-735-743-1 bde-text bde-text-743-111\">\nNarxi: 31 000 EUR\n<\/div><div class=\"bde-text-743-112-735-743-1 bde-text bde-text-743-112\">\n2021-05\n<\/div>\n<\/div>\n\n<\/a>    <\/article>\n<\/div>\r\n<\/div><div class=\"bde-div-712-172 bde-div\">\n  \n  \n\t\n\n\n\n<div class=\"bde-wpgbfacet-712-173 bde-wpgbfacet\"><div class=\"wpgb-facet wpgb-loading wpgb-facet-5 wpgb-style-1\" data-facet=\"5\" data-grid=\"wpgb-content\"><\/div><\/div>\n<\/div><\/div>\n<\/section><section class=\"bde-section-712-178 bde-section\">\n  \n  \n\t\n\n\n\n<div class=\"section-container\"><div class=\"bde-grid-712-179 bde-grid\">\n  \n  \n\t\n\n\n\n<div class=\"bde-div-712-180 bde-div\" data-entrance=\"slideLeft\">\n  \n  \n\t\n\n\n\n<img decoding=\"async\" class=\"bde-image2-712-181 bde-image2\" src=\"https:\/\/www.kreiss.lv\/wp-content\/uploads\/2025\/01\/D60_8026_0.jpg\" loading=\"lazy\" srcset=\"https:\/\/www.kreiss.lv\/wp-content\/uploads\/2025\/01\/D60_8026_0.jpg 1917w, https:\/\/www.kreiss.lv\/wp-content\/uploads\/2025\/01\/D60_8026_0-300x200.jpg 300w, https:\/\/www.kreiss.lv\/wp-content\/uploads\/2025\/01\/D60_8026_0-1024x684.jpg 1024w, https:\/\/www.kreiss.lv\/wp-content\/uploads\/2025\/01\/D60_8026_0-768x513.jpg 768w, https:\/\/www.kreiss.lv\/wp-content\/uploads\/2025\/01\/D60_8026_0-1536x1026.jpg 1536w\" sizes=\"(max-width: 1917px) 100vw, 1917px\">\n<\/div><div class=\"bde-div-712-182 bde-div\" data-entrance=\"slideRight\">\n  \n  \n\t\n\n\n\n<h2 class=\"bde-heading-712-183 bde-heading\">\nKreiss savdo mutaxassislari bilan bog'laning\n<\/h2><div class=\"bde-div-712-184 bde-div\">\n  \n  \n\t\n\n\n\n<div class=\"bde-text-712-185 bde-text\">\nMaksim Freiman\n<\/div><div class=\"bde-text-712-186 bde-text\">\nSavdo bo'limi boshlig'i\n<\/div><div class=\"bde-div-712-187 bde-div\">\n  \n  \n\t\n\n\n\n<div class=\"bde-div-712-188 bde-div\">\n  \n  \n\t\n\n\n\n<div class=\"bde-icon-712-189 bde-icon\">\n\n    \n            <div class=\"bde-icon-icon breakdance-icon-atom\" >\n    \n                    <svg xmlns=\"http:\/\/www.w3.org\/2000\/svg\" width=\"24\" height=\"24\" viewbox=\"0 0 24 24\" fill=\"none\">\r\n<path d=\"M21.97 18.33C21.97 18.69 21.89 19.06 21.72 19.42C21.55 19.78 21.33 20.12 21.04 20.44C20.55 20.98 20.01 21.37 19.4 21.62C18.8 21.87 18.15 22 17.45 22C16.43 22 15.34 21.76 14.19 21.27C13.04 20.78 11.89 20.12 10.75 19.29C9.6 18.45 8.51 17.52 7.47 16.49C6.44 15.45 5.51 14.36 4.68 13.22C3.86 12.08 3.2 10.94 2.72 9.81C2.24 8.67 2 7.58 2 6.54C2 5.86 2.12 5.21 2.36 4.61C2.6 4 2.98 3.44 3.51 2.94C4.15 2.31 4.85 2 5.59 2C5.87 2 6.15 2.06 6.4 2.18C6.66 2.3 6.89 2.48 7.07 2.74L9.39 6.01C9.57 6.26 9.7 6.49 9.79 6.71C9.88 6.92 9.93 7.13 9.93 7.32C9.93 7.56 9.86 7.8 9.72 8.03C9.59 8.26 9.4 8.5 9.16 8.74L8.4 9.53C8.29 9.64 8.24 9.77 8.24 9.93C8.24 10.01 8.25 10.08 8.27 10.16C8.3 10.24 8.33 10.3 8.35 10.36C8.53 10.69 8.84 11.12 9.28 11.64C9.73 12.16 10.21 12.69 10.73 13.22C11.27 13.75 11.79 14.24 12.32 14.69C12.84 15.13 13.27 15.43 13.61 15.61C13.66 15.63 13.72 15.66 13.79 15.69C13.87 15.72 13.95 15.73 14.04 15.73C14.21 15.73 14.34 15.67 14.45 15.56L15.21 14.81C15.46 14.56 15.7 14.37 15.93 14.25C16.16 14.11 16.39 14.04 16.64 14.04C16.83 14.04 17.03 14.08 17.25 14.17C17.47 14.26 17.7 14.39 17.95 14.56L21.26 16.91C21.52 17.09 21.7 17.3 21.81 17.55C21.91 17.8 21.97 18.05 21.97 18.33Z\" stroke=\"#DF2727\" stroke-width=\"1.5\" stroke-miterlimit=\"10\"\/>\r\n<path opacity=\"0.4\" d=\"M18.5 9C18.5 8.4 18.03 7.48 17.33 6.73C16.69 6.04 15.84 5.5 15 5.5\" stroke=\"#DF2727\" stroke-width=\"1.5\" stroke-linecap=\"round\" stroke-linejoin=\"round\"\/>\r\n<path opacity=\"0.4\" d=\"M22 9C22 5.13 18.87 2 15 2\" stroke=\"#DF2727\" stroke-width=\"1.5\" stroke-linecap=\"round\" stroke-linejoin=\"round\"\/>\r\n<\/svg>\n        \n        \n        \n            <\/div>\n    \n\n\n<\/div><a class=\"bde-text-link-712-190 bde-text-link breakdance-link\" href=\"tel:+37125400244\" target=\"_self\" data-type=\"url\">\n  (+371) 25400244\n\n<\/a>\n<\/div><div class=\"bde-div-712-191 bde-div\">\n  \n  \n\t\n\n\n\n<div class=\"bde-icon-712-192 bde-icon\">\n\n    \n            <div class=\"bde-icon-icon breakdance-icon-atom\" >\n    \n                    <svg xmlns=\"http:\/\/www.w3.org\/2000\/svg\" width=\"24\" height=\"24\" viewbox=\"0 0 24 24\" fill=\"none\">\r\n<path d=\"M17 20.5H7C4 20.5 2 19 2 15.5V8.5C2 5 4 3.5 7 3.5H17C20 3.5 22 5 22 8.5V15.5C22 19 20 20.5 17 20.5Z\" stroke=\"#DF2727\" stroke-width=\"1.5\" stroke-miterlimit=\"10\" stroke-linecap=\"round\" stroke-linejoin=\"round\"\/>\r\n<path opacity=\"0.4\" d=\"M17 9L13.87 11.5C12.84 12.32 11.15 12.32 10.12 11.5L7 9\" stroke=\"#DF2727\" stroke-width=\"1.5\" stroke-miterlimit=\"10\" stroke-linecap=\"round\" stroke-linejoin=\"round\"\/>\r\n<\/svg>\n        \n        \n        \n            <\/div>\n    \n\n\n<\/div><a class=\"bde-text-link-712-193 bde-text-link breakdance-link\" href=\"mailto:maksims.freimans@kreiss.lv\" target=\"_self\" data-type=\"url\">\n  maksims.freimans@kreiss.lv\n\n<\/a>\n<\/div>\n<\/div>\n<\/div><div class=\"bde-div-712-194 bde-div\">\n  \n  \n\t\n\n\n\n<div class=\"bde-text-712-195 bde-text\">\nOleg Andrianov\n<\/div><div class=\"bde-text-712-196 bde-text\">\nSavdo mutaxassisi\n<\/div><div class=\"bde-div-712-197 bde-div\">\n  \n  \n\t\n\n\n\n<div class=\"bde-div-712-198 bde-div\">\n  \n  \n\t\n\n\n\n<div class=\"bde-icon-712-199 bde-icon\">\n\n    \n            <div class=\"bde-icon-icon breakdance-icon-atom\" >\n    \n                    <svg xmlns=\"http:\/\/www.w3.org\/2000\/svg\" width=\"24\" height=\"24\" viewbox=\"0 0 24 24\" fill=\"none\">\r\n<path d=\"M21.97 18.33C21.97 18.69 21.89 19.06 21.72 19.42C21.55 19.78 21.33 20.12 21.04 20.44C20.55 20.98 20.01 21.37 19.4 21.62C18.8 21.87 18.15 22 17.45 22C16.43 22 15.34 21.76 14.19 21.27C13.04 20.78 11.89 20.12 10.75 19.29C9.6 18.45 8.51 17.52 7.47 16.49C6.44 15.45 5.51 14.36 4.68 13.22C3.86 12.08 3.2 10.94 2.72 9.81C2.24 8.67 2 7.58 2 6.54C2 5.86 2.12 5.21 2.36 4.61C2.6 4 2.98 3.44 3.51 2.94C4.15 2.31 4.85 2 5.59 2C5.87 2 6.15 2.06 6.4 2.18C6.66 2.3 6.89 2.48 7.07 2.74L9.39 6.01C9.57 6.26 9.7 6.49 9.79 6.71C9.88 6.92 9.93 7.13 9.93 7.32C9.93 7.56 9.86 7.8 9.72 8.03C9.59 8.26 9.4 8.5 9.16 8.74L8.4 9.53C8.29 9.64 8.24 9.77 8.24 9.93C8.24 10.01 8.25 10.08 8.27 10.16C8.3 10.24 8.33 10.3 8.35 10.36C8.53 10.69 8.84 11.12 9.28 11.64C9.73 12.16 10.21 12.69 10.73 13.22C11.27 13.75 11.79 14.24 12.32 14.69C12.84 15.13 13.27 15.43 13.61 15.61C13.66 15.63 13.72 15.66 13.79 15.69C13.87 15.72 13.95 15.73 14.04 15.73C14.21 15.73 14.34 15.67 14.45 15.56L15.21 14.81C15.46 14.56 15.7 14.37 15.93 14.25C16.16 14.11 16.39 14.04 16.64 14.04C16.83 14.04 17.03 14.08 17.25 14.17C17.47 14.26 17.7 14.39 17.95 14.56L21.26 16.91C21.52 17.09 21.7 17.3 21.81 17.55C21.91 17.8 21.97 18.05 21.97 18.33Z\" stroke=\"#DF2727\" stroke-width=\"1.5\" stroke-miterlimit=\"10\"\/>\r\n<path opacity=\"0.4\" d=\"M18.5 9C18.5 8.4 18.03 7.48 17.33 6.73C16.69 6.04 15.84 5.5 15 5.5\" stroke=\"#DF2727\" stroke-width=\"1.5\" stroke-linecap=\"round\" stroke-linejoin=\"round\"\/>\r\n<path opacity=\"0.4\" d=\"M22 9C22 5.13 18.87 2 15 2\" stroke=\"#DF2727\" stroke-width=\"1.5\" stroke-linecap=\"round\" stroke-linejoin=\"round\"\/>\r\n<\/svg>\n        \n        \n        \n            <\/div>\n    \n\n\n<\/div><a class=\"bde-text-link-712-200 bde-text-link breakdance-link\" href=\"tel:+37128803573\" target=\"_self\" data-type=\"url\">\n  (+371) 28803573\n\n<\/a>\n<\/div><div class=\"bde-div-712-201 bde-div\">\n  \n  \n\t\n\n\n\n<div class=\"bde-icon-712-202 bde-icon\">\n\n    \n            <div class=\"bde-icon-icon breakdance-icon-atom\" >\n    \n                    <svg xmlns=\"http:\/\/www.w3.org\/2000\/svg\" width=\"24\" height=\"24\" viewbox=\"0 0 24 24\" fill=\"none\">\r\n<path d=\"M17 20.5H7C4 20.5 2 19 2 15.5V8.5C2 5 4 3.5 7 3.5H17C20 3.5 22 5 22 8.5V15.5C22 19 20 20.5 17 20.5Z\" stroke=\"#DF2727\" stroke-width=\"1.5\" stroke-miterlimit=\"10\" stroke-linecap=\"round\" stroke-linejoin=\"round\"\/>\r\n<path opacity=\"0.4\" d=\"M17 9L13.87 11.5C12.84 12.32 11.15 12.32 10.12 11.5L7 9\" stroke=\"#DF2727\" stroke-width=\"1.5\" stroke-miterlimit=\"10\" stroke-linecap=\"round\" stroke-linejoin=\"round\"\/>\r\n<\/svg>\n        \n        \n        \n            <\/div>\n    \n\n\n<\/div><a class=\"bde-text-link-712-203 bde-text-link breakdance-link\" href=\"mailto:olegs.andrijanovs@kreiss.lv\" target=\"_self\" data-type=\"url\">\n  olegs.andrijanovs@kreiss.lv\n\n<\/a>\n<\/div>\n<\/div>\n<\/div>\n<\/div>\n<\/div><\/div>\n<\/section>","protected":false},"excerpt":{"rendered":"<p>Transportl\u012bdzek\u013cu noma un p\u0101rdo\u0161ana Krone SDR 27 Carrier Vector 1550 (2018) Cena: 17 000 (BEZ PVN) EUR 2018-05.gads Volvo FH 500 (2023) Cena: 89 000 EUR 2023-03.gads Volvo FH 500 (2022) Cena: 67 000 (BEZ PVN) EUR 2022-04.gads Volvo FH 500 (2021) Cena: 54 000 (BEZ PVN) EUR 2021-05.gads Volvo FH 500 I-save (2024) Cena: [&hellip;]<\/p>\n","protected":false},"author":1,"featured_media":0,"parent":0,"menu_order":0,"comment_status":"closed","ping_status":"closed","template":"","meta":{"_acf_changed":false,"_breakdance_hide_in_design_set":false,"_breakdance_tags":"","footnotes":""},"class_list":["post-712","page","type-page","status-publish","hentry"],"acf":[],"_links":{"self":[{"href":"https:\/\/www.kreiss.lv\/uz\/wp-json\/wp\/v2\/pages\/712","targetHints":{"allow":["GET"]}}],"collection":[{"href":"https:\/\/www.kreiss.lv\/uz\/wp-json\/wp\/v2\/pages"}],"about":[{"href":"https:\/\/www.kreiss.lv\/uz\/wp-json\/wp\/v2\/types\/page"}],"author":[{"embeddable":true,"href":"https:\/\/www.kreiss.lv\/uz\/wp-json\/wp\/v2\/users\/1"}],"replies":[{"embeddable":true,"href":"https:\/\/www.kreiss.lv\/uz\/wp-json\/wp\/v2\/comments?post=712"}],"version-history":[{"count":23,"href":"https:\/\/www.kreiss.lv\/uz\/wp-json\/wp\/v2\/pages\/712\/revisions"}],"predecessor-version":[{"id":1052,"href":"https:\/\/www.kreiss.lv\/uz\/wp-json\/wp\/v2\/pages\/712\/revisions\/1052"}],"wp:attachment":[{"href":"https:\/\/www.kreiss.lv\/uz\/wp-json\/wp\/v2\/media?parent=712"}],"curies":[{"name":"wp","href":"https:\/\/api.w.org\/{rel}","templated":true}]}}