{"id":531,"date":"2025-04-24T16:57:57","date_gmt":"2025-04-24T13:57:57","guid":{"rendered":"https:\/\/www.kreiss.lv\/?page_id=531"},"modified":"2025-06-30T09:17:00","modified_gmt":"2025-06-30T06:17:00","slug":"tax-book","status":"publish","type":"page","link":"https:\/\/www.kreiss.lv\/uz\/tax-book\/","title":{"rendered":"Tax book"},"content":{"rendered":"<section class=\"bde-section-531-100 bde-section\">\n  \n  \n\t\n\n\n\n<div class=\"section-container\"><img decoding=\"async\" class=\"bde-image2-531-101 bde-image2\" src=\"https:\/\/www.kreiss.lv\/wp-content\/uploads\/2025\/01\/logo.png\" loading=\"lazy\" sizes=\"(max-width: 234px) 100vw, 234px\"><h1 class=\"bde-heading-531-102 bde-heading\">\nTax book\n<\/h1><div class=\"bde-rich-text-531-111 bde-rich-text breakdance-rich-text-styles\">\n<p>Cien\u012bjamie vad\u012bt\u0101ji!<\/p>\n<p>Pazi\u0146ojam, ka katram uz\u0146\u0113muma darbiniekam ir iesp\u0113ja izv\u0113l\u0113ties vienu no div\u0101m nodok\u013cu gr\u0101mati\u0146as re\u0123istr\u0101cijas iesp\u0113j\u0101m:<\/p>\n<p style=\"padding-left: 40px;\"><strong>1. Variants: ievietot EDS sist\u0113m\u0101 nodok\u013cu gr\u0101mati\u0146u<\/strong> (apstiprinot, ka j\u016bsu nodok\u013cu gr\u0101mati\u0146a atrodas komp\u0101nij\u0101 SIA Kreiss). \u0160aj\u0101 gad\u012bjum\u0101, pie pilna darba m\u0113ne\u0161a, sa\u0146emsiet savu atrun\u0101to algu. <strong><u>Svar\u012bgi<\/u><\/strong><u>! <\/u><strong><u>EDS sist\u0113m\u0101 j\u0101izv\u0113las SIA Kreiss un j\u0101liek datums 01.APR.2025. Ja EDS sist\u0113ma nedod iesp\u0113ju izv\u0113l\u0113ties datumu 01.APR.25, tad nor\u0101diet pa\u0161reiz\u0113jo datumu.<\/u><\/strong><\/p>\n<p style=\"padding-left: 40px;\"><strong>2. Variants: NELIKT EDS sist\u0113m\u0101 nodok\u013cu gr\u0101mati\u0146u<\/strong>.<\/p>\n<p>Izv\u0113loties otro variantu, Jums apr\u0113\u0137in\u0101t\u0101 alga b\u016bs par 130 EUR neto maz\u0101ka. \u0160o summu var\u0113siet atg\u016bt patst\u0101v\u012bgi no valsts, iesniedzot gada ien\u0101kumu deklar\u0101ciju ar EDS sist\u0113mas starpniec\u012bbu. Deklar\u0101cija iesniedzama reizi gad\u0101, s\u0101kot ar n\u0101kam\u0101 gada 1. martu.<\/p>\n<p>Kopsavilkums:<\/p>\n<p><strong>Izv\u0113loties jebkuru no iesp\u0113j\u0101m, j\u016bsu ikm\u0113ne\u0161a nor\u0113\u0137inu apm\u0113rs pie pilna darba m\u0113ne\u0161a nemain\u012bsies. Bet pie otr\u0101 varianta j\u016bs sa\u0146emsiet nodok\u013ca atvieglojumu 130 EUR apm\u0113r\u0101 neto nevis uzreiz, bet tikai iesniedzot gada ien\u0101kumu deklar\u0101ciju.<\/strong><\/p>\n<p>Nepiecie\u0161am\u012bbas gad\u012bjum\u0101 person\u0101la da\u013ca sniegs jums pal\u012bdz\u012bbu darb\u0101 ar EDS sist\u0113mu (<a title=\"https:\/\/eds.vid.gov.lv\/login\/\" href=\"https:\/\/eds.vid.gov.lv\/login\/\" target=\"_blank\" rel=\"noreferrer noopener\">https:\/\/eds.vid.gov.lv\/login\/<\/a>) un nodok\u013cu gr\u0101mati\u0146as re\u0123istr\u0113\u0161an\u0101 SIA Kreiss. Konsult\u0101ciju J\u016bs varat sa\u0146emt person\u0101la da\u013c\u0101 B\u0113rzlapas 5, 208. -209. kabinet\u0101, vai pa t\u0101lruni +371 20000833<strong>.<\/strong>\u00a0<\/p>\n<p>VID EDS - Elektronisk\u0101s deklar\u0113\u0161anas sist\u0113ma<\/p>\n<\/div><div class=\"bde-fancy-divider-531-110 bde-fancy-divider\">\n\n\n<div class=\"bde-fancy-divider__wrapper\">\n  <div class=\"bde-fancy-divider__separator has-content\">\n  \t    \t    \t    \t\t\t    \t\t<div class=\"bde-fancy-divider__content bde-fancy-divider__content--icon\"><svg xmlns=\"http:\/\/www.w3.org\/2000\/svg\" viewbox=\"0 0 448 512\"><!--! Font Awesome Free 6.5.1 by @fontawesome - https:\/\/fontawesome.com License - https:\/\/fontawesome.com\/license\/free (Icons: CC BY 4.0, Fonts: SIL OFL 1.1, Code: MIT License) Copyright 2023 Fonticons, Inc. --><path d=\"M427.84 380.67l-196.5 97.82a18.6 18.6 0 0 1-14.67 0L20.16 380.67c-4-2-4-5.28 0-7.29L67.22 350a18.65 18.65 0 0 1 14.69 0l134.76 67a18.51 18.51 0 0 0 14.67 0l134.76-67a18.62 18.62 0 0 1 14.68 0l47.06 23.43c4.05 1.96 4.05 5.24 0 7.24zm0-136.53l-47.06-23.43a18.62 18.62 0 0 0-14.68 0l-134.76 67.08a18.68 18.68 0 0 1-14.67 0L81.91 220.71a18.65 18.65 0 0 0-14.69 0l-47.06 23.43c-4 2-4 5.29 0 7.31l196.51 97.8a18.6 18.6 0 0 0 14.67 0l196.5-97.8c4.05-2.02 4.05-5.3 0-7.31zM20.16 130.42l196.5 90.29a20.08 20.08 0 0 0 14.67 0l196.51-90.29c4-1.86 4-4.89 0-6.74L231.33 33.4a19.88 19.88 0 0 0-14.67 0l-196.5 90.28c-4.05 1.85-4.05 4.88 0 6.74z\"\/><\/svg><\/div>\n    \t                  <\/div>\n<\/div>\n\n<\/div><div class=\"bde-rich-text-531-103 bde-rich-text breakdance-rich-text-styles\">\n<p>Dear Drivers,<\/p>\n<p>We would like to inform you that every employee of the company has the opportunity to choose one of the two options for registering their tax book:<\/p>\n<ol>\n<li><strong>Option 1: Register your tax book in the EDS system<\/strong> (confirming that your tax book is assigned to the company SIA Kreiss). In this case if you work a full month you will receive your agreed salary. <strong><u>Important! In<\/u><\/strong><strong><u>side<\/u><\/strong><strong><u> EDS system it is necessary to select SIA Kreiss and specify the date 01.APR.2025. If the EDS system does\u2019t allow you to select the date 01.APR.25, please specify the current date.<\/u><\/strong><\/li>\n<li><strong>Option 2: Do NOT register your tax book in the EDS system<\/strong>. If you choose this option, your monthly salary will be EUR 130 net less. However, you can reclaim this amount yourself from the state by submitting an annual income declaration via the EDS system. The declaration is submitted once a year, starting from March 1st of the following year.<\/li>\n<\/ol>\n<p>Summary:<\/p>\n<p><strong>Regardless of the option you choose, your total monthly payment for a full working month will remain unchanged. However, with the second option, the EUR 130 net tax relief will be received later - only after submitting your annual income declaration.<\/strong><\/p>\n<p>If needed, the HR department will assist you with using the EDS system (<a href=\"https:\/\/eds.vid.gov.lv\/login\/\">https:\/\/eds.vid.gov.lv\/login\/<\/a>) and registering your tax book with SIA Kreiss.<br \/>For assistance you can contact the HR department on the 2nd floor of \u00a0Berzlapas 5, room 208-209 or call +371 20000833.<\/p>\n<\/div><div class=\"bde-fancy-divider-531-104 bde-fancy-divider\">\n\n\n<div class=\"bde-fancy-divider__wrapper\">\n  <div class=\"bde-fancy-divider__separator has-content\">\n  \t    \t    \t    \t\t\t    \t\t<div class=\"bde-fancy-divider__content bde-fancy-divider__content--icon\"><svg xmlns=\"http:\/\/www.w3.org\/2000\/svg\" viewbox=\"0 0 448 512\"><!--! Font Awesome Free 6.5.1 by @fontawesome - https:\/\/fontawesome.com License - https:\/\/fontawesome.com\/license\/free (Icons: CC BY 4.0, Fonts: SIL OFL 1.1, Code: MIT License) Copyright 2023 Fonticons, Inc. --><path d=\"M427.84 380.67l-196.5 97.82a18.6 18.6 0 0 1-14.67 0L20.16 380.67c-4-2-4-5.28 0-7.29L67.22 350a18.65 18.65 0 0 1 14.69 0l134.76 67a18.51 18.51 0 0 0 14.67 0l134.76-67a18.62 18.62 0 0 1 14.68 0l47.06 23.43c4.05 1.96 4.05 5.24 0 7.24zm0-136.53l-47.06-23.43a18.62 18.62 0 0 0-14.68 0l-134.76 67.08a18.68 18.68 0 0 1-14.67 0L81.91 220.71a18.65 18.65 0 0 0-14.69 0l-47.06 23.43c-4 2-4 5.29 0 7.31l196.51 97.8a18.6 18.6 0 0 0 14.67 0l196.5-97.8c4.05-2.02 4.05-5.3 0-7.31zM20.16 130.42l196.5 90.29a20.08 20.08 0 0 0 14.67 0l196.51-90.29c4-1.86 4-4.89 0-6.74L231.33 33.4a19.88 19.88 0 0 0-14.67 0l-196.5 90.28c-4.05 1.85-4.05 4.88 0 6.74z\"\/><\/svg><\/div>\n    \t                  <\/div>\n<\/div>\n\n<\/div><div class=\"bde-rich-text-531-107 bde-rich-text breakdance-rich-text-styles\">\n<p>\u0423\u0432\u0430\u0436\u0430\u0435\u043c\u044b\u0435 \u0432\u043e\u0434\u0438\u0442\u0435\u043b\u0438!<\/p>\n<p>\u0423\u0432\u0435\u0434\u043e\u043c\u043b\u044f\u0435\u043c \u0432\u0430\u0441 \u043e \u0442\u043e\u043c, \u0447\u0442\u043e \u043a\u0430\u0436\u0434\u043e\u043c\u0443 \u0441\u043e\u0442\u0440\u0443\u0434\u043d\u0438\u043a\u0443 \u043a\u043e\u043c\u043f\u0430\u043d\u0438\u0438 \u043f\u0440\u0435\u0434\u043e\u0441\u0442\u0430\u0432\u043b\u044f\u0435\u0442\u0441\u044f \u0432\u043e\u0437\u043c\u043e\u0436\u043d\u043e\u0441\u0442\u044c \u0432\u044b\u0431\u0440\u0430\u0442\u044c \u043e\u0434\u0438\u043d \u0438\u0437 \u0434\u0432\u0443\u0445 \u0432\u0430\u0440\u0438\u0430\u043d\u0442\u043e\u0432 \u0440\u0435\u0433\u0438\u0441\u0442\u0440\u0430\u0446\u0438\u0438 \u043d\u0430\u043b\u043e\u0433\u043e\u0432\u043e\u0439 \u043a\u043d\u0438\u0436\u043a\u0438:<\/p>\n<ol>\n<li><strong>\u0412\u0430\u0440\u0438\u0430\u043d\u0442 1: <\/strong><strong>\u041f\u043e\u0441\u0442\u0430\u0432\u0438\u0442\u044c \u0432 \u0441\u0438\u0441\u0442\u0435\u043c\u0435 EDS \u043d\u0430\u043b\u043e\u0433\u043e\u0432\u0443\u044e \u043a\u043d\u0438\u0436\u043a\u0443<\/strong> (\u043f\u043e\u0434\u0442\u0432\u0435\u0440\u0436\u0434\u0430\u044f, \u0447\u0442\u043e \u0432\u0430\u0448\u0430 \u043d\u0430\u043b\u043e\u0433\u043e\u0432\u0430\u044f \u043a\u043d\u0438\u0436\u043a\u0430 \u043d\u0430\u0445\u043e\u0434\u0438\u0442\u0441\u044f \u0432 \u043a\u043e\u043c\u043f\u0430\u043d\u0438\u0438 SIA Kreiss). \u0412 \u044d\u0442\u043e\u043c \u0441\u043b\u0443\u0447\u0430\u0435, \u043f\u0440\u0438 \u043f\u043e\u043b\u043d\u043e\u043c \u0440\u0430\u0431\u043e\u0447\u0435\u043c \u043c\u0435\u0441\u044f\u0446\u0435, \u0432\u044b \u0431\u0443\u0434\u0435\u0442\u0435 \u043f\u043e\u043b\u0443\u0447\u0430\u0442\u044c \u0441\u0432\u043e\u044e \u043e\u0433\u043e\u0432\u043e\u0440\u0435\u043d\u043d\u0443\u044e \u0437\u0430\u0440\u043f\u043b\u0430\u0442\u0443. <strong><u>\u0412\u0430\u0436\u043d\u043e<\/u><\/strong><u>!<\/u> <strong><u>\u0412 \u0441\u0438\u0441\u0442\u0435\u043c\u0435 EDS <\/u><\/strong><strong><u>\u043d\u0435\u043e\u0431\u0445\u043e\u0434\u0438\u043c\u043e <\/u><\/strong><strong><u>\u0432\u044b\u0431\u0440\u0430\u0442\u044c SIA K<\/u><\/strong><strong><u>reiss<\/u><\/strong><strong><u> \u0438 <\/u><\/strong><strong><u>\u043f\u043e\u0441\u0442\u0430\u0432\u0438\u0442\u044c \u0434\u0430\u0442\u0443 01.<\/u><\/strong><strong><u>APR<\/u><\/strong><strong><u>.2025.\u00a0 <\/u><\/strong><strong><u>\u0415<\/u><\/strong><strong><u>\u0441\u043b\u0438 <\/u><\/strong><strong><u>\u0441\u0438\u0441\u0442\u0435\u043c\u0430 <\/u><\/strong><strong><u>EDS<\/u><\/strong> <strong><u>\u043d\u0435 <\/u><\/strong><strong><u>\u0434\u0430\u0435\u0442 \u0432\u043e\u0437\u043c\u043e\u0436\u043d\u043e\u0441\u0442\u0438 \u0432\u044b\u0431\u0440\u0430\u0442\u044c \u0434\u0430\u0442\u0443 <\/u><\/strong><strong><u>APR.25, <\/u><\/strong><strong><u>\u0442\u043e \u0443\u043a\u0430\u0437\u044b\u0432\u0430\u0435\u0442\u0435 \u0442\u0435\u043a\u0443\u0449\u0443\u044e \u0434\u0430\u0442\u0443.<\/u><\/strong><\/li>\n<li><strong>\u0412\u0430\u0440\u0438\u0430\u043d\u0442 2: <\/strong><strong>\u041d\u0415\u00a0\u0441\u0442\u0430\u0432\u0438\u0442\u044c \u0432 \u0441\u0438\u0441\u0442\u0435\u043c\u0435 EDS \u043d\u0430\u043b\u043e\u0433\u043e\u0432\u0443\u044e \u043a\u043d\u0438\u0436\u043a\u0443<\/strong><\/li>\n<\/ol>\n<p>\u0412\u044b\u0431\u0440\u0430\u0432 \u0432\u0442\u043e\u0440\u043e\u0439 \u0432\u0430\u0440\u0438\u0430\u043d\u0442, \u0437\u0430\u0440\u043f\u043b\u0430\u0442\u0430, \u043d\u0430\u0447\u0438\u0441\u043b\u044f\u0435\u043c\u0430\u044f \u0412\u0430\u043c, \u0431\u0443\u0434\u0435\u0442 \u043d\u0430 130 EUR \u043d\u0435\u0442\u0442\u043e \u00a0\u00a0\u00a0\u043c\u0435\u043d\u044c\u0448\u0435.\u00a0\u00a0\u042d\u0442\u0443 \u0441\u0443\u043c\u043c\u0443 \u0432\u044b\u00a0\u0441\u043c\u043e\u0436\u0435\u0442\u0435 \u0432\u0435\u0440\u043d\u0443\u0442\u044c\u00a0\u0441\u0430\u043c\u043e\u0441\u0442\u043e\u044f\u0442\u0435\u043b\u044c\u043d\u043e \u043e\u0442 \u0433\u043e\u0441\u0443\u0434\u0430\u0440\u0441\u0442\u0432\u0430, \u043f\u043e\u0434\u0430\u0432 \u0433\u043e\u0434\u043e\u0432\u0443\u044e \u0434\u0435\u043a\u043b\u0430\u0440\u0430\u0446\u0438\u044e \u043e \u0434\u043e\u0445\u043e\u0434\u0430\u0445 \u0447\u0435\u0440\u0435\u0437 \u0441\u0438\u0441\u0442\u0435\u043c\u0443 EDS. \u0414\u0435\u043a\u043b\u0430\u0440\u0430\u0446\u0438\u044f \u043f\u043e\u0434\u0430\u0451\u0442\u0441\u044f \u043e\u0434\u0438\u043d \u0440\u0430\u0437 \u0432 \u0433\u043e\u0434, \u043d\u0430\u0447\u0438\u043d\u0430\u044f \u0441 1 \u043c\u0430\u0440\u0442\u0430 \u0441\u043b\u0435\u0434\u0443\u044e\u0449\u0435\u0433\u043e \u0433\u043e\u0434\u0430.<\/p>\n<p>\u0418\u0442\u043e\u0433:<\/p>\n<p><strong>\u0412\u044b\u0431\u0438\u0440\u0430\u044f \u043b\u044e\u0431\u043e\u0439 \u0438\u0437 \u0432\u0430\u0440\u0438\u0430\u043d\u0442\u043e\u0432, \u0440\u0430\u0437\u043c\u0435\u0440 \u0432\u0430\u0448\u0435\u0433\u043e \u0435\u0436\u0435\u043c\u0435\u0441\u044f\u0447\u043d\u043e\u0433\u043e \u0440\u0430\u0441\u0447\u0451\u0442\u0430 \u043f\u0440\u0438 \u043f\u043e\u043b\u043d\u043e\u043c \u0440\u0430\u0431\u043e\u0447\u0435\u043c \u043c\u0435\u0441\u044f\u0446\u0435 \u043d\u0435 \u0438\u0437\u043c\u0435\u043d\u0438\u0442\u0441\u044f. \u041d\u043e \u043f\u0440\u0438 \u0432\u0442\u043e\u0440\u043e\u043c \u0432\u0430\u0440\u0438\u0430\u043d\u0442\u0435 \u0432\u044b \u043f\u043e\u043b\u0443\u0447\u0438\u0442\u0435 \u043b\u044c\u0433\u043e\u0442\u0443 \u043f\u043e \u043d\u0430\u043b\u043e\u0433\u0443 \u0432 <\/strong><strong>\u0440\u0430\u0437\u043c\u0435\u0440\u0435 <\/strong><strong>130 EUR \u043d\u0435\u0442\u0442\u043e \u043d\u0435 \u0441\u0440\u0430\u0437\u0443, \u0430 \u0442\u043e\u043b\u044c\u043a\u043e \u043f\u0440\u0438 <\/strong><strong>\u043f\u043e\u0434\u0430\u0447\u0435<\/strong><strong> \u0433\u043e\u0434\u043e\u0432\u043e\u0439 \u0434\u0435\u043a\u043b\u0430\u0440\u0430\u0446\u0438\u0438 \u043e \u0434\u043e\u0445\u043e\u0434\u0430\u0445.<\/strong><\/p>\n<p>\u0412 \u0441\u043b\u0443\u0447\u0430\u0435 \u043d\u0435\u043e\u0431\u0445\u043e\u0434\u0438\u043c\u043e\u0441\u0442\u0438 \u043e\u0442\u0434\u0435\u043b \u043a\u0430\u0434\u0440\u043e\u0432 \u043e\u043a\u0430\u0436\u0435\u0442 \u0432\u0430\u043c \u043f\u043e\u043c\u043e\u0449\u044c \u0432 \u0440\u0430\u0431\u043e\u0442\u0435 \u0441 \u0441\u0438\u0441\u0442\u0435\u043c\u043e\u0439 EDS\u00a0(<a href=\"https:\/\/eds.vid.gov.lv\/login\/\">https:\/\/eds.vid.gov.lv\/login\/<\/a>) \u00a0\u0438 \u0440\u0435\u0433\u0438\u0441\u0442\u0440\u0430\u0446\u0438\u0438 \u043d\u0430\u043b\u043e\u0433\u043e\u0432\u043e\u0439 \u043a\u043d\u0438\u0436\u043a\u0438 \u0432 SIA Kreiss. \u0417\u0430 \u043a\u043e\u043d\u0441\u0443\u043b\u044c\u0442\u0430\u0446\u0438\u0435\u0439 \u0432\u044b \u043c\u043e\u0436\u0435\u0442\u0435 \u043e\u0431\u0440\u0430\u0442\u0438\u0442\u044c\u0441\u044f \u0432 \u043e\u0442\u0434\u0435\u043b \u043a\u0430\u0434\u0440\u043e\u0432 \u043d\u0430 2-\u043e\u043c \u044d\u0442\u0430\u0436\u0435 Berzlapas 5, \u043a\u0430\u0431\u0438\u043d\u0435\u0442 208-209, \u0438\u043b\u0438 \u043f\u043e \u0442\u0435\u043b\u0435\u0444\u043e\u043d\u0443 +371 20000833<strong>.<\/strong><\/p>\n<\/div><div class=\"bde-fancy-divider-531-109 bde-fancy-divider\">\n\n\n<div class=\"bde-fancy-divider__wrapper\">\n  <div class=\"bde-fancy-divider__separator has-content\">\n  \t    \t    \t    \t\t\t    \t\t<div class=\"bde-fancy-divider__content bde-fancy-divider__content--icon\"><svg xmlns=\"http:\/\/www.w3.org\/2000\/svg\" viewbox=\"0 0 448 512\"><!--! Font Awesome Free 6.5.1 by @fontawesome - https:\/\/fontawesome.com License - https:\/\/fontawesome.com\/license\/free (Icons: CC BY 4.0, Fonts: SIL OFL 1.1, Code: MIT License) Copyright 2023 Fonticons, Inc. --><path d=\"M427.84 380.67l-196.5 97.82a18.6 18.6 0 0 1-14.67 0L20.16 380.67c-4-2-4-5.28 0-7.29L67.22 350a18.65 18.65 0 0 1 14.69 0l134.76 67a18.51 18.51 0 0 0 14.67 0l134.76-67a18.62 18.62 0 0 1 14.68 0l47.06 23.43c4.05 1.96 4.05 5.24 0 7.24zm0-136.53l-47.06-23.43a18.62 18.62 0 0 0-14.68 0l-134.76 67.08a18.68 18.68 0 0 1-14.67 0L81.91 220.71a18.65 18.65 0 0 0-14.69 0l-47.06 23.43c-4 2-4 5.29 0 7.31l196.51 97.8a18.6 18.6 0 0 0 14.67 0l196.5-97.8c4.05-2.02 4.05-5.3 0-7.31zM20.16 130.42l196.5 90.29a20.08 20.08 0 0 0 14.67 0l196.51-90.29c4-1.86 4-4.89 0-6.74L231.33 33.4a19.88 19.88 0 0 0-14.67 0l-196.5 90.28c-4.05 1.85-4.05 4.88 0 6.74z\"\/><\/svg><\/div>\n    \t                  <\/div>\n<\/div>\n\n<\/div><div class=\"bde-rich-text-531-105 bde-rich-text breakdance-rich-text-styles\">\n<p>Hurmatli haydovchilar!<br \/><br \/>Sizga shuni ma\u2019lum qilamizki, Bu yildan boshlab kompaniyaning har bir hodimi o\u2019z soliq kitobchasini ro\u2019yxatdan o\u2019tkazishi mumkin. Kompaniya ro\u2019yhatdan o\u2019tayotganingizda sizga ikkita tanlov taqdim eta oldi.<br \/><br \/>1. variant. <strong>Soliq kitobingizni EDS tizimiga kiriting<\/strong> ( kiritganingizdan so\u2019ng siz Soliq kitobingizni SIA Kreiss kompaniyasida ekanligini tasdiqlagan bo\u2019lasiz.). Yuqoridagi ko\u2019rsatmani bajarganingzdan so\u2019ng siz kelishilgan miqdordagi oylik ish haqqingizni to\u2019liq qabul qilib olasiz. <strong><br \/><u>Etiborli bo\u2019ling!\u00a0 EDS Tizimga kirganingizdan so\u2019ng katakcha ichida 1- aprel sanasini va SIA Kreissni belgilang, agar buning iloji bo'lmasa, joriy sanani kiriting.<\/u><\/strong><br \/><br \/>2. variant. <strong>Hohlasangiz EDS tizimiga soliq kitobchangizni kiritmasligingiz mumkin<\/strong>, lekin ikkinchi tanlovni qabul qilsangiz, kelishilgan oylik ish haqqingizdan soliq uchun 130 EVRO ushlab qolinadi. Bu summa miqdorini esa\u00a0 EDS tizimida yillik daromad solig\u02bbi deklaratsiyasini topshirish orqali davlatdan o\u02bbzingiz qaytarib olishingiz mumkin. Deklaratsiyaga topshirish yiliga bir marotaba bo\u2019ladi, har yilning 1 - Mart sanasidan boshlab.<br \/><br \/>Shunday qilib: Siz ikkila variantlardan hohlaganingizni tanlagan taqdiringizdaham sizning kelishligan ish haqqi miqdoringiz o\u2019zgarmaydi. Ammo 2 variantni tanlasangiz 130 evro miqdorida bo\u2019lgan soliq imtiyozini darhol ololmaysiz, bu summani faqat yilda bir marotaba deklaratsiyaga topshirish orqali olinadi.\u00a0\u00a0<br \/><br \/>Agar sizga EDS (<a href=\"https:\/\/eds.vid.gov.lv\/login\/)\">https:\/\/eds.vid.gov.lv\/login\/)<\/a>\u00a0tizimi haqida ma\u2019lumot, tizimning qanday ishlashi haqida yordam kerak bo\u2019lsa va tizimga Soliq kitobchangizni SIA Kreissda ekanligini tasdiqlamoqchi bo\u2019lsangiz kadirlar bo\u2019limiga murojat qilishingiz mumkin.<\/p>\n<p>Maslahat uchun Berzlapas 5, 2-qavatidagi kadrlar bo'limi 208-209 hona yoki +371 20000833 telefon orqali murojaat qilishingiz mumkin.<\/p>\n<\/div><\/div>\n<\/section>","protected":false},"excerpt":{"rendered":"<p>Tax book Cien\u012bjamie vad\u012bt\u0101ji! Pazi\u0146ojam, ka katram uz\u0146\u0113muma darbiniekam ir iesp\u0113ja izv\u0113l\u0113ties vienu no div\u0101m nodok\u013cu gr\u0101mati\u0146as re\u0123istr\u0101cijas iesp\u0113j\u0101m: 1. Variants: ievietot EDS sist\u0113m\u0101 nodok\u013cu gr\u0101mati\u0146u (apstiprinot, ka j\u016bsu nodok\u013cu gr\u0101mati\u0146a atrodas komp\u0101nij\u0101 SIA Kreiss). \u0160aj\u0101 gad\u012bjum\u0101, pie pilna darba m\u0113ne\u0161a, sa\u0146emsiet savu atrun\u0101to algu. Svar\u012bgi! EDS sist\u0113m\u0101 j\u0101izv\u0113las SIA Kreiss un j\u0101liek datums 01.APR.2025. [&hellip;]<\/p>\n","protected":false},"author":1,"featured_media":0,"parent":0,"menu_order":0,"comment_status":"closed","ping_status":"closed","template":"","meta":{"_acf_changed":false,"_breakdance_hide_in_design_set":false,"_breakdance_tags":"","footnotes":""},"class_list":["post-531","page","type-page","status-publish","hentry"],"acf":[],"_links":{"self":[{"href":"https:\/\/www.kreiss.lv\/uz\/wp-json\/wp\/v2\/pages\/531","targetHints":{"allow":["GET"]}}],"collection":[{"href":"https:\/\/www.kreiss.lv\/uz\/wp-json\/wp\/v2\/pages"}],"about":[{"href":"https:\/\/www.kreiss.lv\/uz\/wp-json\/wp\/v2\/types\/page"}],"author":[{"embeddable":true,"href":"https:\/\/www.kreiss.lv\/uz\/wp-json\/wp\/v2\/users\/1"}],"replies":[{"embeddable":true,"href":"https:\/\/www.kreiss.lv\/uz\/wp-json\/wp\/v2\/comments?post=531"}],"version-history":[{"count":6,"href":"https:\/\/www.kreiss.lv\/uz\/wp-json\/wp\/v2\/pages\/531\/revisions"}],"predecessor-version":[{"id":547,"href":"https:\/\/www.kreiss.lv\/uz\/wp-json\/wp\/v2\/pages\/531\/revisions\/547"}],"wp:attachment":[{"href":"https:\/\/www.kreiss.lv\/uz\/wp-json\/wp\/v2\/media?parent=531"}],"curies":[{"name":"wp","href":"https:\/\/api.w.org\/{rel}","templated":true}]}}