{"id":39,"date":"2025-01-08T15:01:49","date_gmt":"2025-01-08T13:01:49","guid":{"rendered":"https:\/\/www.kreiss.lv\/?page_id=39"},"modified":"2026-03-09T12:21:39","modified_gmt":"2026-03-09T10:21:39","slug":"kontakti","status":"publish","type":"page","link":"https:\/\/www.kreiss.lv\/uz\/kontakti\/","title":{"rendered":"Aloqa ma'lumotlari \/ Tafsilotlar"},"content":{"rendered":"<section class=\"bde-section-39-100 bde-section\">\n  \n  \n\t\n\n\n\n<div class=\"section-container\"><h1 class=\"bde-heading-39-101 bde-heading\">\nAloqa ma'lumotlari \/ Tafsilotlar\n<\/h1><div class=\"bde-grid-39-103 bde-grid\">\n  \n  \n\t\n\n\n\n<div class=\"bde-div-39-104 bde-div\">\n  \n  \n\t\n\n\n\n<h5 class=\"bde-heading-39-106 bde-heading\">\nKreiss Office MChJ\n<\/h5><div class=\"bde-div-39-107 bde-div\">\n  \n  \n\t\n\n\n\n<div class=\"bde-div-39-108 bde-div\">\n  \n  \n\t\n\n\n\n<div class=\"bde-text-39-110 bde-text\">\nTel.:\n<\/div>\n<\/div><div class=\"bde-div-39-109 bde-div\">\n  \n  \n\t\n\n\n\n<a class=\"bde-text-link-39-111 bde-text-link breakdance-link\" href=\"tel:+37167409300\" target=\"_self\" data-type=\"url\">\n  +371 67 409 300\n\n<\/a>\n<\/div>\n<\/div><div class=\"bde-div-39-112 bde-div\">\n  \n  \n\t\n\n\n\n<div class=\"bde-div-39-113 bde-div\">\n  \n  \n\t\n\n\n\n<div class=\"bde-text-39-114 bde-text\">\nFaks:\n<\/div>\n<\/div><div class=\"bde-div-39-115 bde-div\">\n  \n  \n\t\n\n\n\n<a class=\"bde-text-link-39-116 bde-text-link breakdance-link\" href=\"https:\/\/breakdance.com\/\" target=\"_self\" data-type=\"url\">\n  +371 67 409 301\n\n<\/a>\n<\/div>\n<\/div><div class=\"bde-div-39-117 bde-div\">\n  \n  \n\t\n\n\n\n<div class=\"bde-div-39-118 bde-div\">\n  \n  \n\t\n\n\n\n<div class=\"bde-text-39-119 bde-text\">\nElektron pochta:\n<\/div>\n<\/div><div class=\"bde-div-39-120 bde-div\">\n  \n  \n\t\n\n\n\n<a class=\"bde-text-link-39-121 bde-text-link breakdance-link\" href=\"mailto:info@kreiss.lv\" target=\"_self\" data-type=\"url\">\n  info@kreiss.lv\n\n<\/a>\n<\/div>\n<\/div>\n<\/div><div class=\"bde-div-39-122 bde-div\">\n  \n  \n\t\n\n\n\n<h5 class=\"bde-heading-39-123 bde-heading\">\nTalab etiladigan narsalar\n<\/h5><div class=\"bde-text-39-266 bde-text\">\nKreiss Ltd.\u201c<br>Ro'yxatga olish raqami 40103116320<br>QQS ro'yxatga olish raqami LV40103116320<br>\"B\u0113rzlapas 5\", M\u0101rupe, M\u0101rupe tumani, LV-2167<br><br>Bank: Citadele Bank AS<br>PARXLV22 | Hisob: LV38 PARX 0000 0215 4000 2 (EUR)\n<\/div>\n<\/div>\n<\/div><div class=\"bde-fancy-divider-39-193 bde-fancy-divider\">\n\n\n<div class=\"bde-fancy-divider__wrapper\">\n  <div class=\"bde-fancy-divider__separator\">\n  \t  <\/div>\n<\/div>\n\n<\/div><div class=\"bde-grid-39-229 bde-grid\">\n  \n  \n\t\n\n\n\n<div class=\"bde-div-39-247 bde-div\">\n  \n  \n\t\n\n\n\n<h5 class=\"bde-heading-39-248 bde-heading\">\nHaydovchilar uchun ish\n<\/h5><div class=\"bde-div-39-249 bde-div\">\n  \n  \n\t\n\n\n\n<div class=\"bde-div-39-250 bde-div\">\n  \n  \n\t\n\n\n\n<div class=\"bde-text-39-251 bde-text\">\nTel.:\n<\/div>\n<\/div><div class=\"bde-div-39-252 bde-div\">\n  \n  \n\t\n\n\n\n<a class=\"bde-text-link-39-253 bde-text-link breakdance-link\" href=\"tel:+37122326536\" target=\"_self\" data-type=\"url\">\n  +371 22 326 536\n\n<\/a>\n<\/div>\n<\/div><div class=\"bde-div-39-254 bde-div\">\n  \n  \n\t\n\n\n\n<div class=\"bde-div-39-255 bde-div\">\n  \n  \n\t\n\n\n\n<div class=\"bde-text-39-256 bde-text\">\nElektron pochta:\n<\/div>\n<\/div><div class=\"bde-div-39-257 bde-div\">\n  \n  \n\t\n\n\n\n<a class=\"bde-text-link-39-258 bde-text-link breakdance-link\" href=\"mailto:work@kreiss.lv\" target=\"_self\" data-type=\"url\">\n  work@kreiss.lv\n\n<\/a>\n<\/div>\n<\/div>\n<\/div><div class=\"bde-div-39-297 bde-div\">\n  \n  \n\t\n\n\n\n<h5 class=\"bde-heading-39-298 bde-heading\">\nNarxni so'rash\n<\/h5><div class=\"bde-div-39-304 bde-div\">\n  \n  \n\t\n\n\n\n<div class=\"bde-div-39-305 bde-div\">\n  \n  \n\t\n\n\n\n<div class=\"bde-text-39-306 bde-text\">\nElektron pochta:\n<\/div>\n<\/div><div class=\"bde-div-39-307 bde-div\">\n  \n  \n\t\n\n\n\n<a class=\"bde-text-link-39-308 bde-text-link breakdance-link\" href=\"mailto:sales@kreiss.lv\" target=\"_self\" data-type=\"url\">\n  sales@kreiss.lv\n\n<\/a>\n<\/div>\n<\/div>\n<\/div>\n<\/div><div class=\"bde-fancy-divider-39-228 bde-fancy-divider\">\n\n\n<div class=\"bde-fancy-divider__wrapper\">\n  <div class=\"bde-fancy-divider__separator\">\n  \t  <\/div>\n<\/div>\n\n<\/div><div class=\"bde-grid-39-156 bde-grid\">\n  \n  \n\t\n\n\n\n<div class=\"bde-div-39-157 bde-div\">\n  \n  \n\t\n\n\n\n<h5 class=\"bde-heading-39-158 bde-heading\">\nAvtomobil ijarasi va savdosi\n<\/h5><div class=\"bde-div-39-276 bde-div\">\n  \n  \n\t\n\n\n\n<div class=\"bde-div-39-277 bde-div\">\n  \n  \n\t\n\n\n\n<div class=\"bde-text-39-278 bde-text\">\nTel.:\n<\/div>\n<\/div><div class=\"bde-div-39-279 bde-div\">\n  \n  \n\t\n\n\n\n<a class=\"bde-text-link-39-280 bde-text-link breakdance-link\" href=\"tel:+37125714977\" target=\"_self\" data-type=\"url\">\n  +371 25 400 244\n\n<\/a>\n<\/div>\n<\/div><div class=\"bde-div-39-291 bde-div\">\n  \n  \n\t\n\n\n\n<div class=\"bde-div-39-292 bde-div\">\n  \n  \n\t\n\n\n\n<div class=\"bde-text-39-293 bde-text\">\nTel.:\n<\/div>\n<\/div><div class=\"bde-div-39-294 bde-div\">\n  \n  \n\t\n\n\n\n<a class=\"bde-text-link-39-295 bde-text-link breakdance-link\" href=\"tel:+37128803573\" target=\"_self\" data-type=\"url\">\n  (+371) 28 803 573\n\n<\/a>\n<\/div>\n<\/div><div class=\"bde-div-39-281 bde-div\">\n  \n  \n\t\n\n\n\n<div class=\"bde-div-39-282 bde-div\">\n  \n  \n\t\n\n\n\n<div class=\"bde-text-39-283 bde-text\">\nElektron pochta:\n<\/div>\n<\/div><div class=\"bde-div-39-284 bde-div\">\n  \n  \n\t\n\n\n\n<a class=\"bde-text-link-39-285 bde-text-link breakdance-link\" href=\"mailto:trucks@kreiss.lv\" target=\"_self\" data-type=\"url\">\n  trucks@kreiss.lv\n\n<\/a>\n<\/div>\n<\/div>\n<\/div><div class=\"bde-div-39-211 bde-div\">\n  \n  \n\t\n\n\n\n<h5 class=\"bde-heading-39-212 bde-heading\">\nUskunalarni lizingga olish\n<\/h5><div class=\"bde-div-39-218 bde-div\">\n  \n  \n\t\n\n\n\n<div class=\"bde-div-39-219 bde-div\">\n  \n  \n\t\n\n\n\n<div class=\"bde-text-39-220 bde-text\">\nElektron pochta:\n<\/div>\n<\/div><div class=\"bde-div-39-221 bde-div\">\n  \n  \n\t\n\n\n\n<a class=\"bde-text-link-39-296 bde-text-link breakdance-link\" href=\"mailto:lizings@kreiss.lv\" target=\"_self\" data-type=\"url\">\n  lizings@kreiss.lv\n\n<\/a>\n<\/div>\n<\/div>\n<\/div>\n<\/div><\/div>\n<\/section>","protected":false},"excerpt":{"rendered":"<p>Kontakti \/ Rekviz\u012bti SIA Kreiss birojs T\u0101lr.: +371 67 409 300 Fakss: +371 67 409 301 E-pasts: info@kreiss.lv Rekviz\u012bti SIA \u201cKreiss\u201dRe\u0123. Nr. 40103116320PVN re\u0123. Nr. LV40103116320&#8243;B\u0113rzlapas 5&#8243;, M\u0101rupe, M\u0101rupes nov.,\u00a0LV-2167Banka: Citadele Banka ASPARXLV22 | Konts: LV38 PARX 0000 0215 4000 2 (EUR) Darbs autovad\u012bt\u0101jiem T\u0101lr.: +371 22 326 536 E-pasts: work@kreiss.lv Cenas piepras\u012bjums E-pasts: sales@kreiss.lv [&hellip;]<\/p>\n","protected":false},"author":1,"featured_media":0,"parent":0,"menu_order":0,"comment_status":"closed","ping_status":"closed","template":"","meta":{"_acf_changed":false,"_breakdance_hide_in_design_set":false,"_breakdance_tags":"","footnotes":""},"class_list":["post-39","page","type-page","status-publish","hentry"],"acf":[],"_links":{"self":[{"href":"https:\/\/www.kreiss.lv\/uz\/wp-json\/wp\/v2\/pages\/39","targetHints":{"allow":["GET"]}}],"collection":[{"href":"https:\/\/www.kreiss.lv\/uz\/wp-json\/wp\/v2\/pages"}],"about":[{"href":"https:\/\/www.kreiss.lv\/uz\/wp-json\/wp\/v2\/types\/page"}],"author":[{"embeddable":true,"href":"https:\/\/www.kreiss.lv\/uz\/wp-json\/wp\/v2\/users\/1"}],"replies":[{"embeddable":true,"href":"https:\/\/www.kreiss.lv\/uz\/wp-json\/wp\/v2\/comments?post=39"}],"version-history":[{"count":25,"href":"https:\/\/www.kreiss.lv\/uz\/wp-json\/wp\/v2\/pages\/39\/revisions"}],"predecessor-version":[{"id":1175,"href":"https:\/\/www.kreiss.lv\/uz\/wp-json\/wp\/v2\/pages\/39\/revisions\/1175"}],"wp:attachment":[{"href":"https:\/\/www.kreiss.lv\/uz\/wp-json\/wp\/v2\/media?parent=39"}],"curies":[{"name":"wp","href":"https:\/\/api.w.org\/{rel}","templated":true}]}}