{"id":37,"date":"2025-01-08T15:01:35","date_gmt":"2025-01-08T13:01:35","guid":{"rendered":"https:\/\/www.kreiss.lv\/?page_id=37"},"modified":"2026-01-12T17:48:48","modified_gmt":"2026-01-12T15:48:48","slug":"beramkravu-parvadajumi","status":"publish","type":"page","link":"https:\/\/www.kreiss.lv\/uz\/beramkravu-parvadajumi\/","title":{"rendered":"Yirik yuk tashish"},"content":{"rendered":"<section class=\"bde-section-37-100 bde-section\">\n              \n  \n  \n\t\n\n  <div class=\"section-background-overlay\"><\/div>\n\n\n<div class=\"section-container\"><div class=\"bde-div-37-101 bde-div\">\n  \n  \n\t\n\n\n\n<h1 class=\"bde-heading-37-102 bde-heading\">\nBiz transport xizmatlarini taklif qilamiz - <br>Yirik yuk tashish \n<\/h1>\n<\/div><div class=\"bde-div-37-103 bde-div\">\n  \n  \n\t\n\n\n\n<div class=\"bde-div-37-113 bde-div\">\n  \n  \n\t\n\n\n\n<div class=\"bde-div-37-116 bde-div\">\n  \n  \n\t\n\n\n\n<div class=\"bde-div-37-117 bde-div\">\n  \n  \n\t\n\n\n\n<div class=\"bde-icon-37-118 bde-icon\">\n\n    \n            <div class=\"bde-icon-icon breakdance-icon-atom\" >\n    \n                    <svg xmlns=\"http:\/\/www.w3.org\/2000\/svg\" width=\"24\" height=\"24\" viewbox=\"0 0 24 24\" fill=\"none\">\r\n<path d=\"M21.97 18.33C21.97 18.69 21.89 19.06 21.72 19.42C21.55 19.78 21.33 20.12 21.04 20.44C20.55 20.98 20.01 21.37 19.4 21.62C18.8 21.87 18.15 22 17.45 22C16.43 22 15.34 21.76 14.19 21.27C13.04 20.78 11.89 20.12 10.75 19.29C9.6 18.45 8.51 17.52 7.47 16.49C6.44 15.45 5.51 14.36 4.68 13.22C3.86 12.08 3.2 10.94 2.72 9.81C2.24 8.67 2 7.58 2 6.54C2 5.86 2.12 5.21 2.36 4.61C2.6 4 2.98 3.44 3.51 2.94C4.15 2.31 4.85 2 5.59 2C5.87 2 6.15 2.06 6.4 2.18C6.66 2.3 6.89 2.48 7.07 2.74L9.39 6.01C9.57 6.26 9.7 6.49 9.79 6.71C9.88 6.92 9.93 7.13 9.93 7.32C9.93 7.56 9.86 7.8 9.72 8.03C9.59 8.26 9.4 8.5 9.16 8.74L8.4 9.53C8.29 9.64 8.24 9.77 8.24 9.93C8.24 10.01 8.25 10.08 8.27 10.16C8.3 10.24 8.33 10.3 8.35 10.36C8.53 10.69 8.84 11.12 9.28 11.64C9.73 12.16 10.21 12.69 10.73 13.22C11.27 13.75 11.79 14.24 12.32 14.69C12.84 15.13 13.27 15.43 13.61 15.61C13.66 15.63 13.72 15.66 13.79 15.69C13.87 15.72 13.95 15.73 14.04 15.73C14.21 15.73 14.34 15.67 14.45 15.56L15.21 14.81C15.46 14.56 15.7 14.37 15.93 14.25C16.16 14.11 16.39 14.04 16.64 14.04C16.83 14.04 17.03 14.08 17.25 14.17C17.47 14.26 17.7 14.39 17.95 14.56L21.26 16.91C21.52 17.09 21.7 17.3 21.81 17.55C21.91 17.8 21.97 18.05 21.97 18.33Z\" stroke=\"#DF2727\" stroke-width=\"1.5\" stroke-miterlimit=\"10\"\/>\r\n<path opacity=\"0.4\" d=\"M18.5 9C18.5 8.4 18.03 7.48 17.33 6.73C16.69 6.04 15.84 5.5 15 5.5\" stroke=\"#DF2727\" stroke-width=\"1.5\" stroke-linecap=\"round\" stroke-linejoin=\"round\"\/>\r\n<path opacity=\"0.4\" d=\"M22 9C22 5.13 18.87 2 15 2\" stroke=\"#DF2727\" stroke-width=\"1.5\" stroke-linecap=\"round\" stroke-linejoin=\"round\"\/>\r\n<\/svg>\n        \n        \n        \n            <\/div>\n    \n\n\n<\/div><a class=\"bde-text-link-37-119 bde-text-link breakdance-link\" href=\"tel:+37125440069\" target=\"_self\" data-type=\"url\">\n  (+371) 25440069\n\n<\/a>\n<\/div><div class=\"bde-div-37-120 bde-div\">\n  \n  \n\t\n\n\n\n<div class=\"bde-icon-37-121 bde-icon\">\n\n    \n            <div class=\"bde-icon-icon breakdance-icon-atom\" >\n    \n                    <svg xmlns=\"http:\/\/www.w3.org\/2000\/svg\" width=\"24\" height=\"24\" viewbox=\"0 0 24 24\" fill=\"none\">\r\n<path d=\"M17 20.5H7C4 20.5 2 19 2 15.5V8.5C2 5 4 3.5 7 3.5H17C20 3.5 22 5 22 8.5V15.5C22 19 20 20.5 17 20.5Z\" stroke=\"#DF2727\" stroke-width=\"1.5\" stroke-miterlimit=\"10\" stroke-linecap=\"round\" stroke-linejoin=\"round\"\/>\r\n<path opacity=\"0.4\" d=\"M17 9L13.87 11.5C12.84 12.32 11.15 12.32 10.12 11.5L7 9\" stroke=\"#DF2727\" stroke-width=\"1.5\" stroke-miterlimit=\"10\" stroke-linecap=\"round\" stroke-linejoin=\"round\"\/>\r\n<\/svg>\n        \n        \n        \n            <\/div>\n    \n\n\n<\/div><a class=\"bde-text-link-37-122 bde-text-link breakdance-link\" href=\"mailto:ber@neb.lv\" target=\"_self\" data-type=\"url\">\n  ber@neb.lv\n\n<\/a>\n<\/div>\n<\/div>\n<\/div>\n<\/div><\/div>\n<\/section>","protected":false},"excerpt":{"rendered":"<p>Pied\u0101v\u0101jam transporta pakalpojumus &#8211; beramo kravu p\u0101rvad\u0101\u0161an\u0101 (+371) 25440069 ber@neb.lv<\/p>","protected":false},"author":1,"featured_media":0,"parent":0,"menu_order":0,"comment_status":"closed","ping_status":"closed","template":"","meta":{"_acf_changed":false,"_breakdance_hide_in_design_set":false,"_breakdance_tags":"","footnotes":""},"class_list":["post-37","page","type-page","status-publish","hentry"],"acf":[],"_links":{"self":[{"href":"https:\/\/www.kreiss.lv\/uz\/wp-json\/wp\/v2\/pages\/37","targetHints":{"allow":["GET"]}}],"collection":[{"href":"https:\/\/www.kreiss.lv\/uz\/wp-json\/wp\/v2\/pages"}],"about":[{"href":"https:\/\/www.kreiss.lv\/uz\/wp-json\/wp\/v2\/types\/page"}],"author":[{"embeddable":true,"href":"https:\/\/www.kreiss.lv\/uz\/wp-json\/wp\/v2\/users\/1"}],"replies":[{"embeddable":true,"href":"https:\/\/www.kreiss.lv\/uz\/wp-json\/wp\/v2\/comments?post=37"}],"version-history":[{"count":6,"href":"https:\/\/www.kreiss.lv\/uz\/wp-json\/wp\/v2\/pages\/37\/revisions"}],"predecessor-version":[{"id":1085,"href":"https:\/\/www.kreiss.lv\/uz\/wp-json\/wp\/v2\/pages\/37\/revisions\/1085"}],"wp:attachment":[{"href":"https:\/\/www.kreiss.lv\/uz\/wp-json\/wp\/v2\/media?parent=37"}],"curies":[{"name":"wp","href":"https:\/\/api.w.org\/{rel}","templated":true}]}}