{"id":297,"date":"2025-02-12T16:52:04","date_gmt":"2025-02-12T14:52:04","guid":{"rendered":"https:\/\/www.kreiss.lv\/?page_id=297"},"modified":"2025-09-26T11:26:30","modified_gmt":"2025-09-26T08:26:30","slug":"iso-sertifikati","status":"publish","type":"page","link":"https:\/\/www.kreiss.lv\/uz\/iso-sertifikati\/","title":{"rendered":"ISO sertifikatlari"},"content":{"rendered":"<section class=\"bde-section-297-113 bde-section\">\n              \n  \n  \n\t\n\n  <div class=\"section-background-overlay\"><\/div>\n\n\n<div class=\"section-container\"><div class=\"bde-div-297-114 bde-div\">\n  \n  \n\t\n\n\n\n<h1 class=\"bde-heading-297-115 bde-heading\">\nGuvohnomalar\n<\/h1>\n<\/div><div class=\"bde-div-297-116 bde-div\">\n  \n  \n\t\n\n\n\n<h3 class=\"bde-heading-297-117 bde-heading\">\n Kreissda sifat va sertifikatlash bir necha yildan beri ustuvor ahamiyatga ega. Biz global miqyosda o'sishda davom etar ekanmiz va mijozlarimiz hamda yetkazib beruvchilarimiz bilan mustahkam hamkorlikni o'rnatarkanmiz, uzluksiz takomillashuv muvaffaqiyat kalitidir!\n<\/h3>\n<\/div><\/div>\n<\/section><section class=\"bde-section-297-119 bde-section\">\n  \n  \n\t\n\n\n\n<div class=\"section-container\"><div class=\"bde-grid-297-120 bde-grid\">\n  \n  \n\t\n\n\n\n<div class=\"bde-div-297-121 bde-div\">\n  \n  \n\t\n\n\n\n<img decoding=\"async\" class=\"bde-image2-297-122 bde-image2\" src=\"https:\/\/www.kreiss.lv\/wp-content\/uploads\/2025\/02\/BV_Cert_-ISO9001-14001-ISO-45001.png\" loading=\"lazy\" srcset=\"https:\/\/www.kreiss.lv\/wp-content\/uploads\/2025\/02\/BV_Cert_-ISO9001-14001-ISO-45001.png 1726w, https:\/\/www.kreiss.lv\/wp-content\/uploads\/2025\/02\/BV_Cert_-ISO9001-14001-ISO-45001-300x139.png 300w, https:\/\/www.kreiss.lv\/wp-content\/uploads\/2025\/02\/BV_Cert_-ISO9001-14001-ISO-45001-1024x475.png 1024w, https:\/\/www.kreiss.lv\/wp-content\/uploads\/2025\/02\/BV_Cert_-ISO9001-14001-ISO-45001-768x356.png 768w, https:\/\/www.kreiss.lv\/wp-content\/uploads\/2025\/02\/BV_Cert_-ISO9001-14001-ISO-45001-1536x712.png 1536w\" sizes=\"(max-width: 1726px) 100vw, 1726px\"><a class=\"bde-text-link-297-134 bde-text-link breakdance-link\" href=\"https:\/\/www.kreiss.lv\/wp-content\/uploads\/2025\/06\/ISO_9001_2023_eng.pdf\" target=\"_blank\" data-type=\"url\">\n  ISO 9001:2015\n\n<\/a><a class=\"bde-text-link-297-135 bde-text-link breakdance-link\" href=\"https:\/\/www.kreiss.lv\/wp-content\/uploads\/2025\/06\/ISO_14001_2023_eng.pdf\" target=\"_blank\" data-type=\"url\">\n  ISO 14001:2015\n\n<\/a><a class=\"bde-text-link-297-136 bde-text-link breakdance-link\" href=\"https:\/\/www.kreiss.lv\/wp-content\/uploads\/2025\/06\/ISO_45001_2023_eng.pdf\" target=\"_blank\" data-type=\"url\">\n  ISO 45001:2018\n\n<\/a>\n<\/div><div class=\"bde-div-297-123 bde-div\">\n  \n  \n\t\n\n\n\n<div class=\"bde-div-297-137 bde-div\">\n  \n  \n\t\n\n\n\n<img decoding=\"async\" class=\"bde-image2-297-130 bde-image2\" src=\"https:\/\/www.kreiss.lv\/wp-content\/uploads\/2025\/09\/DNV_GL_logo.svg\" loading=\"lazy\">\n<\/div><a class=\"bde-text-link-297-132 bde-text-link breakdance-link\" href=\"https:\/\/www.kreiss.lv\/wp-content\/uploads\/2025\/09\/IFS_31.07.2026.pdf\" target=\"_blank\" data-type=\"url\">\n  IFS Logistika\n\n<\/a>\n<\/div><div class=\"bde-div-297-125 bde-div\">\n  \n  \n\t\n\n\n\n<img decoding=\"async\" class=\"bde-image2-297-126 bde-image2\" src=\"https:\/\/www.kreiss.lv\/wp-content\/uploads\/2025\/02\/GDP.png\" loading=\"lazy\" srcset=\"https:\/\/www.kreiss.lv\/wp-content\/uploads\/2025\/02\/GDP.png 1725w, https:\/\/www.kreiss.lv\/wp-content\/uploads\/2025\/02\/GDP-300x139.png 300w, https:\/\/www.kreiss.lv\/wp-content\/uploads\/2025\/02\/GDP-1024x475.png 1024w, https:\/\/www.kreiss.lv\/wp-content\/uploads\/2025\/02\/GDP-768x356.png 768w, https:\/\/www.kreiss.lv\/wp-content\/uploads\/2025\/02\/GDP-1536x712.png 1536w\" sizes=\"(max-width: 1725px) 100vw, 1725px\"><a class=\"bde-text-link-297-131 bde-text-link breakdance-link\" href=\"https:\/\/www.kreiss.lv\/wp-content\/uploads\/2025\/06\/GDP_eng_till_09.12.2026.pdf\" target=\"_blank\" data-type=\"url\">\n  Yaxshi tarqatish amaliyoti (GDP)\n\n<\/a>\n<\/div>\n<\/div><\/div>\n<\/section><section class=\"bde-section-297-100 bde-section\">\n  \n  \n\t\n\n\n\n<div class=\"section-container\"><div class=\"bde-grid-297-101 bde-grid\">\n  \n  \n\t\n\n\n\n<div class=\"bde-div-297-102 bde-div\" data-entrance=\"slideLeft\">\n  \n  \n\t\n\n\n\n<img decoding=\"async\" class=\"bde-image2-297-103 bde-image2\" src=\"https:\/\/www.kreiss.lv\/wp-content\/uploads\/2025\/01\/D75_1662.jpg\" loading=\"lazy\" srcset=\"https:\/\/www.kreiss.lv\/wp-content\/uploads\/2025\/01\/D75_1662.jpg 1618w, https:\/\/www.kreiss.lv\/wp-content\/uploads\/2025\/01\/D75_1662-300x200.jpg 300w, https:\/\/www.kreiss.lv\/wp-content\/uploads\/2025\/01\/D75_1662-1024x684.jpg 1024w, https:\/\/www.kreiss.lv\/wp-content\/uploads\/2025\/01\/D75_1662-768x513.jpg 768w, https:\/\/www.kreiss.lv\/wp-content\/uploads\/2025\/01\/D75_1662-1536x1025.jpg 1536w\" sizes=\"(max-width: 1618px) 100vw, 1618px\">\n<\/div><div class=\"bde-div-297-104 bde-div\" data-entrance=\"slideRight\">\n  \n  \n\t\n\n\n\n<h2 class=\"bde-heading-297-105 bde-heading\">\nHaydovchilar uchun ish\n<\/h2><div class=\"bde-div-297-106 bde-div\">\n  \n  \n\t\n\n\n\n<div class=\"bde-text-297-107 bde-text\">\nTran\u0441\u043f\u043e\u0440\u0442 so'rovidan yetkazib berishgacha!\n<\/div><div class=\"bde-text-297-108 bde-text\">\nBiz yukni uning oxirgi manziliga tez yetkazib beramiz va butun transport jarayonida har bir yuk turkumi uchun munosib saqlash sharoitlarini ta'minlaymiz.\n<\/div>\n<\/div><div class=\"bde-div-297-109 bde-div\">\n  \n  \n\t\n\n\n\n<div class=\"bde-text-297-110 bde-text\">\nKreiss sizning eng yaxshi logistika hamkoringizdir\n<\/div><div class=\"bde-icon-list-297-111 bde-icon-list icon-list-n\">\n<ul>\n  \n              \n    <li>\n              <div class='bde-icon-list__item-wrapper'>\n      \n      <span class='bde-icon-list__icon'>\n        <svg xmlns=\"http:\/\/www.w3.org\/2000\/svg\" width=\"720\" height=\"277\" viewbox=\"0 0 720 277\" fill=\"none\">\r\n<g clip-path=\"url(#clip0_182_165)\">\r\n<path d=\"M719.83 276.42C718.384 276.614 716.938 276.976 715.492 276.977C477.92 277.002 240.347 277.001 2.7744 277.001C1.94527 277.001 1.11614 277.001 0.28701 277.001C0.207618 276.764 0.128227 276.527 0.0488281 276.29C4.19517 274.704 8.33129 273.09 12.4893 271.534C160.103 216.314 307.718 161.099 456.015 105.83C458.015 106.459 459.405 107.032 460.643 107.838C524.549 149.457 588.43 191.113 652.342 232.723C674.801 247.345 697.332 261.858 719.83 276.42Z\" fill=\"black\"\/>\r\n<path d=\"M719.905 275.922C697.333 261.858 674.803 247.345 652.343 232.723C588.431 191.113 524.55 149.457 460.644 107.838C459.406 107.032 458.016 106.459 456.435 105.673C446.261 98.8914 436.431 92.0891 426.426 85.5557C384.074 57.901 341.669 30.3277 299.289 2.71518C298.067 1.91898 296.914 1.01694 294.879 -0.44751C437.025 -0.44751 578.148 -0.44751 719.979 -0.44751C719.979 91.5743 719.979 183.499 719.905 275.922Z\" fill=\"#E2241A\"\/>\r\n<\/g>\r\n<defs>\r\n<clippath id=\"clip0_182_165\">\r\n<rect width=\"720\" height=\"277\" fill=\"white\"\/>\r\n<\/clippath>\r\n<\/defs>\r\n<\/svg>\n      <\/span>\n      <span class='bde-icon-list__text' >\n      Bizda logistika sohasida 25 yildan ortiq tajriba bor;\n      <\/span>\n              <\/div>\n      \n    <\/li>\n\n  \n              \n    <li>\n              <div class='bde-icon-list__item-wrapper'>\n      \n      <span class='bde-icon-list__icon'>\n        <svg xmlns=\"http:\/\/www.w3.org\/2000\/svg\" width=\"720\" height=\"277\" viewbox=\"0 0 720 277\" fill=\"none\">\r\n<g clip-path=\"url(#clip0_182_165)\">\r\n<path d=\"M719.83 276.42C718.384 276.614 716.938 276.976 715.492 276.977C477.92 277.002 240.347 277.001 2.7744 277.001C1.94527 277.001 1.11614 277.001 0.28701 277.001C0.207618 276.764 0.128227 276.527 0.0488281 276.29C4.19517 274.704 8.33129 273.09 12.4893 271.534C160.103 216.314 307.718 161.099 456.015 105.83C458.015 106.459 459.405 107.032 460.643 107.838C524.549 149.457 588.43 191.113 652.342 232.723C674.801 247.345 697.332 261.858 719.83 276.42Z\" fill=\"black\"\/>\r\n<path d=\"M719.905 275.922C697.333 261.858 674.803 247.345 652.343 232.723C588.431 191.113 524.55 149.457 460.644 107.838C459.406 107.032 458.016 106.459 456.435 105.673C446.261 98.8914 436.431 92.0891 426.426 85.5557C384.074 57.901 341.669 30.3277 299.289 2.71518C298.067 1.91898 296.914 1.01694 294.879 -0.44751C437.025 -0.44751 578.148 -0.44751 719.979 -0.44751C719.979 91.5743 719.979 183.499 719.905 275.922Z\" fill=\"#E2241A\"\/>\r\n<\/g>\r\n<defs>\r\n<clippath id=\"clip0_182_165\">\r\n<rect width=\"720\" height=\"277\" fill=\"white\"\/>\r\n<\/clippath>\r\n<\/defs>\r\n<\/svg>\n      <\/span>\n      <span class='bde-icon-list__text' >\n      Biz logistika sifat siyosatini ishlab chiqdik;\n      <\/span>\n              <\/div>\n      \n    <\/li>\n\n  \n              \n    <li>\n              <div class='bde-icon-list__item-wrapper'>\n      \n      <span class='bde-icon-list__icon'>\n        <svg xmlns=\"http:\/\/www.w3.org\/2000\/svg\" width=\"720\" height=\"277\" viewbox=\"0 0 720 277\" fill=\"none\">\r\n<g clip-path=\"url(#clip0_182_165)\">\r\n<path d=\"M719.83 276.42C718.384 276.614 716.938 276.976 715.492 276.977C477.92 277.002 240.347 277.001 2.7744 277.001C1.94527 277.001 1.11614 277.001 0.28701 277.001C0.207618 276.764 0.128227 276.527 0.0488281 276.29C4.19517 274.704 8.33129 273.09 12.4893 271.534C160.103 216.314 307.718 161.099 456.015 105.83C458.015 106.459 459.405 107.032 460.643 107.838C524.549 149.457 588.43 191.113 652.342 232.723C674.801 247.345 697.332 261.858 719.83 276.42Z\" fill=\"black\"\/>\r\n<path d=\"M719.905 275.922C697.333 261.858 674.803 247.345 652.343 232.723C588.431 191.113 524.55 149.457 460.644 107.838C459.406 107.032 458.016 106.459 456.435 105.673C446.261 98.8914 436.431 92.0891 426.426 85.5557C384.074 57.901 341.669 30.3277 299.289 2.71518C298.067 1.91898 296.914 1.01694 294.879 -0.44751C437.025 -0.44751 578.148 -0.44751 719.979 -0.44751C719.979 91.5743 719.979 183.499 719.905 275.922Z\" fill=\"#E2241A\"\/>\r\n<\/g>\r\n<defs>\r\n<clippath id=\"clip0_182_165\">\r\n<rect width=\"720\" height=\"277\" fill=\"white\"\/>\r\n<\/clippath>\r\n<\/defs>\r\n<\/svg>\n      <\/span>\n      <span class='bde-icon-list__text' >\n      Biz sifat boshqaruv tizimini joriy etdik;\n      <\/span>\n              <\/div>\n      \n    <\/li>\n\n  \n              \n    <li>\n              <div class='bde-icon-list__item-wrapper'>\n      \n      <span class='bde-icon-list__icon'>\n        <svg xmlns=\"http:\/\/www.w3.org\/2000\/svg\" width=\"720\" height=\"277\" viewbox=\"0 0 720 277\" fill=\"none\">\r\n<g clip-path=\"url(#clip0_182_165)\">\r\n<path d=\"M719.83 276.42C718.384 276.614 716.938 276.976 715.492 276.977C477.92 277.002 240.347 277.001 2.7744 277.001C1.94527 277.001 1.11614 277.001 0.28701 277.001C0.207618 276.764 0.128227 276.527 0.0488281 276.29C4.19517 274.704 8.33129 273.09 12.4893 271.534C160.103 216.314 307.718 161.099 456.015 105.83C458.015 106.459 459.405 107.032 460.643 107.838C524.549 149.457 588.43 191.113 652.342 232.723C674.801 247.345 697.332 261.858 719.83 276.42Z\" fill=\"black\"\/>\r\n<path d=\"M719.905 275.922C697.333 261.858 674.803 247.345 652.343 232.723C588.431 191.113 524.55 149.457 460.644 107.838C459.406 107.032 458.016 106.459 456.435 105.673C446.261 98.8914 436.431 92.0891 426.426 85.5557C384.074 57.901 341.669 30.3277 299.289 2.71518C298.067 1.91898 296.914 1.01694 294.879 -0.44751C437.025 -0.44751 578.148 -0.44751 719.979 -0.44751C719.979 91.5743 719.979 183.499 719.905 275.922Z\" fill=\"#E2241A\"\/>\r\n<\/g>\r\n<defs>\r\n<clippath id=\"clip0_182_165\">\r\n<rect width=\"720\" height=\"277\" fill=\"white\"\/>\r\n<\/clippath>\r\n<\/defs>\r\n<\/svg>\n      <\/span>\n      <span class='bde-icon-list__text' >\n      Bizning kundalik ishimiz professional jamoaviy ish bilan tavsiflanadi.\n      <\/span>\n              <\/div>\n      \n    <\/li>\n\n  <\/ul>\n\n<\/div>\n<\/div><div class=\"bde-text-297-112 bde-text\">\nISO 9001:2015 sertifikati \u2013 bizning joriy etilgan sifat menejmenti tizimimiz <br>LVS EN ISO 9001:2015 standartiga muvofiq\n<\/div>\n<\/div>\n<\/div><\/div>\n<\/section>","protected":false},"excerpt":{"rendered":"<p>Sertifik\u0101ti Kvalit\u0101te un sertifik\u0101cija jau daudzus gadus ir bijusi priorit\u0101te uz\u0146\u0113mum\u0101 Kreiss. Turpinot augt glob\u0101li un veidojot stipras partnerattiec\u012bbas ar m\u016bsu klientiem un pieg\u0101d\u0101t\u0101jiem, nep\u0101rtraukta uzlabo\u0161ana ir pan\u0101kumu atsl\u0113ga! ISO 9001:2015 ISO 14001:2015 ISO 45001:2018 IFS Lo\u0123istika Labas izplat\u012b\u0161anas prakses (GDP) Darbs autovad\u012bt\u0101jiem No p\u0101rvad\u0101juma piepras\u012bjuma l\u012bdz pat kravas pieg\u0101dei! \u0100tri nog\u0101d\u0101jam kravas galapunkt\u0101, nodro\u0161inot [&hellip;]<\/p>\n","protected":false},"author":1,"featured_media":0,"parent":0,"menu_order":0,"comment_status":"closed","ping_status":"closed","template":"","meta":{"_acf_changed":false,"_breakdance_hide_in_design_set":false,"_breakdance_tags":"","footnotes":""},"class_list":["post-297","page","type-page","status-publish","hentry"],"acf":[],"_links":{"self":[{"href":"https:\/\/www.kreiss.lv\/uz\/wp-json\/wp\/v2\/pages\/297","targetHints":{"allow":["GET"]}}],"collection":[{"href":"https:\/\/www.kreiss.lv\/uz\/wp-json\/wp\/v2\/pages"}],"about":[{"href":"https:\/\/www.kreiss.lv\/uz\/wp-json\/wp\/v2\/types\/page"}],"author":[{"embeddable":true,"href":"https:\/\/www.kreiss.lv\/uz\/wp-json\/wp\/v2\/users\/1"}],"replies":[{"embeddable":true,"href":"https:\/\/www.kreiss.lv\/uz\/wp-json\/wp\/v2\/comments?post=297"}],"version-history":[{"count":18,"href":"https:\/\/www.kreiss.lv\/uz\/wp-json\/wp\/v2\/pages\/297\/revisions"}],"predecessor-version":[{"id":705,"href":"https:\/\/www.kreiss.lv\/uz\/wp-json\/wp\/v2\/pages\/297\/revisions\/705"}],"wp:attachment":[{"href":"https:\/\/www.kreiss.lv\/uz\/wp-json\/wp\/v2\/media?parent=297"}],"curies":[{"name":"wp","href":"https:\/\/api.w.org\/{rel}","templated":true}]}}