{"id":295,"date":"2025-02-12T16:51:52","date_gmt":"2025-02-12T14:51:52","guid":{"rendered":"https:\/\/www.kreiss.lv\/?page_id=295"},"modified":"2026-01-14T11:40:41","modified_gmt":"2026-01-14T09:40:41","slug":"ilgtspeja","status":"publish","type":"page","link":"https:\/\/www.kreiss.lv\/uz\/ilgtspeja\/","title":{"rendered":"Barqarorlik"},"content":{"rendered":"<section class=\"bde-section-295-100 bde-section\">\n              \n  \n  \n\t\n\n  <div class=\"section-background-overlay\"><\/div>\n\n\n<div class=\"section-container\"><div class=\"bde-div-295-101 bde-div\">\n  \n  \n\t\n\n\n\n<h1 class=\"bde-heading-295-102 bde-heading\">\nKreiss sizning ishonchli hamkoringizdir <br>logistika hamkori\n<\/h1>\n<\/div><div class=\"bde-div-295-103 bde-div\">\n  \n  \n\t\n\n\n\n<h3 class=\"bde-heading-295-104 bde-heading\">\nKreiss yukni oxirgi manzilga tez va ishonchli yetkazib berilishini ta'minlaydi. Kompaniyamizning ustuvorliklaridan biri har bir mijozga individual yondashuvdir. Kompaniyamiz har bir mijoz bajarilgan ish va erishilgan natijalardan mamnun bo'lishini ta'minlaydi, chunki bu ham bizning umumiy muvaffaqiyatlarimizdir.\n<\/h3>\n<\/div><\/div>\n<\/section><section class=\"bde-section-295-105 bde-section\">\n  \n  \n\t\n\n\n\n<div class=\"section-container\"><div class=\"bde-div-295-106 bde-div\">\n  \n  \n\t\n\n\n\n<h2 class=\"bde-heading-295-107 bde-heading\">\nBizning logistika\n<\/h2><h2 class=\"bde-heading-295-108 bde-heading\">\nSifat siyosati quyidagilarga asoslanadi:\n<\/h2>\n<\/div><div class=\"bde-grid-295-109 bde-grid\">\n  \n  \n\t\n\n\n\n<div class=\"bde-div-295-110 bde-div\" data-entrance=\"fade\">\n  \n  \n\t\n\n\n\n<img decoding=\"async\" class=\"bde-image2-295-111 bde-image2\" src=\"https:\/\/www.kreiss.lv\/wp-content\/uploads\/2025\/01\/mig1.png\" loading=\"lazy\" sizes=\"(max-width: 70px) 100vw, 70px\"><div class=\"bde-fancy-divider-295-112 bde-fancy-divider\">\n\n\n<div class=\"bde-fancy-divider__wrapper\">\n  <div class=\"bde-fancy-divider__separator\">\n  \t  <\/div>\n<\/div>\n\n<\/div><div class=\"bde-text-295-113 bde-text\">\nUzluksiz rivojlanish \n<\/div><div class=\"bde-text-295-114 bde-text\">\nUzluksiz rivojlanish, yangi yo'nalishlar yaratish, faoliyatlarni kengaytirish va takomillashtirish\n<\/div>\n<\/div><div class=\"bde-div-295-115 bde-div\" data-entrance=\"fade\">\n  \n  \n\t\n\n\n\n<img decoding=\"async\" class=\"bde-image2-295-116 bde-image2\" src=\"https:\/\/www.kreiss.lv\/wp-content\/uploads\/2025\/01\/misija1.png\" loading=\"lazy\" sizes=\"(max-width: 70px) 100vw, 70px\"><div class=\"bde-fancy-divider-295-117 bde-fancy-divider\">\n\n\n<div class=\"bde-fancy-divider__wrapper\">\n  <div class=\"bde-fancy-divider__separator\">\n  \t  <\/div>\n<\/div>\n\n<\/div><div class=\"bde-text-295-118 bde-text\">\nKassbiylik\n<\/div><div class=\"bde-text-295-119 bde-text\">\nKompaniya ichida o'tkaziladigan ichki treninglar orqali xodimlarning malakasini oshirish va qo'shimcha ta'limni rivojlantirish\n<\/div>\n<\/div><div class=\"bde-div-295-120 bde-div\" data-entrance=\"fade\">\n  \n  \n\t\n\n\n\n<img decoding=\"async\" class=\"bde-image2-295-121 bde-image2\" src=\"https:\/\/www.kreiss.lv\/wp-content\/uploads\/2025\/01\/misija2.png\" loading=\"lazy\" sizes=\"(max-width: 65px) 100vw, 65px\"><div class=\"bde-fancy-divider-295-122 bde-fancy-divider\">\n\n\n<div class=\"bde-fancy-divider__wrapper\">\n  <div class=\"bde-fancy-divider__separator\">\n  \t  <\/div>\n<\/div>\n\n<\/div><div class=\"bde-text-295-123 bde-text\">\nEkologik logistika\n<\/div><div class=\"bde-text-295-124 bde-text\">\nAtrof-muhitga do'st, iqtisodiy va past aylanish qarshiligiga ega shinalardan foydalanish<br>\n<\/div>\n<\/div><div class=\"bde-div-295-125 bde-div\" data-entrance=\"fade\">\n  \n  \n\t\n\n\n\n<img decoding=\"async\" class=\"bde-image2-295-126 bde-image2\" src=\"https:\/\/www.kreiss.lv\/wp-content\/uploads\/2025\/01\/misija3.png\" loading=\"lazy\" sizes=\"(max-width: 67px) 100vw, 67px\"><div class=\"bde-fancy-divider-295-127 bde-fancy-divider\">\n\n\n<div class=\"bde-fancy-divider__wrapper\">\n  <div class=\"bde-fancy-divider__separator\">\n  \t  <\/div>\n<\/div>\n\n<\/div><div class=\"bde-text-295-128 bde-text\">\nAniqlik va rejalashtirish\n<\/div><div class=\"bde-text-295-129 bde-text\">\nXodimlar o'rtasidagi yaqin hamkorlik va aniq vaqt rejalashtirish bizga eng yuqori darajadagi xizmatlarni taqdim etish imkonini beradi. <br>\n<\/div>\n<\/div><div class=\"bde-div-295-130 bde-div\" data-entrance=\"fade\">\n  \n  \n\t\n\n\n\n<img decoding=\"async\" class=\"bde-image2-295-131 bde-image2\" src=\"https:\/\/www.kreiss.lv\/wp-content\/uploads\/2025\/01\/misija5.png\" loading=\"lazy\" sizes=\"(max-width: 65px) 100vw, 65px\"><div class=\"bde-fancy-divider-295-132 bde-fancy-divider\">\n\n\n<div class=\"bde-fancy-divider__wrapper\">\n  <div class=\"bde-fancy-divider__separator\">\n  \t  <\/div>\n<\/div>\n\n<\/div><div class=\"bde-text-295-133 bde-text\">\nShaxsiy yondashuv\n<\/div><div class=\"bde-text-295-134 bde-text\">\nYukingizning kafolatlangan xavfsizligi va tashish paytida harorat sharoitlarini saqlash\n<\/div>\n<\/div><div class=\"bde-div-295-135 bde-div\" data-entrance=\"fade\">\n  \n  \n\t\n\n\n\n<img decoding=\"async\" class=\"bde-image2-295-136 bde-image2\" src=\"https:\/\/www.kreiss.lv\/wp-content\/uploads\/2025\/01\/misija6.png\" loading=\"lazy\" sizes=\"(max-width: 77px) 100vw, 77px\"><div class=\"bde-fancy-divider-295-137 bde-fancy-divider\">\n\n\n<div class=\"bde-fancy-divider__wrapper\">\n  <div class=\"bde-fancy-divider__separator\">\n  \t  <\/div>\n<\/div>\n\n<\/div><div class=\"bde-text-295-138 bde-text\">\nUzluksiz rivojlanish \n<\/div><div class=\"bde-text-295-139 bde-text\">\nHar bir mijozga individual yondashuv kompaniyamizning ustuvorliklaridan biridir.\n<\/div>\n<\/div>\n<\/div><\/div>\n<\/section><section class=\"bde-section-295-140 bde-section\">\n  \n  \n\t\n\n\n\n<div class=\"section-container\"><div class=\"bde-grid-295-141 bde-grid\">\n  \n  \n\t\n\n\n\n<div class=\"bde-div-295-142 bde-div\" data-entrance=\"slideLeft\">\n  \n  \n\t\n\n\n\n<img decoding=\"async\" class=\"bde-image2-295-143 bde-image2\" src=\"https:\/\/www.kreiss.lv\/wp-content\/uploads\/2025\/01\/D60_2345.jpg\" loading=\"lazy\" srcset=\"https:\/\/www.kreiss.lv\/wp-content\/uploads\/2025\/01\/D60_2345.jpg 525w, https:\/\/www.kreiss.lv\/wp-content\/uploads\/2025\/01\/D60_2345-300x214.jpg 300w\" sizes=\"(max-width: 525px) 100vw, 525px\">\n<\/div><div class=\"bde-div-295-144 bde-div\" data-entrance=\"slideRight\">\n  \n  \n\t\n\n\n\n<h2 class=\"bde-heading-295-145 bde-heading\">\nBarqarorlik\n<\/h2><div class=\"bde-div-295-146 bde-div\">\n  \n  \n\t\n\n\n\n<div class=\"bde-text-295-148 bde-text\">\nKreissda biz ofis va qadoqlash materiallari hamda elektr, suv, yoqilg'i va gaz kabi boshqa resurslarning xarid qilinishi, iste'moli, qayta ishlatilishi va qayta ishlanishini boshqarishga qaratilgan turli atrof-muhit tashabbuslariga e'tibor qaratamiz.\n<\/div>\n<\/div><div class=\"bde-div-295-149 bde-div\">\n  \n  \n\t\n\n\n\n<div class=\"bde-text-295-150 bde-text\">\n CO\u2082 emissiyalarini kamaytirish uchun bizning flotimiz quyidagilardan iborat:\n<\/div><div class=\"bde-icon-list-295-151 bde-icon-list icon-list-n\">\n<ul>\n  \n              \n    <li>\n              <div class='bde-icon-list__item-wrapper'>\n      \n      <span class='bde-icon-list__icon' aria-hidden='true'>\n        <svg xmlns=\"http:\/\/www.w3.org\/2000\/svg\" width=\"720\" height=\"277\" viewbox=\"0 0 720 277\" fill=\"none\">\r\n<g clip-path=\"url(#clip0_182_165)\">\r\n<path d=\"M719.83 276.42C718.384 276.614 716.938 276.976 715.492 276.977C477.92 277.002 240.347 277.001 2.7744 277.001C1.94527 277.001 1.11614 277.001 0.28701 277.001C0.207618 276.764 0.128227 276.527 0.0488281 276.29C4.19517 274.704 8.33129 273.09 12.4893 271.534C160.103 216.314 307.718 161.099 456.015 105.83C458.015 106.459 459.405 107.032 460.643 107.838C524.549 149.457 588.43 191.113 652.342 232.723C674.801 247.345 697.332 261.858 719.83 276.42Z\" fill=\"black\"\/>\r\n<path d=\"M719.905 275.922C697.333 261.858 674.803 247.345 652.343 232.723C588.431 191.113 524.55 149.457 460.644 107.838C459.406 107.032 458.016 106.459 456.435 105.673C446.261 98.8914 436.431 92.0891 426.426 85.5557C384.074 57.901 341.669 30.3277 299.289 2.71518C298.067 1.91898 296.914 1.01694 294.879 -0.44751C437.025 -0.44751 578.148 -0.44751 719.979 -0.44751C719.979 91.5743 719.979 183.499 719.905 275.922Z\" fill=\"#E2241A\"\/>\r\n<\/g>\r\n<defs>\r\n<clippath id=\"clip0_182_165\">\r\n<rect width=\"720\" height=\"277\" fill=\"white\"\/>\r\n<\/clippath>\r\n<\/defs>\r\n<\/svg>\n      <\/span>\n      <span class='bde-icon-list__text' >\n      100% EURO 6 standarti avtomobillari\n      <\/span>\n              <\/div>\n      \n    <\/li>\n\n  \n              \n    <li>\n              <div class='bde-icon-list__item-wrapper'>\n      \n      <span class='bde-icon-list__icon' aria-hidden='true'>\n        <svg xmlns=\"http:\/\/www.w3.org\/2000\/svg\" width=\"720\" height=\"277\" viewbox=\"0 0 720 277\" fill=\"none\">\r\n<g clip-path=\"url(#clip0_182_165)\">\r\n<path d=\"M719.83 276.42C718.384 276.614 716.938 276.976 715.492 276.977C477.92 277.002 240.347 277.001 2.7744 277.001C1.94527 277.001 1.11614 277.001 0.28701 277.001C0.207618 276.764 0.128227 276.527 0.0488281 276.29C4.19517 274.704 8.33129 273.09 12.4893 271.534C160.103 216.314 307.718 161.099 456.015 105.83C458.015 106.459 459.405 107.032 460.643 107.838C524.549 149.457 588.43 191.113 652.342 232.723C674.801 247.345 697.332 261.858 719.83 276.42Z\" fill=\"black\"\/>\r\n<path d=\"M719.905 275.922C697.333 261.858 674.803 247.345 652.343 232.723C588.431 191.113 524.55 149.457 460.644 107.838C459.406 107.032 458.016 106.459 456.435 105.673C446.261 98.8914 436.431 92.0891 426.426 85.5557C384.074 57.901 341.669 30.3277 299.289 2.71518C298.067 1.91898 296.914 1.01694 294.879 -0.44751C437.025 -0.44751 578.148 -0.44751 719.979 -0.44751C719.979 91.5743 719.979 183.499 719.905 275.922Z\" fill=\"#E2241A\"\/>\r\n<\/g>\r\n<defs>\r\n<clippath id=\"clip0_182_165\">\r\n<rect width=\"720\" height=\"277\" fill=\"white\"\/>\r\n<\/clippath>\r\n<\/defs>\r\n<\/svg>\n      <\/span>\n      <span class='bde-icon-list__text' >\n      Past rolik qarshiligiga ega shinalar\n      <\/span>\n              <\/div>\n      \n    <\/li>\n\n  \n              \n    <li>\n              <div class='bde-icon-list__item-wrapper'>\n      \n      <span class='bde-icon-list__icon' aria-hidden='true'>\n        <svg xmlns=\"http:\/\/www.w3.org\/2000\/svg\" width=\"720\" height=\"277\" viewbox=\"0 0 720 277\" fill=\"none\">\r\n<g clip-path=\"url(#clip0_182_165)\">\r\n<path d=\"M719.83 276.42C718.384 276.614 716.938 276.976 715.492 276.977C477.92 277.002 240.347 277.001 2.7744 277.001C1.94527 277.001 1.11614 277.001 0.28701 277.001C0.207618 276.764 0.128227 276.527 0.0488281 276.29C4.19517 274.704 8.33129 273.09 12.4893 271.534C160.103 216.314 307.718 161.099 456.015 105.83C458.015 106.459 459.405 107.032 460.643 107.838C524.549 149.457 588.43 191.113 652.342 232.723C674.801 247.345 697.332 261.858 719.83 276.42Z\" fill=\"black\"\/>\r\n<path d=\"M719.905 275.922C697.333 261.858 674.803 247.345 652.343 232.723C588.431 191.113 524.55 149.457 460.644 107.838C459.406 107.032 458.016 106.459 456.435 105.673C446.261 98.8914 436.431 92.0891 426.426 85.5557C384.074 57.901 341.669 30.3277 299.289 2.71518C298.067 1.91898 296.914 1.01694 294.879 -0.44751C437.025 -0.44751 578.148 -0.44751 719.979 -0.44751C719.979 91.5743 719.979 183.499 719.905 275.922Z\" fill=\"#E2241A\"\/>\r\n<\/g>\r\n<defs>\r\n<clippath id=\"clip0_182_165\">\r\n<rect width=\"720\" height=\"277\" fill=\"white\"\/>\r\n<\/clippath>\r\n<\/defs>\r\n<\/svg>\n      <\/span>\n      <span class='bde-icon-list__text' >\n       Quyosh panellari o'rnatilgan sovutgichli yarim treylerlar\n      <\/span>\n              <\/div>\n      \n    <\/li>\n\n  \n              \n    <li>\n              <div class='bde-icon-list__item-wrapper'>\n      \n      <span class='bde-icon-list__icon' aria-hidden='true'>\n        <svg xmlns=\"http:\/\/www.w3.org\/2000\/svg\" width=\"720\" height=\"277\" viewbox=\"0 0 720 277\" fill=\"none\">\r\n<g clip-path=\"url(#clip0_182_165)\">\r\n<path d=\"M719.83 276.42C718.384 276.614 716.938 276.976 715.492 276.977C477.92 277.002 240.347 277.001 2.7744 277.001C1.94527 277.001 1.11614 277.001 0.28701 277.001C0.207618 276.764 0.128227 276.527 0.0488281 276.29C4.19517 274.704 8.33129 273.09 12.4893 271.534C160.103 216.314 307.718 161.099 456.015 105.83C458.015 106.459 459.405 107.032 460.643 107.838C524.549 149.457 588.43 191.113 652.342 232.723C674.801 247.345 697.332 261.858 719.83 276.42Z\" fill=\"black\"\/>\r\n<path d=\"M719.905 275.922C697.333 261.858 674.803 247.345 652.343 232.723C588.431 191.113 524.55 149.457 460.644 107.838C459.406 107.032 458.016 106.459 456.435 105.673C446.261 98.8914 436.431 92.0891 426.426 85.5557C384.074 57.901 341.669 30.3277 299.289 2.71518C298.067 1.91898 296.914 1.01694 294.879 -0.44751C437.025 -0.44751 578.148 -0.44751 719.979 -0.44751C719.979 91.5743 719.979 183.499 719.905 275.922Z\" fill=\"#E2241A\"\/>\r\n<\/g>\r\n<defs>\r\n<clippath id=\"clip0_182_165\">\r\n<rect width=\"720\" height=\"277\" fill=\"white\"\/>\r\n<\/clippath>\r\n<\/defs>\r\n<\/svg>\n      <\/span>\n      <span class='bde-icon-list__text' >\n       Advancer texnologiyali muzlatgichlar \u2013 kamaytirilgan shovqin va 50% pastroq CO\u2082 chiqindilari\n      <\/span>\n              <\/div>\n      \n    <\/li>\n\n  \n              \n    <li>\n              <div class='bde-icon-list__item-wrapper'>\n      \n      <span class='bde-icon-list__icon' aria-hidden='true'>\n        <svg xmlns=\"http:\/\/www.w3.org\/2000\/svg\" width=\"720\" height=\"277\" viewbox=\"0 0 720 277\" fill=\"none\">\r\n<g clip-path=\"url(#clip0_182_165)\">\r\n<path d=\"M719.83 276.42C718.384 276.614 716.938 276.976 715.492 276.977C477.92 277.002 240.347 277.001 2.7744 277.001C1.94527 277.001 1.11614 277.001 0.28701 277.001C0.207618 276.764 0.128227 276.527 0.0488281 276.29C4.19517 274.704 8.33129 273.09 12.4893 271.534C160.103 216.314 307.718 161.099 456.015 105.83C458.015 106.459 459.405 107.032 460.643 107.838C524.549 149.457 588.43 191.113 652.342 232.723C674.801 247.345 697.332 261.858 719.83 276.42Z\" fill=\"black\"\/>\r\n<path d=\"M719.905 275.922C697.333 261.858 674.803 247.345 652.343 232.723C588.431 191.113 524.55 149.457 460.644 107.838C459.406 107.032 458.016 106.459 456.435 105.673C446.261 98.8914 436.431 92.0891 426.426 85.5557C384.074 57.901 341.669 30.3277 299.289 2.71518C298.067 1.91898 296.914 1.01694 294.879 -0.44751C437.025 -0.44751 578.148 -0.44751 719.979 -0.44751C719.979 91.5743 719.979 183.499 719.905 275.922Z\" fill=\"#E2241A\"\/>\r\n<\/g>\r\n<defs>\r\n<clippath id=\"clip0_182_165\">\r\n<rect width=\"720\" height=\"277\" fill=\"white\"\/>\r\n<\/clippath>\r\n<\/defs>\r\n<\/svg>\n      <\/span>\n      <span class='bde-icon-list__text' >\n       Ko'p modal yechimlardan foydalanish\n      <\/span>\n              <\/div>\n      \n    <\/li>\n\n  \n              \n    <li>\n              <div class='bde-icon-list__item-wrapper'>\n      \n      <span class='bde-icon-list__icon' aria-hidden='true'>\n        <svg xmlns=\"http:\/\/www.w3.org\/2000\/svg\" width=\"720\" height=\"277\" viewbox=\"0 0 720 277\" fill=\"none\">\r\n<g clip-path=\"url(#clip0_182_165)\">\r\n<path d=\"M719.83 276.42C718.384 276.614 716.938 276.976 715.492 276.977C477.92 277.002 240.347 277.001 2.7744 277.001C1.94527 277.001 1.11614 277.001 0.28701 277.001C0.207618 276.764 0.128227 276.527 0.0488281 276.29C4.19517 274.704 8.33129 273.09 12.4893 271.534C160.103 216.314 307.718 161.099 456.015 105.83C458.015 106.459 459.405 107.032 460.643 107.838C524.549 149.457 588.43 191.113 652.342 232.723C674.801 247.345 697.332 261.858 719.83 276.42Z\" fill=\"black\"\/>\r\n<path d=\"M719.905 275.922C697.333 261.858 674.803 247.345 652.343 232.723C588.431 191.113 524.55 149.457 460.644 107.838C459.406 107.032 458.016 106.459 456.435 105.673C446.261 98.8914 436.431 92.0891 426.426 85.5557C384.074 57.901 341.669 30.3277 299.289 2.71518C298.067 1.91898 296.914 1.01694 294.879 -0.44751C437.025 -0.44751 578.148 -0.44751 719.979 -0.44751C719.979 91.5743 719.979 183.499 719.905 275.922Z\" fill=\"#E2241A\"\/>\r\n<\/g>\r\n<defs>\r\n<clippath id=\"clip0_182_165\">\r\n<rect width=\"720\" height=\"277\" fill=\"white\"\/>\r\n<\/clippath>\r\n<\/defs>\r\n<\/svg>\n      <\/span>\n      <span class='bde-icon-list__text' >\n       HVO yoqilg'ilari\n      <\/span>\n              <\/div>\n      \n    <\/li>\n\n  <\/ul>\n\n<\/div><div class=\"bde-text-295-162 bde-text\">\n So'nggi avlod dvigatellari transportimizdan azot oksidlari va zarrachali chiqindilarni kamaytirishga yordam beradi, bu esa uni atrof-muhit uchun yanada do'stona qiladi.<br><br>Bizning asosiy bazamiz muzlatgichlarni zaryadlash uchun elektr ulanishlari bilan jihozlangan va biz quyosh parkinni barpo etdik.<br>\n<\/div>\n<\/div>\n<\/div>\n<\/div><\/div>\n<\/section><section class=\"bde-section-295-153 bde-section\">\n  \n  \n\t\n\n\n\n<div class=\"section-container\"><div class=\"bde-columns-295-154 bde-columns\"><div class=\"bde-column-295-155 bde-column\" data-entrance=\"slideLeft\">\n  \n  \n\t\n\n\n\n<div class=\"bde-text-295-156 bde-text\">\nBiz yashayotgan va ishlayotgan atrof-muhitga g'amxo'rlik qilamiz. Biz logistika xizmatlarimizning barcha bosqichlarida ekologik toza yondashuvni tanlaymiz.\n<\/div><h2 class=\"bde-heading-295-157 bde-heading\">\nBiz CO2 chiqindilarini va atrof-muhit ifloslanishini kamaytiramiz\n<\/h2><div class=\"bde-text-295-158 bde-text\">\n100% Bizning yuk mashinalar parkimiz Euro 6 emissiya standartlariga javob beradi.\n<\/div><div class=\"bde-text-295-159 bde-text\">\nBiz Latviyada yuk mashinalarimizni yangi avlod dvigatellar bilan jihozlagan birinchi tashuvchilardan birimiz, azot oksidlari va zarrachali moddalar chiqindilarini cheklaymiz.\n<\/div>\n<\/div><div class=\"bde-column-295-160 bde-column\" data-entrance=\"slideRight\">\n  \n  \n\t\n\n\n\n<img decoding=\"async\" class=\"bde-image2-295-161 bde-image2\" src=\"https:\/\/www.kreiss.lv\/wp-content\/uploads\/2025\/01\/big2.jpg\" loading=\"lazy\" srcset=\"https:\/\/www.kreiss.lv\/wp-content\/uploads\/2025\/01\/big2.jpg 780w, https:\/\/www.kreiss.lv\/wp-content\/uploads\/2025\/01\/big2-300x288.jpg 300w, https:\/\/www.kreiss.lv\/wp-content\/uploads\/2025\/01\/big2-768x737.jpg 768w\" sizes=\"(max-width: 780px) 100vw, 780px\">\n<\/div><\/div><\/div>\n<\/section><section class=\"bde-section-295-163 bde-section\">\n  \n  \n\t\n\n\n\n<div class=\"section-container\"><div class=\"bde-grid-295-164 bde-grid\">\n  \n  \n\t\n\n\n\n<div class=\"bde-div-295-165 bde-div\" data-entrance=\"slideLeft\">\n  \n  \n\t\n\n\n\n<img decoding=\"async\" class=\"bde-image2-295-166 bde-image2\" src=\"https:\/\/www.kreiss.lv\/wp-content\/uploads\/2025\/07\/jpeg-optimizer_revolution-still-life-design.jpg\" loading=\"lazy\" srcset=\"https:\/\/www.kreiss.lv\/wp-content\/uploads\/2025\/07\/jpeg-optimizer_revolution-still-life-design.jpg 900w, https:\/\/www.kreiss.lv\/wp-content\/uploads\/2025\/07\/jpeg-optimizer_revolution-still-life-design-300x200.jpg 300w, https:\/\/www.kreiss.lv\/wp-content\/uploads\/2025\/07\/jpeg-optimizer_revolution-still-life-design-768x512.jpg 768w\" sizes=\"(max-width: 900px) 100vw, 900px\">\n<\/div><div class=\"bde-div-295-167 bde-div\" data-entrance=\"slideRight\">\n  \n  \n\t\n\n\n\n<h2 class=\"bde-heading-295-168 bde-heading\">\nIchki xabar berish siyosati\n<\/h2><div class=\"bde-rich-text-295-175 bde-rich-text breakdance-rich-text-styles\">\n<div role=\"presentation\">SIA Kreiss xodimlarga qarshi qarshi choralar qo'rqmasdan har qanday xavotir yoki qoidabuzarlikni xabar qilish imkonini beruvchi xavfsiz va ochiq ish muhitini ta'minlashga sodiq. Ushbu xabardor qilish siyosati va tartibi kompaniyaning barcha faoliyat sohalarida halollik, oshkoralik va mas'uliyatni targ'ib qilish maqsadida ishlab chiqilgan, shuningdek, xodimlar va biznes hamkorlarga jamiyat, kompaniya va uning xodimlarining manfaatlariga zarar yetkazishi mumkin bo'lgan mumkin bo'lgan qonunbuzarliklarni xabar qilish imkonini beruvchi mexanizmlarni taqdim etish orqali qonuniy, halol, ochiq va shaffof ish muhitini rivojlantirishga qaratilgan.<\/div>\n<div role=\"presentation\">\u00a0<\/div>\n<div role=\"presentation\">SIA \"Kreiss\"ning xabardor qilish siyosati bilan tanishishingiz mumkin. <a href=\"https:\/\/www.kreiss.lv\/uz\/politikas\/trauksmes-celsanas-politika\/\"><u>bu yerda<\/u><\/a>.\u00a0<\/div>\n<div role=\"presentation\">\u00a0<\/div>\n<\/div><div class=\"bde-div-295-181 bde-div\">\n  \n  \n\t\n\n\n\n<div class=\"bde-rich-text-295-176 bde-rich-text breakdance-rich-text-styles\">\n<div role=\"presentation\"><strong>Xabar beruvchi hisobotni quyidagi usullar bilan topshirishi mumkin:<\/strong><\/div>\n<\/div><div class=\"bde-rich-text-295-189 bde-rich-text breakdance-rich-text-styles\">\n<p>1. Signal shaklini to'ldiring va uni quyidagi elektron pochta manziliga yuboring: <a href=\"mailto:alert@kreiss.lv\">alert@kreiss.lv<\/a><\/p>\n<\/div><div class=\"bde-text-295-183 bde-text\">\n\n<\/div><div class=\"bde-rich-text-295-188 bde-rich-text breakdance-rich-text-styles\">\n<p>2. Anonim xabar berish ushbu shaklni to'ldirish orqali mumkin. <a href=\"https:\/\/forms.kreiss.eu\/whistleblower\">Onlayn forma.<\/a><\/p>\n<\/div><div class=\"bde-button-295-185 bde-button\">\n        \n    \n    \n    \n    \n            \n                    \n            \n            \n\n    \n    \n    \n    \n    \n    <a class=\"breakdance-link button-atom button-atom--custom bde-button__button\" href=\"\/lejupieladet-failu\/?file=https:\/\/www.kreiss.lv\/wp-content\/uploads\/2025\/07\/Trauksmes_celaja_Forma_LV1.docx\" target=\"_blank\" data-type=\"url\"  >\n\n    \n        <span class=\"button-atom__text\">Formani yuklab oling<\/span>\n\n        \n        \n                <\/a>\n\n    \n\n\n<\/div>\n<\/div>\n<\/div>\n<\/div><\/div>\n<\/section>","protected":false},"excerpt":{"rendered":"<p>Kreiss ir j\u016bsu uzticamais partneris lo\u0123istik\u0101 Kreiss nodro\u0161ina \u0101tru un dro\u0161u kravas nog\u0101di galapunkt\u0101. Viena no m\u016bsu uz\u0146\u0113muma priorit\u0101t\u0113m ir individu\u0101la pieeja katram klientam. M\u016bsu uz\u0146\u0113mums r\u016bp\u0113jas, lai katrs klients b\u016btu apmierin\u0101ts ar izdar\u012bto darbu un rezult\u0101tu, tie ar\u012b ir m\u016bsu kop\u012bgie pan\u0101kumi. M\u016bsu lo\u0123istikas kvalit\u0101tes politikas pamat\u0101 ir: Nep\u0101rtraukta att\u012bst\u012bba Nep\u0101rtraukta att\u012bst\u012bba, jaunu virzienu [&hellip;]<\/p>\n","protected":false},"author":1,"featured_media":0,"parent":0,"menu_order":0,"comment_status":"closed","ping_status":"closed","template":"","meta":{"_acf_changed":false,"_breakdance_hide_in_design_set":false,"_breakdance_tags":"","footnotes":""},"class_list":["post-295","page","type-page","status-publish","hentry"],"acf":[],"_links":{"self":[{"href":"https:\/\/www.kreiss.lv\/uz\/wp-json\/wp\/v2\/pages\/295","targetHints":{"allow":["GET"]}}],"collection":[{"href":"https:\/\/www.kreiss.lv\/uz\/wp-json\/wp\/v2\/pages"}],"about":[{"href":"https:\/\/www.kreiss.lv\/uz\/wp-json\/wp\/v2\/types\/page"}],"author":[{"embeddable":true,"href":"https:\/\/www.kreiss.lv\/uz\/wp-json\/wp\/v2\/users\/1"}],"replies":[{"embeddable":true,"href":"https:\/\/www.kreiss.lv\/uz\/wp-json\/wp\/v2\/comments?post=295"}],"version-history":[{"count":27,"href":"https:\/\/www.kreiss.lv\/uz\/wp-json\/wp\/v2\/pages\/295\/revisions"}],"predecessor-version":[{"id":1146,"href":"https:\/\/www.kreiss.lv\/uz\/wp-json\/wp\/v2\/pages\/295\/revisions\/1146"}],"wp:attachment":[{"href":"https:\/\/www.kreiss.lv\/uz\/wp-json\/wp\/v2\/media?parent=295"}],"curies":[{"name":"wp","href":"https:\/\/api.w.org\/{rel}","templated":true}]}}