{"id":27,"date":"2025-01-08T14:58:56","date_gmt":"2025-01-08T12:58:56","guid":{"rendered":"https:\/\/www.kreiss.lv\/?page_id=27"},"modified":"2025-02-17T22:09:45","modified_gmt":"2025-02-17T20:09:45","slug":"par-mums","status":"publish","type":"page","link":"https:\/\/www.kreiss.lv\/uz\/par-mums\/","title":{"rendered":"Biz haqimizda"},"content":{"rendered":"<section class=\"bde-section-27-100 bde-section\">\n              \n  \n  \n\t\n\n  <div class=\"section-background-overlay\"><\/div>\n\n\n<div class=\"section-container\"><div class=\"bde-div-27-101 bde-div\">\n  \n  \n\t\n\n\n\n<h1 class=\"bde-heading-27-102 bde-heading\">\nYuk tashish<br>Biznesingizni rivojlantirish uchun\n<\/h1>\n<\/div><div class=\"bde-div-27-103 bde-div\">\n  \n  \n\t\n\n\n\n<h3 class=\"bde-heading-27-104 bde-heading\">\nKreiss Yevropadagi eng muhim yuk tashish xizmatlari ko'rsatuvchi provayderlardan biridir. <br>Kompaniya istalgan Yevropa va Mustaqil Davlatlar Hamdo\u02bbstligi mamlakatlari o\u02bbrtasida to\u02bbliq logistika xizmatlari turini taqdim etadi.\n<\/h3>\n<\/div><\/div>\n<\/section><section class=\"bde-section-27-105 bde-section\">\n  \n  \n\t\n\n\n\n<div class=\"section-container\"><div class=\"bde-div-27-204 bde-div\">\n  \n  \n\t\n\n\n\n<h2 class=\"bde-heading-27-176 bde-heading\">\nBiz tashiymiz\n<\/h2><div class=\"bde-text-27-203 bde-text\">\nBiz transport vositalarimiz parkini doimiy ravishda yangilab va rivojlantirib bormoqdamiz.\n<\/div>\n<\/div><div class=\"bde-grid-27-106 bde-grid\">\n  \n  \n\t\n\n\n\n<div class=\"bde-div-27-107 bde-div\" data-entrance=\"slideLeft\">\n  \n  \n\t\n\n\n\n<img decoding=\"async\" class=\"bde-image2-27-108 bde-image2\" src=\"https:\/\/www.kreiss.lv\/wp-content\/uploads\/2025\/01\/r-puspiekabes.png\" loading=\"lazy\" sizes=\"(max-width: 141px) 100vw, 141px\"><div class=\"bde-fancy-divider-27-111 bde-fancy-divider\">\n\n\n<div class=\"bde-fancy-divider__wrapper\">\n  <div class=\"bde-fancy-divider__separator\">\n  \t  <\/div>\n<\/div>\n\n<\/div><div class=\"bde-text-27-112 bde-text\">\nMuzlatgichli yarim treylerlar\n<\/div>\n<\/div><div class=\"bde-div-27-113 bde-div\" data-entrance=\"slideLeft\">\n  \n  \n\t\n\n\n\n<img decoding=\"async\" class=\"bde-image2-27-114 bde-image2\" src=\"https:\/\/www.kreiss.lv\/wp-content\/uploads\/2025\/01\/2lvl-puspiekabes.png\" loading=\"lazy\" sizes=\"(max-width: 142px) 100vw, 142px\"><div class=\"bde-fancy-divider-27-117 bde-fancy-divider\">\n\n\n<div class=\"bde-fancy-divider__wrapper\">\n  <div class=\"bde-fancy-divider__separator\">\n  \t  <\/div>\n<\/div>\n\n<\/div><div class=\"bde-text-27-118 bde-text\">\nIkki qavatli yarim treylerlar\n<\/div>\n<\/div><div class=\"bde-div-27-119 bde-div\" data-entrance=\"slideLeft\">\n  \n  \n\t\n\n\n\n<img decoding=\"async\" class=\"bde-image2-27-120 bde-image2\" src=\"https:\/\/www.kreiss.lv\/wp-content\/uploads\/2025\/01\/divkameru-puspiekabes.png\" loading=\"lazy\" sizes=\"(max-width: 142px) 100vw, 142px\"><div class=\"bde-fancy-divider-27-123 bde-fancy-divider\">\n\n\n<div class=\"bde-fancy-divider__wrapper\">\n  <div class=\"bde-fancy-divider__separator\">\n  \t  <\/div>\n<\/div>\n\n<\/div><div class=\"bde-text-27-124 bde-text\">\nIkki termali yarim treylerlar\n<\/div>\n<\/div><div class=\"bde-div-27-125 bde-div\" data-entrance=\"slideLeft\">\n  \n  \n\t\n\n\n\n<img decoding=\"async\" class=\"bde-image2-27-126 bde-image2\" src=\"https:\/\/www.kreiss.lv\/wp-content\/uploads\/2025\/01\/oversized.png\" loading=\"lazy\" sizes=\"(max-width: 126px) 100vw, 126px\"><div class=\"bde-fancy-divider-27-129 bde-fancy-divider\">\n\n\n<div class=\"bde-fancy-divider__wrapper\">\n  <div class=\"bde-fancy-divider__separator\">\n  \t  <\/div>\n<\/div>\n\n<\/div><div class=\"bde-text-27-130 bde-text\">\nO'lchamidan katta yarim treylerlar\n<\/div>\n<\/div><div class=\"bde-div-27-131 bde-div\" data-entrance=\"slideLeft\">\n  \n  \n\t\n\n\n\n<img decoding=\"async\" class=\"bde-image2-27-132 bde-image2\" src=\"https:\/\/www.kreiss.lv\/wp-content\/uploads\/2025\/01\/1_trawl.png\" loading=\"lazy\" sizes=\"(max-width: 188px) 100vw, 188px\"><div class=\"bde-fancy-divider-27-135 bde-fancy-divider\">\n\n\n<div class=\"bde-fancy-divider__wrapper\">\n  <div class=\"bde-fancy-divider__separator\">\n  \t  <\/div>\n<\/div>\n\n<\/div><div class=\"bde-text-27-136 bde-text\">\nYuk tashish uchun yuk mashinasi haydovchisi\n<\/div>\n<\/div>\n<\/div><\/div>\n<\/section><section class=\"bde-section-27-143 bde-section\">\n  \n  \n\t\n\n\n\n<div class=\"section-container\"><div class=\"bde-grid-27-144 bde-grid\">\n  \n  \n\t\n\n\n\n<div class=\"bde-div-27-149 bde-div\" data-entrance=\"slideLeft\">\n  \n  \n\t\n\n\n\n<img decoding=\"async\" class=\"bde-image2-27-150 bde-image2\" src=\"https:\/\/www.kreiss.lv\/wp-content\/uploads\/2025\/01\/Screenshot_2.png\" loading=\"lazy\" srcset=\"https:\/\/www.kreiss.lv\/wp-content\/uploads\/2025\/01\/Screenshot_2.png 1130w, https:\/\/www.kreiss.lv\/wp-content\/uploads\/2025\/01\/Screenshot_2-300x132.png 300w, https:\/\/www.kreiss.lv\/wp-content\/uploads\/2025\/01\/Screenshot_2-1024x450.png 1024w, https:\/\/www.kreiss.lv\/wp-content\/uploads\/2025\/01\/Screenshot_2-768x338.png 768w\" sizes=\"(max-width: 1130px) 100vw, 1130px\">\n<\/div><div class=\"bde-div-27-145 bde-div\" data-entrance=\"slideRight\">\n  \n  \n\t\n\n\n\n<h2 class=\"bde-heading-27-146 bde-heading\">\nBizning jamoamiz\n<\/h2><div class=\"bde-text-27-147 bde-text\">\n\u201eKreiss jamoasi tomonidan taqdim etiladigan har bir xizmat mijozlarimiz bilan imkon qadar eng yaxshi hamkorlikni ta'minlash uchun mo'ljallangan.\u201d\n<\/div>\n<\/div>\n<\/div><\/div>\n<\/section><section class=\"bde-section-27-175 bde-section\">\n  \n  \n\t\n\n\n\n<div class=\"section-container\"><h2 class=\"bde-heading-27-202 bde-heading\">\nBiz tashiymiz\n<\/h2><div class=\"bde-grid-27-177 bde-grid\">\n  \n  \n\t\n\n\n\n<div class=\"bde-div-27-178 bde-div\" data-entrance=\"fade\">\n  \n  \n\t\n\n\n\n<img decoding=\"async\" class=\"bde-image2-27-179 bde-image2\" src=\"https:\/\/www.kreiss.lv\/wp-content\/uploads\/2025\/01\/parvadajam-1_0.png\" loading=\"lazy\" sizes=\"(max-width: 58px) 100vw, 58px\"><div class=\"bde-fancy-divider-27-180 bde-fancy-divider\">\n\n\n<div class=\"bde-fancy-divider__wrapper\">\n  <div class=\"bde-fancy-divider__separator\">\n  \t  <\/div>\n<\/div>\n\n<\/div><div class=\"bde-text-27-181 bde-text\">\nQisqa muddatli tovarlar\n<\/div>\n<\/div><div class=\"bde-div-27-182 bde-div\" data-entrance=\"fade\">\n  \n  \n\t\n\n\n\n<img decoding=\"async\" class=\"bde-image2-27-183 bde-image2\" src=\"https:\/\/www.kreiss.lv\/wp-content\/uploads\/2025\/01\/parvadajam-2.png\" loading=\"lazy\" sizes=\"(max-width: 64px) 100vw, 64px\"><div class=\"bde-fancy-divider-27-184 bde-fancy-divider\">\n\n\n<div class=\"bde-fancy-divider__wrapper\">\n  <div class=\"bde-fancy-divider__separator\">\n  \t  <\/div>\n<\/div>\n\n<\/div><div class=\"bde-text-27-185 bde-text\">\nHarorat rejimi yuk<br>\n<\/div>\n<\/div><div class=\"bde-div-27-186 bde-div\" data-entrance=\"fade\">\n  \n  \n\t\n\n\n\n<img decoding=\"async\" class=\"bde-image2-27-187 bde-image2\" src=\"https:\/\/www.kreiss.lv\/wp-content\/uploads\/2025\/01\/parvadajam-4.png\" loading=\"lazy\" sizes=\"(max-width: 53px) 100vw, 53px\"><div class=\"bde-fancy-divider-27-188 bde-fancy-divider\">\n\n\n<div class=\"bde-fancy-divider__wrapper\">\n  <div class=\"bde-fancy-divider__separator\">\n  \t  <\/div>\n<\/div>\n\n<\/div><div class=\"bde-text-27-189 bde-text\">\nTibbiy buyumlar va kosmetika<br>\n<\/div>\n<\/div><div class=\"bde-div-27-190 bde-div\" data-entrance=\"fade\">\n  \n  \n\t\n\n\n\n<img decoding=\"async\" class=\"bde-image2-27-191 bde-image2\" src=\"https:\/\/www.kreiss.lv\/wp-content\/uploads\/2025\/01\/parvadajam-5.png\" loading=\"lazy\" sizes=\"(max-width: 67px) 100vw, 67px\"><div class=\"bde-fancy-divider-27-192 bde-fancy-divider\">\n\n\n<div class=\"bde-fancy-divider__wrapper\">\n  <div class=\"bde-fancy-divider__separator\">\n  \t  <\/div>\n<\/div>\n\n<\/div><div class=\"bde-text-27-193 bde-text\">\nXavfli\/ADR yuk<br>\n<\/div>\n<\/div><div class=\"bde-div-27-194 bde-div\" data-entrance=\"fade\">\n  \n  \n\t\n\n\n\n<img decoding=\"async\" class=\"bde-image2-27-195 bde-image2\" src=\"https:\/\/www.kreiss.lv\/wp-content\/uploads\/2025\/01\/ikonas-1.png\" loading=\"lazy\" sizes=\"(max-width: 70px) 100vw, 70px\"><div class=\"bde-fancy-divider-27-196 bde-fancy-divider\">\n\n\n<div class=\"bde-fancy-divider__wrapper\">\n  <div class=\"bde-fancy-divider__separator\">\n  \t  <\/div>\n<\/div>\n\n<\/div><div class=\"bde-text-27-197 bde-text\">\nElektronika va ayniqsa qimmatbaho yuk\n<\/div>\n<\/div><div class=\"bde-div-27-198 bde-div\" data-entrance=\"fade\">\n  \n  \n\t\n\n\n\n<img decoding=\"async\" class=\"bde-image2-27-199 bde-image2\" src=\"https:\/\/www.kreiss.lv\/wp-content\/uploads\/2025\/01\/parvadajam-3.png\" loading=\"lazy\" sizes=\"(max-width: 64px) 100vw, 64px\"><div class=\"bde-fancy-divider-27-200 bde-fancy-divider\">\n\n\n<div class=\"bde-fancy-divider__wrapper\">\n  <div class=\"bde-fancy-divider__separator\">\n  \t  <\/div>\n<\/div>\n\n<\/div><div class=\"bde-text-27-201 bde-text\">\nMuntazam va konsolidatsiyalangan yuk\n<\/div>\n<\/div>\n<\/div><\/div>\n<\/section><section class=\"bde-section-27-205 bde-section\">\n              \n  \n  \n\t\n\n  <div class=\"section-background-overlay\"><\/div>\n\n\n<div class=\"section-container\"><h2 class=\"bde-heading-27-206 bde-heading\">\nBiz erishgan yutuqlarimiz bilan faxrlanamiz\n<\/h2><div class=\"bde-text-27-232 bde-text\">\nBiz erishgan yutuqlarimiz bilan faxrlanamiz, ular jamoamizning yaqin hamkorligi, zamonaviy uskuna, atrof-muhitni muhofaza qiluvchi yechimlar va xodimlarimizning kasbiy malakasi tufayli ta'minlangan.\n<\/div><div class=\"bde-grid-27-207 bde-grid\">\n  \n  \n\t\n\n\n\n<div class=\"bde-div-27-208 bde-div\" data-entrance=\"fade\">\n  \n  \n\t\n\n\n\n<img decoding=\"async\" class=\"bde-image2-27-209 bde-image2\" src=\"https:\/\/www.kreiss.lv\/wp-content\/uploads\/2025\/01\/lepojamies1.png\" loading=\"lazy\" sizes=\"(max-width: 61px) 100vw, 61px\"><div class=\"bde-fancy-divider-27-210 bde-fancy-divider\">\n\n\n<div class=\"bde-fancy-divider__wrapper\">\n  <div class=\"bde-fancy-divider__separator\">\n  \t  <\/div>\n<\/div>\n\n<\/div><div class=\"bde-text-27-211 bde-text\">\n2021 yilda 215 000 dan ortiq muvaffaqiyatli yetkazib berishlar\n<\/div>\n<\/div><div class=\"bde-div-27-212 bde-div\" data-entrance=\"fade\">\n  \n  \n\t\n\n\n\n<img decoding=\"async\" class=\"bde-image2-27-213 bde-image2\" src=\"https:\/\/www.kreiss.lv\/wp-content\/uploads\/2025\/01\/lepojamies2.png\" loading=\"lazy\" sizes=\"(max-width: 70px) 100vw, 70px\"><div class=\"bde-fancy-divider-27-214 bde-fancy-divider\">\n\n\n<div class=\"bde-fancy-divider__wrapper\">\n  <div class=\"bde-fancy-divider__separator\">\n  \t  <\/div>\n<\/div>\n\n<\/div><div class=\"bde-text-27-215 bde-text\">\n2021 yildagi aylanma \u2013 145 million yevrodan ortiq<br>\n<\/div>\n<\/div><div class=\"bde-div-27-216 bde-div\" data-entrance=\"fade\">\n  \n  \n\t\n\n\n\n<img decoding=\"async\" class=\"bde-image2-27-217 bde-image2\" src=\"https:\/\/www.kreiss.lv\/wp-content\/uploads\/2025\/01\/lepojamies3.png\" loading=\"lazy\" sizes=\"(max-width: 99px) 100vw, 99px\"><div class=\"bde-fancy-divider-27-218 bde-fancy-divider\">\n\n\n<div class=\"bde-fancy-divider__wrapper\">\n  <div class=\"bde-fancy-divider__separator\">\n  \t  <\/div>\n<\/div>\n\n<\/div><div class=\"bde-text-27-219 bde-text\">\nYevropa, Mustaqil Davlatlar Hamdo\u02bbstligi va Osiyo mamlakatlaridagi ishonchli hamkorlik sheriklari<br>\n<\/div>\n<\/div>\n<\/div><\/div>\n<\/section><section class=\"bde-section-27-233 bde-section\">\n  \n  \n\t\n\n\n\n<div class=\"section-container\"><h2 class=\"bde-heading-27-234 bde-heading\">\nKreissni tanlang<br>Yuk tashish\n<\/h2><div class=\"bde-grid-27-235 bde-grid\">\n  \n  \n\t\n\n\n\n<div class=\"bde-div-27-236 bde-div\" data-entrance=\"fade\">\n  \n  \n\t\n\n\n\n<img decoding=\"async\" class=\"bde-image2-27-237 bde-image2\" src=\"https:\/\/www.kreiss.lv\/wp-content\/uploads\/2025\/01\/ECO_ISO_Kreiss.jpg\" loading=\"lazy\" srcset=\"https:\/\/www.kreiss.lv\/wp-content\/uploads\/2025\/01\/ECO_ISO_Kreiss.jpg 525w, https:\/\/www.kreiss.lv\/wp-content\/uploads\/2025\/01\/ECO_ISO_Kreiss-300x214.jpg 300w\" sizes=\"(max-width: 525px) 100vw, 525px\"><div class=\"bde-div-27-263 bde-div\">\n  \n  \n\t\n\n\n\n<div class=\"bde-text-27-239 bde-text\">\nSifat\n<\/div><div class=\"bde-fancy-divider-27-238 bde-fancy-divider\">\n\n\n<div class=\"bde-fancy-divider__wrapper\">\n  <div class=\"bde-fancy-divider__separator\">\n  \t  <\/div>\n<\/div>\n\n<\/div><div class=\"bde-text-27-260 bde-text\">\nA'lo darajadagi xizmat sifatiga erishish maqsadida biz ISO standartlariga muvofiq sifat boshqaruvi tizimini joriy etdik.\n<\/div>\n<\/div>\n<\/div><div class=\"bde-div-27-240 bde-div\" data-entrance=\"fade\">\n  \n  \n\t\n\n\n\n<img decoding=\"async\" class=\"bde-image2-27-241 bde-image2\" src=\"https:\/\/www.kreiss.lv\/wp-content\/uploads\/2025\/01\/D60_2345_0.png\" loading=\"lazy\" srcset=\"https:\/\/www.kreiss.lv\/wp-content\/uploads\/2025\/01\/D60_2345_0.png 525w, https:\/\/www.kreiss.lv\/wp-content\/uploads\/2025\/01\/D60_2345_0-300x214.png 300w\" sizes=\"(max-width: 525px) 100vw, 525px\"><div class=\"bde-div-27-264 bde-div\">\n  \n  \n\t\n\n\n\n<div class=\"bde-text-27-265 bde-text\">\nKassbiylik\n<\/div><div class=\"bde-fancy-divider-27-266 bde-fancy-divider\">\n\n\n<div class=\"bde-fancy-divider__wrapper\">\n  <div class=\"bde-fancy-divider__separator\">\n  \t  <\/div>\n<\/div>\n\n<\/div><div class=\"bde-text-27-267 bde-text\">\nBizning barcha xodimlarimiz a'lo darajadagi xizmat ko'rsatish sifatini ta'minlash uchun professional tarzda tayyorlangan.\n<\/div>\n<\/div>\n<\/div><div class=\"bde-div-27-244 bde-div\" data-entrance=\"fade\">\n  \n  \n\t\n\n\n\n<img decoding=\"async\" class=\"bde-image2-27-245 bde-image2\" src=\"https:\/\/www.kreiss.lv\/wp-content\/uploads\/2025\/01\/D60_2345.jpg\" loading=\"lazy\" srcset=\"https:\/\/www.kreiss.lv\/wp-content\/uploads\/2025\/01\/D60_2345.jpg 525w, https:\/\/www.kreiss.lv\/wp-content\/uploads\/2025\/01\/D60_2345-300x214.jpg 300w\" sizes=\"(max-width: 525px) 100vw, 525px\"><div class=\"bde-div-27-268 bde-div\">\n  \n  \n\t\n\n\n\n<div class=\"bde-text-27-269 bde-text\">\nEkologiya\n<\/div><div class=\"bde-fancy-divider-27-270 bde-fancy-divider\">\n\n\n<div class=\"bde-fancy-divider__wrapper\">\n  <div class=\"bde-fancy-divider__separator\">\n  \t  <\/div>\n<\/div>\n\n<\/div><div class=\"bde-text-27-271 bde-text\">\nBarqarorlik bizning ustuvorligimizdir. Biz yangi texnologiyalardan foydalangan holda ekologik toza yuk tashishni ta'minlaymiz. \n<\/div>\n<\/div>\n<\/div>\n<\/div><\/div>\n<\/section>","protected":false},"excerpt":{"rendered":"<p>Kravu p\u0101rvad\u0101jumij\u016bsu biznesa att\u012bst\u012bbai Kreiss ir viens no noz\u012bm\u012bg\u0101kajiem kravu p\u0101rvad\u0101jumu pakalpojumu sniedz\u0113jiem Eirop\u0101. Uz\u0146\u0113mums nodro\u0161ina pilnulo\u0123istikas pakalpojumu kl\u0101stu starp jebkuru Eiropas un NVS valsti. M\u0113s p\u0101rvad\u0101jam Nemit\u012bgi atjaunin\u0101m un att\u012bst\u0101m m\u016bsu autoparku. Refri\u017eeratoru puspiekabes Divu l\u012bme\u0146u puspiekabes Bi-thermal puspiekabes Negabar\u012btu puspiekabes Autoved\u0113js kravas auto transport\u0113\u0161anai M\u016bsu komanda \u201eIkkatrs Kreiss komandas pakalpojums tiek sniegts, lai [&hellip;]<\/p>\n","protected":false},"author":1,"featured_media":0,"parent":0,"menu_order":0,"comment_status":"closed","ping_status":"closed","template":"","meta":{"_acf_changed":false,"_breakdance_hide_in_design_set":false,"_breakdance_tags":"","footnotes":""},"class_list":["post-27","page","type-page","status-publish","hentry"],"acf":[],"_links":{"self":[{"href":"https:\/\/www.kreiss.lv\/uz\/wp-json\/wp\/v2\/pages\/27","targetHints":{"allow":["GET"]}}],"collection":[{"href":"https:\/\/www.kreiss.lv\/uz\/wp-json\/wp\/v2\/pages"}],"about":[{"href":"https:\/\/www.kreiss.lv\/uz\/wp-json\/wp\/v2\/types\/page"}],"author":[{"embeddable":true,"href":"https:\/\/www.kreiss.lv\/uz\/wp-json\/wp\/v2\/users\/1"}],"replies":[{"embeddable":true,"href":"https:\/\/www.kreiss.lv\/uz\/wp-json\/wp\/v2\/comments?post=27"}],"version-history":[{"count":16,"href":"https:\/\/www.kreiss.lv\/uz\/wp-json\/wp\/v2\/pages\/27\/revisions"}],"predecessor-version":[{"id":375,"href":"https:\/\/www.kreiss.lv\/uz\/wp-json\/wp\/v2\/pages\/27\/revisions\/375"}],"wp:attachment":[{"href":"https:\/\/www.kreiss.lv\/uz\/wp-json\/wp\/v2\/media?parent=27"}],"curies":[{"name":"wp","href":"https:\/\/api.w.org\/{rel}","templated":true}]}}