{"id":53,"date":"2025-01-08T15:08:27","date_gmt":"2025-01-08T13:08:27","guid":{"rendered":"https:\/\/www.kreiss.lv\/?page_id=53"},"modified":"2026-01-12T09:56:27","modified_gmt":"2026-01-12T07:56:27","slug":"sakums-3","status":"publish","type":"page","link":"https:\/\/www.kreiss.lv\/ru\/","title":{"rendered":"\u0413\u043b\u0430\u0432\u043d\u0430\u044f"},"content":{"rendered":"<section class=\"bde-section-53-100 bde-section\">\n  \n  \n\t\n\n\n\n<div class=\"section-container\"><div class=\"bde-div-53-101 bde-div\">\n  \n  \n\t\n\n\n\n<h1 class=\"bde-heading-53-102 bde-heading\">\n\u0413\u0440\u0443\u0437\u043e\u0432\u044b\u0435 \u043f\u0435\u0440\u0435\u0432\u043e\u0437\u043a\u0438\n<\/h1>\n<\/div><div class=\"bde-div-53-103 bde-div\">\n  \n  \n\t\n\n\n\n<h3 class=\"bde-heading-53-104 bde-heading\">\n\u0412 \u043b\u044e\u0431\u0443\u044e \u0441\u0442\u0440\u0430\u043d\u0443 \u0415\u0421\n<\/h3>\n<\/div><\/div>\n<\/section><section class=\"bde-section-53-105 bde-section\">\n  \n  \n\t\n\n\n\n<div class=\"section-container\"><div class=\"bde-grid-53-106 bde-grid\">\n  \n  \n\t\n\n\n\n<div class=\"bde-div-53-107 bde-div\" data-entrance=\"slideUp\">\n  \n  \n\t\n\n\n\n<img decoding=\"async\" class=\"bde-image2-53-208 bde-image2\" src=\"https:\/\/www.kreiss.lv\/wp-content\/uploads\/2025\/01\/graphic1.png\" loading=\"lazy\" sizes=\"(max-width: 50px) 100vw, 50px\"><div class=\"bde-text-53-110 bde-text\">\n\u0411\u041e\u041b\u0415\u0415 \u0427\u0415\u041c:\n<\/div><div class=\"bde-text-53-111 bde-text\">\n1500\n<\/div><div class=\"bde-fancy-divider-53-113 bde-fancy-divider\">\n\n\n<div class=\"bde-fancy-divider__wrapper\">\n  <div class=\"bde-fancy-divider__separator\">\n  \t  <\/div>\n<\/div>\n\n<\/div><div class=\"bde-text-53-112 bde-text\">\n\u043c\u0430\u0448\u0438\u043d \u0432 \u0430\u0432\u0442\u043e\u043f\u0430\u0440\u043a\u0435\n<\/div>\n<\/div><div class=\"bde-div-53-114 bde-div\" data-entrance=\"slideUp\">\n  \n  \n\t\n\n\n\n<img decoding=\"async\" class=\"bde-image2-53-209 bde-image2\" src=\"https:\/\/www.kreiss.lv\/wp-content\/uploads\/2025\/01\/graphic2.png\" loading=\"lazy\" sizes=\"(max-width: 56px) 100vw, 56px\"><div class=\"bde-text-53-116 bde-text\">\n\u0411\u041e\u041b\u0415\u0415 \u0427\u0415\u041c:\n<\/div><div class=\"bde-text-53-117 bde-text\">\n2800\n<\/div><div class=\"bde-fancy-divider-53-118 bde-fancy-divider\">\n\n\n<div class=\"bde-fancy-divider__wrapper\">\n  <div class=\"bde-fancy-divider__separator\">\n  \t  <\/div>\n<\/div>\n\n<\/div><div class=\"bde-text-53-119 bde-text\">\n\u043f\u0440\u043e\u0444\u0435\u0441\u0441\u0438\u043e\u043d\u0430\u043b\u044c\u043d\u044b\u0445 \u0441\u043e\u0442\u0440\u0443\u0434\u043d\u0438\u043a\u043e\u0432\n<\/div>\n<\/div><div class=\"bde-div-53-120 bde-div\" data-entrance=\"slideUp\">\n  \n  \n\t\n\n\n\n<img decoding=\"async\" class=\"bde-image2-53-210 bde-image2\" src=\"https:\/\/www.kreiss.lv\/wp-content\/uploads\/2025\/01\/graphic3.png\" loading=\"lazy\" sizes=\"(max-width: 54px) 100vw, 54px\"><div class=\"bde-text-53-122 bde-text\">\n\u0411\u041e\u041b\u0415\u0415 \u0427\u0415\u041c:\n<\/div><div class=\"bde-text-53-123 bde-text\">\n220 000\n<\/div><div class=\"bde-fancy-divider-53-124 bde-fancy-divider\">\n\n\n<div class=\"bde-fancy-divider__wrapper\">\n  <div class=\"bde-fancy-divider__separator\">\n  \t  <\/div>\n<\/div>\n\n<\/div><div class=\"bde-text-53-125 bde-text\">\n\u0434\u043e\u0441\u0442\u0430\u0432\u043e\u043a \u0432 <br>2024\n<\/div>\n<\/div><div class=\"bde-div-53-126 bde-div\" data-entrance=\"slideUp\">\n  \n  \n\t\n\n\n\n<img decoding=\"async\" class=\"bde-image2-53-211 bde-image2\" src=\"https:\/\/www.kreiss.lv\/wp-content\/uploads\/2025\/01\/graphic4.png\" loading=\"lazy\" sizes=\"(max-width: 54px) 100vw, 54px\"><div class=\"bde-text-53-128 bde-text\">\n\u0423\u0420\u041e\u0412\u0415\u041d\u042c \u0412\u042b\u0411\u0420\u041e\u0421\u041e\u0412\n<\/div><div class=\"bde-text-53-129 bde-text\">\n\u0415\u0432\u0440\u043e 6\n<\/div><div class=\"bde-fancy-divider-53-130 bde-fancy-divider\">\n\n\n<div class=\"bde-fancy-divider__wrapper\">\n  <div class=\"bde-fancy-divider__separator\">\n  \t  <\/div>\n<\/div>\n\n<\/div><div class=\"bde-text-53-131 bde-text\">\n\u0412\u0441\u0435 \u043d\u0430\u0448\u0438 \u0442\u044f\u0433\u0430\u0447\u0438 100% \u0441\u043e\u043e\u0442\u0432\u0435\u0442\u0441\u0442\u0432\u0443\u044e\u0442 \u0441\u0442\u0430\u043d\u0434\u0430\u0440\u0442\u0443 \u0415\u0432\u0440\u043e-6\n<\/div>\n<\/div><div class=\"bde-div-53-132 bde-div\" data-entrance=\"slideUp\">\n  \n  \n\t\n\n\n\n<img decoding=\"async\" class=\"bde-image2-53-212 bde-image2\" src=\"https:\/\/www.kreiss.lv\/wp-content\/uploads\/2025\/01\/graphic5.png\" loading=\"lazy\" sizes=\"(max-width: 52px) 100vw, 52px\"><div class=\"bde-text-53-134 bde-text\">\n\u0411\u041e\u041b\u0415\u0415 \u0427\u0415\u041c:\n<\/div><div class=\"bde-text-53-135 bde-text\">\n1800\n<\/div><div class=\"bde-fancy-divider-53-136 bde-fancy-divider\">\n\n\n<div class=\"bde-fancy-divider__wrapper\">\n  <div class=\"bde-fancy-divider__separator\">\n  \t  <\/div>\n<\/div>\n\n<\/div><div class=\"bde-text-53-137 bde-text\">\n\u043f\u043e\u043b\u0443\u043f\u0440\u0438\u0446\u0435\u043f\u043e\u0432-\u0440\u0435\u0444\u0440\u0438\u0436\u0435\u0440\u0430\u0442\u043e\u0440\u043e\u0432\n<\/div>\n<\/div><div class=\"bde-div-53-138 bde-div\" data-entrance=\"slideUp\">\n  \n  \n\t\n\n\n\n<img decoding=\"async\" class=\"bde-image2-53-213 bde-image2\" src=\"https:\/\/www.kreiss.lv\/wp-content\/uploads\/2025\/01\/graphic6.png\" loading=\"lazy\" sizes=\"(max-width: 56px) 100vw, 56px\"><div class=\"bde-text-53-140 bde-text\">\n\u041e\u0421\u041d\u041e\u0412\u0410\u041d:\n<\/div><div class=\"bde-text-53-141 bde-text\">\n1994\n<\/div><div class=\"bde-fancy-divider-53-142 bde-fancy-divider\">\n\n\n<div class=\"bde-fancy-divider__wrapper\">\n  <div class=\"bde-fancy-divider__separator\">\n  \t  <\/div>\n<\/div>\n\n<\/div><div class=\"bde-text-53-143 bde-text\">\n\u0433\u043e\u0434\u0443\n<\/div>\n<\/div>\n<\/div><\/div>\n<\/section><section class=\"bde-section-53-108 bde-section\" data-parallax=\"true\">\n  \n  \n\t\n\n\n\n<div class=\"section-container\"><div class=\"bde-columns-53-220 bde-columns\"><div class=\"bde-column-53-221 bde-column\" data-entrance=\"slideLeft\">\n  \n  \n\t\n\n\n\n<h2 class=\"bde-heading-53-149 bde-heading\">\n\u0412\u044b\u0434\u0430\u044e\u0449\u0438\u0435\u0441\u044f \u043b\u043e\u0433\u0438\u0441\u0442\u0438\u0447\u0435\u0441\u043a\u0438\u0435 <br>\u0443\u0441\u043b\u0443\u0433\u0438 \n<\/h2><div class=\"bde-text-53-150 bde-text\">\n\u041c\u044b \u043f\u0440\u0435\u0434\u043e\u0441\u0442\u0430\u0432\u043b\u044f\u0435\u043c \u043f\u043e\u043b\u043d\u044b\u0439 \u0441\u043f\u0435\u043a\u0442\u0440 \u0442\u0440\u0430\u043d\u0441\u043f\u043e\u0440\u0442\u043d\u044b\u0445 \u0443\u0441\u043b\u0443\u0433 \u043d\u0430 \u0441\u0430\u043c\u043e\u043c \u0432\u044b\u0441\u043e\u043a\u043e\u043c \u0443\u0440\u043e\u0432\u043d\u0435 \u0441 \u0438\u043d\u043d\u043e\u0432\u0430\u0446\u0438\u043e\u043d\u043d\u044b\u043c \u043f\u043e\u0434\u0445\u043e\u0434\u043e\u043c. \u0427\u0443\u0432\u0441\u0442\u0432\u0443\u0439\u0442\u0435 \u0441\u0435\u0431\u044f \u0432 \u0431\u0435\u0437\u043e\u043f\u0430\u0441\u043d\u043e\u0441\u0442\u0438 \u0438 \u0440\u0430\u0437\u0432\u0438\u0432\u0430\u0439\u0442\u0435 \u0441\u0432\u043e\u0439 \u0431\u0438\u0437\u043d\u0435\u0441, \u043e\u0442\u0441\u043b\u0435\u0436\u0438\u0432\u0430\u044f \u043c\u0430\u0440\u0448\u0440\u0443\u0442 \u043a\u0430\u0436\u0434\u043e\u0439 \u043f\u0435\u0440\u0435\u0432\u043e\u0437\u043a\u0438.\n<\/div><div class=\"bde-button-53-151 bde-button\">\n    \n                        \n                        \n    \n    \n    \n    \n            \n                    \n            \n            \n\n    \n    \n    \n    \n    \n    <a class=\"breakdance-link button-atom button-atom--custom bde-button__button\" href=\"https:\/\/www.kreiss.lv\/ru\/logistikas-pakalpojumi\/\" target=\"_self\" data-type=\"url\"  >\n\n    \n        <span class=\"button-atom__text\">\u0423\u0437\u043d\u0430\u0442\u044c \u0431\u043e\u043b\u044c\u0448\u0435<\/span>\n\n        \n        \n                <\/a>\n\n    \n\n\n<\/div>\n<\/div><div class=\"bde-column-53-222 bde-column\" data-entrance=\"slideRight\">\n  \n  \n\t\n\n\n\n<img decoding=\"async\" class=\"bde-image2-53-148 bde-image2\" src=\"https:\/\/www.kreiss.lv\/wp-content\/uploads\/2025\/01\/kreiss-meitene3-1.jpg\" loading=\"lazy\" srcset=\"https:\/\/www.kreiss.lv\/wp-content\/uploads\/2025\/01\/kreiss-meitene3-1.jpg 843w, https:\/\/www.kreiss.lv\/wp-content\/uploads\/2025\/01\/kreiss-meitene3-1-300x230.jpg 300w, https:\/\/www.kreiss.lv\/wp-content\/uploads\/2025\/01\/kreiss-meitene3-1-768x589.jpg 768w\" sizes=\"(max-width: 843px) 100vw, 843px\">\n<\/div><\/div><\/div>\n<\/section><section class=\"bde-section-53-152 bde-section\" data-parallax=\"true\">\n  \n  \n\t\n\n\n\n<div class=\"section-container\"><div class=\"bde-columns-53-223 bde-columns\"><div class=\"bde-column-53-224 bde-column\" data-entrance=\"slideLeft\">\n  \n  \n\t\n\n\n\n<img decoding=\"async\" class=\"bde-image2-53-159 bde-image2\" src=\"https:\/\/www.kreiss.lv\/wp-content\/uploads\/2025\/01\/about2-1.jpg\" loading=\"lazy\" srcset=\"https:\/\/www.kreiss.lv\/wp-content\/uploads\/2025\/01\/about2-1.jpg 1089w, https:\/\/www.kreiss.lv\/wp-content\/uploads\/2025\/01\/about2-1-300x269.jpg 300w, https:\/\/www.kreiss.lv\/wp-content\/uploads\/2025\/01\/about2-1-1024x917.jpg 1024w, https:\/\/www.kreiss.lv\/wp-content\/uploads\/2025\/01\/about2-1-768x688.jpg 768w\" sizes=\"(max-width: 1089px) 100vw, 1089px\">\n<\/div><div class=\"bde-column-53-225 bde-column\" data-entrance=\"slideRight\">\n  \n  \n\t\n\n\n\n<h2 class=\"bde-heading-53-155 bde-heading\">\n\u0418\u043d\u0434\u0438\u0432\u0438\u0434\u0443\u0430\u043b\u044c\u043d\u044b\u0439 <br>\u043f\u043e\u0434\u0445\u043e\u0434\n<\/h2><div class=\"bde-text-53-156 bde-text\">\n\u041e\u0434\u043d\u0438\u043c \u0438\u0437 \u043f\u0440\u0438\u043e\u0440\u0438\u0442\u0435\u0442\u043e\u0432 \u043d\u0430\u0448\u0435\u0439 \u043a\u043e\u043c\u043f\u0430\u043d\u0438\u0438 \u044f\u0432\u043b\u044f\u0435\u0442\u0441\u044f \u0438\u043d\u0434\u0438\u0432\u0438\u0434\u0443\u0430\u043b\u044c\u043d\u044b\u0439 \u043f\u043e\u0434\u0445\u043e\u0434 \u043a \u043a\u0430\u0436\u0434\u043e\u043c\u0443 \u043a\u043b\u0438\u0435\u043d\u0442\u0443. \u041c\u044b \u0437\u0430\u0431\u043e\u0442\u0438\u0442\u0441\u044f \u043e \u0442\u043e\u043c, \u0447\u0442\u043e\u0431\u044b \u043a\u0430\u0436\u0434\u044b\u0439 \u043a\u043b\u0438\u0435\u043d\u0442 \u043e\u0441\u0442\u0430\u043b\u0441\u044f \u0434\u043e\u0432\u043e\u043b\u0435\u043d \u0440\u0430\u0431\u043e\u0442\u043e\u0439 \u0438 \u0440\u0435\u0437\u0443\u043b\u044c\u0442\u0430\u0442\u043e\u043c - \u044d\u0442\u043e \u0438 \u0435\u0441\u0442\u044c \u043d\u0430\u0448 \u043e\u0431\u0449\u0438\u0439 \u0443\u0441\u043f\u0435\u0445.\n<\/div>\n<\/div><\/div><\/div>\n<\/section><section class=\"bde-section-53-160 bde-section\" data-parallax=\"true\">\n  \n  \n\t\n\n\n\n<div class=\"section-container\"><div class=\"bde-columns-53-226 bde-columns\"><div class=\"bde-column-53-227 bde-column\" data-entrance=\"slideLeft\">\n  \n  \n\t\n\n\n\n<h2 class=\"bde-heading-53-163 bde-heading\">\n\u041f\u0440\u043e\u0444\u0435\u0441\u0441\u0438\u043e\u043d\u0430\u043b\u044c\u043d\u0430\u044f <br>\u043a\u043e\u043c\u0430\u043d\u0434\u0430\n<\/h2><div class=\"bde-text-53-164 bde-text\">\n\u041d\u0430\u0448\u0438 \u0432\u043e\u0434\u0438\u0442\u0435\u043b\u0438 \u043e\u0442\u043b\u0438\u0447\u0430\u044e\u0442\u0441\u044f \u0431\u0435\u0437\u043e\u043f\u0430\u0441\u043d\u044b\u043c \u0438 \u044d\u043a\u043e\u043d\u043e\u043c\u0438\u0447\u043d\u044b\u043c \u0432\u043e\u0436\u0434\u0435\u043d\u0438\u0435\u043c. \u0412\u0441\u0435 \u043d\u0430\u0448\u0438 \u0432\u043e\u0434\u0438\u0442\u0435\u043b\u0438 \u043f\u0440\u043e\u0444\u0435\u0441\u0441\u0438\u043e\u043d\u0430\u043b\u044b \u0438 \u0438\u043c\u0435\u044e\u0442 \u0431\u043e\u043b\u044c\u0448\u043e\u0439 \u043e\u043f\u044b\u0442 \u0432 \u0441\u0444\u0435\u0440\u0435 \u0433\u0440\u0443\u0437\u043e\u043f\u0435\u0440\u0435\u0432\u043e\u0437\u043e\u043a. \u042d\u0442\u043e \u0433\u0430\u0440\u0430\u043d\u0442\u0438\u0440\u0443\u0435\u0442 \u0441\u043e\u0445\u0440\u0430\u043d\u043d\u043e\u0441\u0442\u044c \u0432\u0430\u0448\u0435\u0433\u043e \u0433\u0440\u0443\u0437\u0430 \u0432\u043e \u0432\u0440\u0435\u043c\u044f \u0442\u0440\u0430\u043d\u0441\u043f\u043e\u0440\u0442\u0438\u0440\u043e\u0432\u043a\u0438, \u0440\u0430\u0437\u0433\u0440\u0443\u0437\u043a\u0438 \u0438 \u043f\u043e\u0433\u0440\u0443\u0437\u043a\u0438.<br>\n<\/div><div class=\"bde-button-53-165 bde-button\">\n    \n                        \n                        \n    \n    \n    \n    \n            \n                    \n            \n            \n\n    \n    \n    \n    \n    \n    <a class=\"breakdance-link button-atom button-atom--custom bde-button__button\" href=\"https:\/\/www.kreiss.lv\/ru\/darbs-autovaditajiem\/\" target=\"_self\" data-type=\"url\"  >\n\n    \n        <span class=\"button-atom__text\">\u0423\u0437\u043d\u0430\u0442\u044c \u0431\u043e\u043b\u044c\u0448\u0435<\/span>\n\n        \n        \n                <\/a>\n\n    \n\n\n<\/div>\n<\/div><div class=\"bde-column-53-228 bde-column\" data-entrance=\"slideRight\">\n  \n  \n\t\n\n\n\n<img decoding=\"async\" class=\"bde-image2-53-167 bde-image2\" src=\"https:\/\/www.kreiss.lv\/wp-content\/uploads\/2025\/01\/about3-1.jpg\" loading=\"lazy\" srcset=\"https:\/\/www.kreiss.lv\/wp-content\/uploads\/2025\/01\/about3-1.jpg 1262w, https:\/\/www.kreiss.lv\/wp-content\/uploads\/2025\/01\/about3-1-300x232.jpg 300w, https:\/\/www.kreiss.lv\/wp-content\/uploads\/2025\/01\/about3-1-1024x791.jpg 1024w, https:\/\/www.kreiss.lv\/wp-content\/uploads\/2025\/01\/about3-1-768x593.jpg 768w\" sizes=\"(max-width: 1262px) 100vw, 1262px\">\n<\/div><\/div><\/div>\n<\/section><section class=\"bde-section-53-168 bde-section\" data-parallax=\"true\">\n  \n  \n\t\n\n\n\n<div class=\"section-container\"><div class=\"bde-columns-53-229 bde-columns\"><div class=\"bde-column-53-230 bde-column\" data-entrance=\"slideLeft\">\n  \n  \n\t\n\n\n\n<img decoding=\"async\" class=\"bde-image2-53-171 bde-image2\" src=\"https:\/\/www.kreiss.lv\/wp-content\/uploads\/2025\/01\/about4-1.jpg\" loading=\"lazy\" srcset=\"https:\/\/www.kreiss.lv\/wp-content\/uploads\/2025\/01\/about4-1.jpg 1140w, https:\/\/www.kreiss.lv\/wp-content\/uploads\/2025\/01\/about4-1-300x257.jpg 300w, https:\/\/www.kreiss.lv\/wp-content\/uploads\/2025\/01\/about4-1-1024x876.jpg 1024w, https:\/\/www.kreiss.lv\/wp-content\/uploads\/2025\/01\/about4-1-768x657.jpg 768w\" sizes=\"(max-width: 1140px) 100vw, 1140px\">\n<\/div><div class=\"bde-column-53-231 bde-column\" data-entrance=\"slideRight\">\n  \n  \n\t\n\n\n\n<h2 class=\"bde-heading-53-173 bde-heading\">\n\u0423\u0441\u0442\u043e\u0439\u0447\u0438\u0432\u043e\u0435 \u0440\u0430\u0437\u0432\u0438\u0442\u0438\u0435\n<\/h2><div class=\"bde-text-53-174 bde-text\">\n\u0418\u0441\u043f\u043e\u043b\u044c\u0437\u043e\u0432\u0430\u043d\u0438\u0435 \u0438\u043d\u043d\u043e\u0432\u0430\u0446\u0438\u043e\u043d\u043d\u044b\u0445, \u044d\u043a\u043e\u043b\u043e\u0433\u0438\u0447\u0435\u0441\u043a\u0438 \u0431\u0435\u0437\u043e\u043f\u0430\u0441\u043d\u044b\u0445 \u0440\u0435\u0448\u0435\u043d\u0438\u0439 \u0432 \u043b\u043e\u0433\u0438\u0441\u0442\u0438\u043a\u0435 \u043f\u043e\u0437\u0432\u043e\u043b\u044f\u0435\u0442 \u043d\u0430\u043c \u0431\u044b\u0442\u044c \u043e\u0434\u043d\u043e\u0439 \u0438\u0437 \u043f\u0435\u0440\u0432\u044b\u0445 \u043a\u043e\u043c\u043f\u0430\u043d\u0438\u0439, \u0438\u0441\u043f\u043e\u043b\u044c\u0437\u0443\u044e\u0449\u0438\u0445 \u043d\u043e\u0432\u0435\u0439\u0448\u0438\u0435 \u0430\u0432\u0442\u043e\u043c\u043e\u0431\u0438\u043b\u0438 \u0441\u0442\u0430\u043d\u0434\u0430\u0440\u0442\u0430 \u0415\u0432\u0440\u043e-6 \u0438 \u0448\u0438\u043d\u044b \u0441 \u043d\u0438\u0437\u043a\u0438\u043c \u0441\u043e\u043f\u0440\u043e\u0442\u0438\u0432\u043b\u0435\u043d\u0438\u0435\u043c \u043a\u0430\u0447\u0435\u043d\u0438\u044e.\n<\/div><div class=\"bde-button-53-175 bde-button\">\n    \n                        \n                        \n    \n    \n    \n    \n            \n                    \n            \n            \n\n    \n    \n    \n    \n    \n    <a class=\"breakdance-link button-atom button-atom--custom bde-button__button\" href=\"https:\/\/www.kreiss.lv\/ru\/ilgtspeja\/\" target=\"_self\" data-type=\"url\"  >\n\n    \n        <span class=\"button-atom__text\">\u0423\u0437\u043d\u0430\u0442\u044c \u0431\u043e\u043b\u044c\u0448\u0435<\/span>\n\n        \n        \n                <\/a>\n\n    \n\n\n<\/div>\n<\/div><\/div><\/div>\n<\/section><section class=\"bde-section-53-176 bde-section\">\n  \n  \n\t\n\n\n\n<div class=\"section-container\"><h2 class=\"bde-heading-53-181 bde-heading\">\n\u041a\u0430\u043a \u043c\u044b \u043e\u0431\u0435\u0441\u043f\u0435\u0447\u0438\u0432\u0430\u0435\u043c \u043f\u0440\u0435\u0432\u043e\u0441\u0445\u043e\u0434\u043d\u043e\u0435 \u043a\u0430\u0447\u0435\u0441\u0442\u0432\u043e \u043e\u0431\u0441\u043b\u0443\u0436\u0438\u0432\u0430\u043d\u0438\u044f<br>\n<\/h2><div class=\"bde-grid-53-177 bde-grid\">\n  \n  \n\t\n\n\n\n<div class=\"bde-div-53-178 bde-div\" data-entrance=\"fade\">\n  \n  \n\t\n\n\n\n<img decoding=\"async\" class=\"bde-image2-53-214 bde-image2\" src=\"https:\/\/www.kreiss.lv\/wp-content\/uploads\/2025\/01\/icon1.png\" loading=\"lazy\" sizes=\"(max-width: 59px) 100vw, 59px\"><div class=\"bde-fancy-divider-53-187 bde-fancy-divider\">\n\n\n<div class=\"bde-fancy-divider__wrapper\">\n  <div class=\"bde-fancy-divider__separator\">\n  \t  <\/div>\n<\/div>\n\n<\/div><div class=\"bde-text-53-186 bde-text\">\n\u0411\u043e\u043b\u044c\u0448\u0438\u043d\u0441\u0442\u0432\u043e \u0433\u0440\u0443\u0437\u043e\u0432\u044b\u0445 \u043f\u0435\u0440\u0435\u0432\u043e\u0437\u043e\u043a <br>\u043e\u0441\u0443\u0449\u0435\u0441\u0442\u0432\u043b\u044f\u0435\u0442\u0441\u044f \u044d\u043a\u0438\u043f\u0430\u0436\u0435\u043c \u0438\u0437 \u0434\u0432\u0443\u0445 \u0432\u043e\u0434\u0438\u0442\u0435\u043b\u0435\u0439\n<\/div>\n<\/div><div class=\"bde-div-53-188 bde-div\" data-entrance=\"fade\">\n  \n  \n\t\n\n\n\n<img decoding=\"async\" class=\"bde-image2-53-215 bde-image2\" src=\"https:\/\/www.kreiss.lv\/wp-content\/uploads\/2025\/01\/icon2.png\" loading=\"lazy\" sizes=\"(max-width: 79px) 100vw, 79px\"><div class=\"bde-fancy-divider-53-190 bde-fancy-divider\">\n\n\n<div class=\"bde-fancy-divider__wrapper\">\n  <div class=\"bde-fancy-divider__separator\">\n  \t  <\/div>\n<\/div>\n\n<\/div><div class=\"bde-text-53-191 bde-text\">\n\u041d\u0430\u0448\u0438 \u0441\u043e\u0442\u0440\u0443\u0434\u043d\u0438\u043a\u0438 \u043e\u0431\u043b\u0430\u0434\u0430\u044e\u0442 \u0433\u043b\u0443\u0431\u043e\u043a\u0438\u043c\u0438 <br>\u0437\u043d\u0430\u043d\u0438\u044f\u043c\u0438 \u0432 \u0441\u0444\u0435\u0440\u0435 \u043b\u043e\u0433\u0438\u0441\u0442\u0438\u043a\u0438\n<\/div>\n<\/div><div class=\"bde-div-53-192 bde-div\" data-entrance=\"fade\">\n  \n  \n\t\n\n\n\n<img decoding=\"async\" class=\"bde-image2-53-216 bde-image2\" src=\"https:\/\/www.kreiss.lv\/wp-content\/uploads\/2025\/01\/icon3.png\" loading=\"lazy\" sizes=\"(max-width: 51px) 100vw, 51px\"><div class=\"bde-fancy-divider-53-194 bde-fancy-divider\">\n\n\n<div class=\"bde-fancy-divider__wrapper\">\n  <div class=\"bde-fancy-divider__separator\">\n  \t  <\/div>\n<\/div>\n\n<\/div><div class=\"bde-text-53-195 bde-text\">\n\u0421\u0438\u0441\u0442\u0435\u043c\u0430 \u0443\u043f\u0440\u0430\u0432\u043b\u0435\u043d\u0438\u044f \u043a\u0430\u0447\u0435\u0441\u0442\u0432\u043e\u043c <br>\u0441\u043e\u043e\u0442\u0432\u0435\u0442\u0441\u0442\u0432\u0443\u044e\u0449\u0430\u044f \u0441\u0442\u0430\u043d\u0434\u0430\u0440\u0442\u0430\u043c ISO<br>\n<\/div>\n<\/div><div class=\"bde-div-53-196 bde-div\" data-entrance=\"fade\">\n  \n  \n\t\n\n\n\n<img decoding=\"async\" class=\"bde-image2-53-219 bde-image2\" src=\"https:\/\/www.kreiss.lv\/wp-content\/uploads\/2025\/01\/icon4.png\" loading=\"lazy\" sizes=\"(max-width: 78px) 100vw, 78px\"><div class=\"bde-fancy-divider-53-198 bde-fancy-divider\">\n\n\n<div class=\"bde-fancy-divider__wrapper\">\n  <div class=\"bde-fancy-divider__separator\">\n  \t  <\/div>\n<\/div>\n\n<\/div><div class=\"bde-text-53-199 bde-text\">\n\u041c\u044b \u0440\u0430\u0431\u043e\u0442\u0430\u0435\u043c 365 \u0434\u043d\u0435\u0439 \u0432 \u0433\u043e\u0434\u0443 24\/7 <br>\u0438 \u0433\u043e\u0432\u043e\u0440\u0438\u043c \u043d\u0430 \u0432\u0430\u0448\u0435\u043c \u0440\u043e\u0434\u043d\u043e\u043c \u044f\u0437\u044b\u043a\u0435\n<\/div>\n<\/div><div class=\"bde-div-53-200 bde-div\" data-entrance=\"fade\">\n  \n  \n\t\n\n\n\n<img decoding=\"async\" class=\"bde-image2-53-218 bde-image2\" src=\"https:\/\/www.kreiss.lv\/wp-content\/uploads\/2025\/01\/icon5.png\" loading=\"lazy\" sizes=\"(max-width: 114px) 100vw, 114px\"><div class=\"bde-fancy-divider-53-202 bde-fancy-divider\">\n\n\n<div class=\"bde-fancy-divider__wrapper\">\n  <div class=\"bde-fancy-divider__separator\">\n  \t  <\/div>\n<\/div>\n\n<\/div><div class=\"bde-text-53-203 bde-text\">\n\u041d\u0430\u0434\u0435\u0436\u043d\u0430\u044f \u0438 \u0441\u043e\u0432\u0440\u0435\u043c\u0435\u043d\u043d\u0430\u044f \u0442\u0435\u0445\u043d\u0438\u043a\u0430; <br>\u0442\u044f\u0433\u0430\u0447\u0438 \u0438 \u043f\u043e\u043b\u0443\u043f\u0440\u0438\u0446\u0435\u043f\u044b\n<\/div>\n<\/div><div class=\"bde-div-53-204 bde-div\" data-entrance=\"fade\">\n  \n  \n\t\n\n\n\n<img decoding=\"async\" class=\"bde-image2-53-217 bde-image2\" src=\"https:\/\/www.kreiss.lv\/wp-content\/uploads\/2025\/01\/icon6.png\" loading=\"lazy\" sizes=\"(max-width: 63px) 100vw, 63px\"><div class=\"bde-fancy-divider-53-206 bde-fancy-divider\">\n\n\n<div class=\"bde-fancy-divider__wrapper\">\n  <div class=\"bde-fancy-divider__separator\">\n  \t  <\/div>\n<\/div>\n\n<\/div><div class=\"bde-text-53-207 bde-text\">\n\u041a\u043e\u043d\u0442\u0440\u043e\u043b\u044c \u0442\u0435\u043c\u043f\u0435\u0440\u0430\u0442\u0443\u0440\u044b \u0433\u0440\u0443\u0437\u0430 <br>\u0432\u043e \u0432\u0440\u0435\u043c\u044f \u0432\u0441\u0435\u0433\u043e \u043f\u0443\u0442\u0438\n<\/div>\n<\/div>\n<\/div><\/div>\n<\/section>","protected":false},"excerpt":{"rendered":"<p>Kravu p\u0101rvad\u0101jumi Uz jebkuru ES valsti VAIR\u0100K NEK\u0100: 1500 kravas automa\u0161\u012bnu autopark\u0101 VAIR\u0100K NEK\u0100: 2800 profesion\u0101lu darbinieku VAIR\u0100K NEK\u0100: 220 000 p\u0101rvad\u0101jumu 2024. gad\u0101 IZME\u0160U L\u012aMENIS Euro 6 100% kravas automa\u0161\u012bnas atbilst Euro 6 standartam VAIR\u0100K NEK\u0100: 1800 refri\u017eer\u0101toru puspiekabes DIBIN\u0100TS: 1994 gad\u0101 Izcili lo\u0123istikas pakalpojumi M\u0113s nodro\u0161in\u0101m pilnu p\u0101rvad\u0101jumu pakalpojumu kl\u0101stu visaugst\u0101kaj\u0101 l\u012bmen\u012b ar [&hellip;]<\/p>\n","protected":false},"author":1,"featured_media":0,"parent":0,"menu_order":0,"comment_status":"closed","ping_status":"closed","template":"","meta":{"_acf_changed":false,"_breakdance_hide_in_design_set":false,"_breakdance_tags":"","footnotes":""},"class_list":["post-53","page","type-page","status-publish","hentry"],"acf":[],"_links":{"self":[{"href":"https:\/\/www.kreiss.lv\/ru\/wp-json\/wp\/v2\/pages\/53","targetHints":{"allow":["GET"]}}],"collection":[{"href":"https:\/\/www.kreiss.lv\/ru\/wp-json\/wp\/v2\/pages"}],"about":[{"href":"https:\/\/www.kreiss.lv\/ru\/wp-json\/wp\/v2\/types\/page"}],"author":[{"embeddable":true,"href":"https:\/\/www.kreiss.lv\/ru\/wp-json\/wp\/v2\/users\/1"}],"replies":[{"embeddable":true,"href":"https:\/\/www.kreiss.lv\/ru\/wp-json\/wp\/v2\/comments?post=53"}],"version-history":[{"count":59,"href":"https:\/\/www.kreiss.lv\/ru\/wp-json\/wp\/v2\/pages\/53\/revisions"}],"predecessor-version":[{"id":1078,"href":"https:\/\/www.kreiss.lv\/ru\/wp-json\/wp\/v2\/pages\/53\/revisions\/1078"}],"wp:attachment":[{"href":"https:\/\/www.kreiss.lv\/ru\/wp-json\/wp\/v2\/media?parent=53"}],"curies":[{"name":"wp","href":"https:\/\/api.w.org\/{rel}","templated":true}]}}