{"id":29,"date":"2025-01-08T14:59:21","date_gmt":"2025-01-08T12:59:21","guid":{"rendered":"https:\/\/www.kreiss.lv\/?page_id=29"},"modified":"2026-01-12T10:49:58","modified_gmt":"2026-01-12T08:49:58","slug":"logistikas-pakalpojumi","status":"publish","type":"page","link":"https:\/\/www.kreiss.lv\/ru\/logistikas-pakalpojumi\/","title":{"rendered":"\u041b\u043e\u0433\u0438\u0441\u0442\u0438\u0447\u0435\u0441\u043a\u0438\u0435 \u0443\u0441\u043b\u0443\u0433\u0438"},"content":{"rendered":"<section class=\"bde-section-29-190 bde-section\">\n              \n  \n  \n\t\n\n  <div class=\"section-background-overlay\"><\/div>\n\n\n<div class=\"section-container\"><div class=\"bde-div-29-191 bde-div\">\n  \n  \n\t\n\n\n\n<h1 class=\"bde-heading-29-192 bde-heading\">\n\u0413\u0440\u0443\u0437\u043e\u0432\u044b\u0435 \u043f\u0435\u0440\u0435\u0432\u043e\u0437\u043a\u0438<br>\u0434\u043b\u044f \u0440\u0430\u0437\u0432\u0438\u0442\u0438\u044f \u0432\u0430\u0448\u0435\u0433\u043e \u0431\u0438\u0437\u043d\u0435\u0441\u0430\n<\/h1>\n<\/div><div class=\"bde-div-29-193 bde-div\">\n  \n  \n\t\n\n\n\n<h3 class=\"bde-heading-29-194 bde-heading\">\n\u041a\u043e\u043c\u043f\u0430\u043d\u0438\u044f Kreiss \u044f\u0432\u043b\u044f\u0435\u0442\u0441\u044f \u043e\u0434\u043d\u0438\u043c \u0438\u0437 \u0441\u0430\u043c\u044b\u0445 \u043a\u0440\u0443\u043f\u043d\u044b\u0445 \u043f\u043e\u0441\u0442\u0430\u0432\u0449\u0438\u043a\u043e\u0432 \u0443\u0441\u043b\u0443\u0433 \u0433\u0440\u0443\u0437\u043e\u0432\u044b\u0445 \u043f\u0435\u0440\u0435\u0432\u043e\u0437\u043e\u043a \u0432 \u0415\u0432\u0440\u043e\u043f\u0435. <br>\u041c\u044b \u043f\u0440\u0435\u0434\u043e\u0441\u0442\u0430\u0432\u043b\u044f\u0435\u043c \u043f\u043e\u043b\u043d\u044b\u0439 \u0441\u043f\u0435\u043a\u0442\u0440 \u043b\u043e\u0433\u0438\u0441\u0442\u0438\u0447\u0435\u0441\u043a\u0438\u0445 \u0443\u0441\u043b\u0443\u0433 \u043c\u0435\u0436\u0434\u0443 \u043b\u044e\u0431\u044b\u043c\u0438 \u0441\u0442\u0440\u0430\u043d\u0430\u043c\u0438 \u0415\u0432\u0440\u043e\u043f\u044b.\n<\/h3>\n<\/div><\/div>\n<\/section><section class=\"bde-section-29-195 bde-section\">\n  \n  \n\t\n\n\n\n<div class=\"section-container\"><div class=\"bde-div-29-196 bde-div\">\n  \n  \n\t\n\n\n\n<h2 class=\"bde-heading-29-197 bde-heading\">\n\u041c\u044b \u0438\u0441\u043f\u043e\u043b\u044c\u0437\u0443\u0435\u043c:\n<\/h2>\n<\/div><div class=\"bde-grid-29-199 bde-grid\">\n  \n  \n\t\n\n\n\n<div class=\"bde-div-29-200 bde-div\" data-entrance=\"slideLeft\">\n  \n  \n\t\n\n\n\n<img decoding=\"async\" class=\"bde-image2-29-201 bde-image2\" src=\"https:\/\/www.kreiss.lv\/wp-content\/uploads\/2025\/01\/r-puspiekabes.png\" loading=\"lazy\" sizes=\"(max-width: 141px) 100vw, 141px\"><div class=\"bde-fancy-divider-29-202 bde-fancy-divider\">\n\n\n<div class=\"bde-fancy-divider__wrapper\">\n  <div class=\"bde-fancy-divider__separator\">\n  \t  <\/div>\n<\/div>\n\n<\/div><div class=\"bde-text-29-203 bde-text\">\n\u041f\u043e\u043b\u0443\u043f\u0440\u0438\u0446\u0435\u043f\u044b-\u0440\u0435\u0444\u0440\u0438\u0436\u0435\u0440\u0430\u0442\u043e\u0440\u044b\n<\/div>\n<\/div><div class=\"bde-div-29-204 bde-div\" data-entrance=\"slideLeft\">\n  \n  \n\t\n\n\n\n<img decoding=\"async\" class=\"bde-image2-29-205 bde-image2\" src=\"https:\/\/www.kreiss.lv\/wp-content\/uploads\/2025\/01\/2lvl-puspiekabes.png\" loading=\"lazy\" sizes=\"(max-width: 142px) 100vw, 142px\"><div class=\"bde-fancy-divider-29-206 bde-fancy-divider\">\n\n\n<div class=\"bde-fancy-divider__wrapper\">\n  <div class=\"bde-fancy-divider__separator\">\n  \t  <\/div>\n<\/div>\n\n<\/div><div class=\"bde-text-29-207 bde-text\">\n\u0414\u0432\u0443\u0445\u0443\u0440\u043e\u0432\u043d\u0435\u0432\u044b\u0435 \u043f\u043e\u043b\u0443\u043f\u0440\u0438\u0446\u0435\u043f\u044b\n<\/div>\n<\/div><div class=\"bde-div-29-208 bde-div\" data-entrance=\"slideLeft\">\n  \n  \n\t\n\n\n\n<img decoding=\"async\" class=\"bde-image2-29-209 bde-image2\" src=\"https:\/\/www.kreiss.lv\/wp-content\/uploads\/2025\/01\/divkameru-puspiekabes.png\" loading=\"lazy\" sizes=\"(max-width: 142px) 100vw, 142px\"><div class=\"bde-fancy-divider-29-210 bde-fancy-divider\">\n\n\n<div class=\"bde-fancy-divider__wrapper\">\n  <div class=\"bde-fancy-divider__separator\">\n  \t  <\/div>\n<\/div>\n\n<\/div><div class=\"bde-text-29-211 bde-text\">\n\u0411\u0438\u0442\u0435\u0440\u043c\u0438\u0447\u0435\u0441\u043a\u0438\u0435 \u043f\u043e\u043b\u0443\u043f\u0440\u0438\u0446\u0435\u043f\u044b\n<\/div>\n<\/div><div class=\"bde-div-29-212 bde-div\" data-entrance=\"slideLeft\">\n  \n  \n\t\n\n\n\n<img decoding=\"async\" class=\"bde-image2-29-213 bde-image2\" src=\"https:\/\/www.kreiss.lv\/wp-content\/uploads\/2025\/01\/oversized.png\" loading=\"lazy\" sizes=\"(max-width: 126px) 100vw, 126px\"><div class=\"bde-fancy-divider-29-214 bde-fancy-divider\">\n\n\n<div class=\"bde-fancy-divider__wrapper\">\n  <div class=\"bde-fancy-divider__separator\">\n  \t  <\/div>\n<\/div>\n\n<\/div><div class=\"bde-text-29-215 bde-text\">\n\u041d\u0435\u0433\u0430\u0431\u0430\u0440\u0438\u0442\u043d\u044b\u0435 \u043f\u043e\u043b\u0443\u043f\u0440\u0438\u0446\u0435\u043f\u044b\n<\/div>\n<\/div><div class=\"bde-div-29-216 bde-div\" data-entrance=\"slideLeft\">\n  \n  \n\t\n\n\n\n<img decoding=\"async\" class=\"bde-image2-29-217 bde-image2\" src=\"https:\/\/www.kreiss.lv\/wp-content\/uploads\/2025\/01\/1_trawl.png\" loading=\"lazy\" sizes=\"(max-width: 188px) 100vw, 188px\"><div class=\"bde-fancy-divider-29-218 bde-fancy-divider\">\n\n\n<div class=\"bde-fancy-divider__wrapper\">\n  <div class=\"bde-fancy-divider__separator\">\n  \t  <\/div>\n<\/div>\n\n<\/div><div class=\"bde-text-29-219 bde-text\">\n\u0410\u0432\u0442\u043e\u0432\u043e\u0437\u044b\n<\/div>\n<\/div>\n<\/div><\/div>\n<\/section><section class=\"bde-section-29-220 bde-section\">\n  \n  \n\t\n\n\n\n<div class=\"section-container\"><div class=\"bde-grid-29-221 bde-grid\">\n  \n  \n\t\n\n\n\n<div class=\"bde-div-29-222 bde-div\" data-entrance=\"slideLeft\">\n  \n  \n\t\n\n\n\n<img decoding=\"async\" class=\"bde-image2-29-223 bde-image2\" src=\"https:\/\/www.kreiss.lv\/wp-content\/uploads\/2025\/01\/Screenshot_2.png\" loading=\"lazy\" srcset=\"https:\/\/www.kreiss.lv\/wp-content\/uploads\/2025\/01\/Screenshot_2.png 1130w, https:\/\/www.kreiss.lv\/wp-content\/uploads\/2025\/01\/Screenshot_2-300x132.png 300w, https:\/\/www.kreiss.lv\/wp-content\/uploads\/2025\/01\/Screenshot_2-1024x450.png 1024w, https:\/\/www.kreiss.lv\/wp-content\/uploads\/2025\/01\/Screenshot_2-768x338.png 768w\" sizes=\"(max-width: 1130px) 100vw, 1130px\">\n<\/div><div class=\"bde-div-29-224 bde-div\" data-entrance=\"slideRight\">\n  \n  \n\t\n\n\n\n<h2 class=\"bde-heading-29-225 bde-heading\">\n\u041d\u0430\u0448\u0430 \u043a\u043e\u043c\u0430\u043d\u0434\u0430\n<\/h2><div class=\"bde-text-29-226 bde-text\">\n\"\u041a\u0430\u0436\u0434\u0430\u044f \u0443\u0441\u043b\u0443\u0433\u0430, \u043f\u0440\u0435\u0434\u043e\u0441\u0442\u0430\u0432\u043b\u044f\u0435\u043c\u0430\u044f \u043a\u043e\u043c\u0430\u043d\u0434\u043e\u0439 Kreiss, \u043d\u0430\u043f\u0440\u0430\u0432\u043b\u0435\u043d\u0430 \u043d\u0430 \u043e\u0431\u0435\u0441\u043f\u0435\u0447\u0435\u043d\u0438\u0435 \u043d\u0430\u0438\u043b\u0443\u0447\u0448\u0435\u0433\u043e \u0441\u043e\u0442\u0440\u0443\u0434\u043d\u0438\u0447\u0435\u0441\u0442\u0432\u0430 \u0441 \u043d\u0430\u0448\u0438\u043c\u0438 \u043a\u043b\u0438\u0435\u043d\u0442\u0430\u043c\u0438.\"\n<\/div>\n<\/div>\n<\/div><\/div>\n<\/section><section class=\"bde-section-29-227 bde-section\">\n  \n  \n\t\n\n\n\n<div class=\"section-container\"><h2 class=\"bde-heading-29-228 bde-heading\">\n\u041c\u044b \u043f\u0435\u0440\u0435\u0432\u043e\u0437\u0438\u043c:\n<\/h2><div class=\"bde-grid-29-229 bde-grid\">\n  \n  \n\t\n\n\n\n<div class=\"bde-div-29-230 bde-div\" data-entrance=\"fade\">\n  \n  \n\t\n\n\n\n<img decoding=\"async\" class=\"bde-image2-29-231 bde-image2\" src=\"https:\/\/www.kreiss.lv\/wp-content\/uploads\/2025\/01\/parvadajam-1_0.png\" loading=\"lazy\" sizes=\"(max-width: 58px) 100vw, 58px\"><div class=\"bde-fancy-divider-29-232 bde-fancy-divider\">\n\n\n<div class=\"bde-fancy-divider__wrapper\">\n  <div class=\"bde-fancy-divider__separator\">\n  \t  <\/div>\n<\/div>\n\n<\/div><div class=\"bde-text-29-233 bde-text\">\n\u041a\u0440\u0430\u0442\u043a\u043e\u0441\u0440\u043e\u0447\u043d\u044b\u0435 \u0442\u043e\u0432\u0430\u0440\u044b\n<\/div>\n<\/div><div class=\"bde-div-29-234 bde-div\" data-entrance=\"fade\">\n  \n  \n\t\n\n\n\n<img decoding=\"async\" class=\"bde-image2-29-235 bde-image2\" src=\"https:\/\/www.kreiss.lv\/wp-content\/uploads\/2025\/01\/parvadajam-2.png\" loading=\"lazy\" sizes=\"(max-width: 64px) 100vw, 64px\"><div class=\"bde-fancy-divider-29-236 bde-fancy-divider\">\n\n\n<div class=\"bde-fancy-divider__wrapper\">\n  <div class=\"bde-fancy-divider__separator\">\n  \t  <\/div>\n<\/div>\n\n<\/div><div class=\"bde-text-29-237 bde-text\">\n\u0413\u0440\u0443\u0437\u044b \u0441 \u0442\u0435\u043c\u043f\u0435\u0440\u0430\u0442\u0443\u0440\u043d\u043e\u043c \u0440\u0435\u0436\u0438\u043c\u043e\u043c<br>\n<\/div>\n<\/div><div class=\"bde-div-29-238 bde-div\" data-entrance=\"fade\">\n  \n  \n\t\n\n\n\n<img decoding=\"async\" class=\"bde-image2-29-239 bde-image2\" src=\"https:\/\/www.kreiss.lv\/wp-content\/uploads\/2025\/01\/parvadajam-4.png\" loading=\"lazy\" sizes=\"(max-width: 53px) 100vw, 53px\"><div class=\"bde-fancy-divider-29-240 bde-fancy-divider\">\n\n\n<div class=\"bde-fancy-divider__wrapper\">\n  <div class=\"bde-fancy-divider__separator\">\n  \t  <\/div>\n<\/div>\n\n<\/div><div class=\"bde-text-29-241 bde-text\">\n\u041c\u0435\u0434\u0438\u0446\u0438\u043d\u0441\u043a\u0438\u0435 \u0442\u043e\u0432\u0430\u0440\u044b \u0438 \u043a\u043e\u0441\u043c\u0435\u0442\u0438\u043a\u0430<br>\n<\/div>\n<\/div><div class=\"bde-div-29-242 bde-div\" data-entrance=\"fade\">\n  \n  \n\t\n\n\n\n<img decoding=\"async\" class=\"bde-image2-29-243 bde-image2\" src=\"https:\/\/www.kreiss.lv\/wp-content\/uploads\/2025\/01\/parvadajam-5.png\" loading=\"lazy\" sizes=\"(max-width: 67px) 100vw, 67px\"><div class=\"bde-fancy-divider-29-244 bde-fancy-divider\">\n\n\n<div class=\"bde-fancy-divider__wrapper\">\n  <div class=\"bde-fancy-divider__separator\">\n  \t  <\/div>\n<\/div>\n\n<\/div><div class=\"bde-text-29-245 bde-text\">\n\u041e\u043f\u0430\u0441\u043d\u044b\u0435 \u0433\u0440\u0443\u0437\u044b\/ADR<br>\n<\/div>\n<\/div><div class=\"bde-div-29-246 bde-div\" data-entrance=\"fade\">\n  \n  \n\t\n\n\n\n<img decoding=\"async\" class=\"bde-image2-29-247 bde-image2\" src=\"https:\/\/www.kreiss.lv\/wp-content\/uploads\/2025\/01\/ikonas-1.png\" loading=\"lazy\" sizes=\"(max-width: 70px) 100vw, 70px\"><div class=\"bde-fancy-divider-29-248 bde-fancy-divider\">\n\n\n<div class=\"bde-fancy-divider__wrapper\">\n  <div class=\"bde-fancy-divider__separator\">\n  \t  <\/div>\n<\/div>\n\n<\/div><div class=\"bde-text-29-249 bde-text\">\n\u042d\u043b\u0435\u043a\u0442\u0440\u043e\u043d\u0438\u043a\u0430 \u0438 \u0446\u0435\u043d\u043d\u044b\u0435 \u0433\u0440\u0443\u0437\u044b\n<\/div>\n<\/div><div class=\"bde-div-29-250 bde-div\" data-entrance=\"fade\">\n  \n  \n\t\n\n\n\n<img decoding=\"async\" class=\"bde-image2-29-251 bde-image2\" src=\"https:\/\/www.kreiss.lv\/wp-content\/uploads\/2025\/01\/parvadajam-3.png\" loading=\"lazy\" sizes=\"(max-width: 64px) 100vw, 64px\"><div class=\"bde-fancy-divider-29-252 bde-fancy-divider\">\n\n\n<div class=\"bde-fancy-divider__wrapper\">\n  <div class=\"bde-fancy-divider__separator\">\n  \t  <\/div>\n<\/div>\n\n<\/div><div class=\"bde-text-29-253 bde-text\">\n\u041e\u0431\u044b\u0447\u043d\u044b\u0435 \u0438 \u0441\u043e\u0441\u0442\u0430\u0432\u043d\u044b\u0435 \u0433\u0440\u0443\u0437\u044b\n<\/div>\n<\/div>\n<\/div><\/div>\n<\/section><section class=\"bde-section-29-254 bde-section\">\n              \n  \n  \n\t\n\n  <div class=\"section-background-overlay\"><\/div>\n\n\n<div class=\"section-container\"><h2 class=\"bde-heading-29-255 bde-heading\">\n\u041c\u044b \u0433\u043e\u0440\u0434\u0438\u043c\u0441\u044f \u0442\u0435\u043c, \u0447\u0435\u0433\u043e \u0434\u043e\u0441\u0442\u0438\u0433\u043b\u0438\n<\/h2><div class=\"bde-text-29-256 bde-text\">\n\u041c\u044b \u0433\u043e\u0440\u0434\u0438\u043c\u0441\u044f \u0441\u0432\u043e\u0438\u043c \u0443\u0441\u043f\u0435\u0445\u043e\u043c, \u043a\u043e\u0442\u043e\u0440\u044b\u0439 \u043e\u0431\u0443\u0441\u043b\u043e\u0432\u043b\u0435\u043d \u0442\u0435\u0441\u043d\u044b\u043c \u0441\u043e\u0442\u0440\u0443\u0434\u043d\u0438\u0447\u0435\u0441\u0442\u0432\u043e\u043c \u043d\u0430\u0448\u0435\u0439 \u043a\u043e\u043c\u0430\u043d\u0434\u044b, \u0441\u043e\u0432\u0440\u0435\u043c\u0435\u043d\u043d\u044b\u043c\u0438 \u043e\u0431\u044a\u0435\u043a\u0442\u0430\u043c\u0438, \u044d\u043a\u043e\u043b\u043e\u0433\u0438\u0447\u0435\u0441\u043a\u0438 \u0431\u0435\u0437\u043e\u043f\u0430\u0441\u043d\u044b\u043c\u0438 \u0440\u0435\u0448\u0435\u043d\u0438\u044f\u043c\u0438 \u0438 \u043f\u0440\u043e\u0444\u0435\u0441\u0441\u0438\u043e\u043d\u0430\u043b\u044c\u043d\u043e\u0439 \u043a\u0432\u0430\u043b\u0438\u0444\u0438\u043a\u0430\u0446\u0438\u0435\u0439 \u043d\u0430\u0448\u0438\u0445 \u0441\u043e\u0442\u0440\u0443\u0434\u043d\u0438\u043a\u043e\u0432.\n<\/div><div class=\"bde-grid-29-257 bde-grid\">\n  \n  \n\t\n\n\n\n<div class=\"bde-div-29-258 bde-div\" data-entrance=\"fade\">\n  \n  \n\t\n\n\n\n<img decoding=\"async\" class=\"bde-image2-29-259 bde-image2\" src=\"https:\/\/www.kreiss.lv\/wp-content\/uploads\/2025\/01\/lepojamies1.png\" loading=\"lazy\" sizes=\"(max-width: 61px) 100vw, 61px\"><div class=\"bde-fancy-divider-29-260 bde-fancy-divider\">\n\n\n<div class=\"bde-fancy-divider__wrapper\">\n  <div class=\"bde-fancy-divider__separator\">\n  \t  <\/div>\n<\/div>\n\n<\/div><div class=\"bde-text-29-261 bde-text\">\n\u0411\u043e\u043b\u0435\u0435 220 000 \u0443\u0441\u043f\u0435\u0448\u043d\u044b\u0445 \u043f\u0435\u0440\u0435\u0432\u043e\u0437\u043e\u043a \u0432 2024 \u0433\u043e\u0434\u0443\n<\/div>\n<\/div><div class=\"bde-div-29-262 bde-div\" data-entrance=\"fade\">\n  \n  \n\t\n\n\n\n<img decoding=\"async\" class=\"bde-image2-29-263 bde-image2\" src=\"https:\/\/www.kreiss.lv\/wp-content\/uploads\/2025\/01\/lepojamies2.png\" loading=\"lazy\" sizes=\"(max-width: 70px) 100vw, 70px\"><div class=\"bde-fancy-divider-29-264 bde-fancy-divider\">\n\n\n<div class=\"bde-fancy-divider__wrapper\">\n  <div class=\"bde-fancy-divider__separator\">\n  \t  <\/div>\n<\/div>\n\n<\/div><div class=\"bde-text-29-265 bde-text\">\n\u041e\u0431\u043e\u0440\u043e\u0442 \u0432 2024 \u0433\u043e\u0434\u0443 - \u0431\u043e\u043b\u0435\u0435 145 \u043c\u0438\u043b\u043b\u0438\u043e\u043d\u043e\u0432 \u0435\u0432\u0440\u043e<br>\n<\/div>\n<\/div><div class=\"bde-div-29-266 bde-div\" data-entrance=\"fade\">\n  \n  \n\t\n\n\n\n<img decoding=\"async\" class=\"bde-image2-29-267 bde-image2\" src=\"https:\/\/www.kreiss.lv\/wp-content\/uploads\/2025\/01\/lepojamies3.png\" loading=\"lazy\" sizes=\"(max-width: 99px) 100vw, 99px\"><div class=\"bde-fancy-divider-29-268 bde-fancy-divider\">\n\n\n<div class=\"bde-fancy-divider__wrapper\">\n  <div class=\"bde-fancy-divider__separator\">\n  \t  <\/div>\n<\/div>\n\n<\/div><div class=\"bde-text-29-269 bde-text\">\n\u041d\u0430\u0434\u0435\u0436\u043d\u044b\u0435 \u043f\u0430\u0440\u0442\u043d\u0435\u0440\u044b \u0432 \u0415\u0432\u0440\u043e\u043f\u0435 \u0438 \u0410\u0437\u0438\u0438<br>\n<\/div>\n<\/div>\n<\/div><\/div>\n<\/section><section class=\"bde-section-29-270 bde-section\">\n  \n  \n\t\n\n\n\n<div class=\"section-container\"><h2 class=\"bde-heading-29-271 bde-heading\">\n\u0412\u044b\u0431\u0435\u0440\u0438\u0442\u0435 Kreiss<br>\u0434\u043b\u044f \u0441\u0432\u043e\u0438\u0445 \u0433\u0440\u0443\u0437\u043e\u0432\u044b\u0445 \u043f\u0435\u0440\u0435\u0432\u043e\u0437\u043e\u043a\n<\/h2><div class=\"bde-grid-29-272 bde-grid\">\n  \n  \n\t\n\n\n\n<div class=\"bde-div-29-273 bde-div\" data-entrance=\"fade\">\n  \n  \n\t\n\n\n\n<img decoding=\"async\" class=\"bde-image2-29-274 bde-image2\" src=\"https:\/\/www.kreiss.lv\/wp-content\/uploads\/2025\/01\/ECO_ISO_Kreiss.jpg\" loading=\"lazy\" srcset=\"https:\/\/www.kreiss.lv\/wp-content\/uploads\/2025\/01\/ECO_ISO_Kreiss.jpg 525w, https:\/\/www.kreiss.lv\/wp-content\/uploads\/2025\/01\/ECO_ISO_Kreiss-300x214.jpg 300w\" sizes=\"(max-width: 525px) 100vw, 525px\"><div class=\"bde-div-29-275 bde-div\">\n  \n  \n\t\n\n\n\n<div class=\"bde-text-29-276 bde-text\">\n\u041a\u0430\u0447\u0435\u0441\u0442\u0432\u043e\n<\/div><div class=\"bde-fancy-divider-29-277 bde-fancy-divider\">\n\n\n<div class=\"bde-fancy-divider__wrapper\">\n  <div class=\"bde-fancy-divider__separator\">\n  \t  <\/div>\n<\/div>\n\n<\/div><div class=\"bde-text-29-278 bde-text\">\n\u0414\u043b\u044f \u0434\u043e\u0441\u0442\u0438\u0436\u0435\u043d\u0438\u044f \u043f\u0440\u0435\u0432\u043e\u0441\u0445\u043e\u0434\u043d\u043e\u0433\u043e \u043a\u0430\u0447\u0435\u0441\u0442\u0432\u0430 \u0443\u0441\u043b\u0443\u0433 \u043c\u044b \u0432\u043d\u0435\u0434\u0440\u0438\u043b\u0438 \u0441\u0438\u0441\u0442\u0435\u043c\u0443 \u0443\u043f\u0440\u0430\u0432\u043b\u0435\u043d\u0438\u044f \u043a\u0430\u0447\u0435\u0441\u0442\u0432\u043e\u043c, \u0441\u043e\u043e\u0442\u0432\u0435\u0442\u0441\u0442\u0432\u0443\u044e\u0449\u0443\u044e \u0441\u0442\u0430\u043d\u0434\u0430\u0440\u0442\u0430\u043c ISO.\n<\/div>\n<\/div>\n<\/div><div class=\"bde-div-29-279 bde-div\" data-entrance=\"fade\">\n  \n  \n\t\n\n\n\n<img decoding=\"async\" class=\"bde-image2-29-280 bde-image2\" src=\"https:\/\/www.kreiss.lv\/wp-content\/uploads\/2025\/01\/D60_2345_0.png\" loading=\"lazy\" srcset=\"https:\/\/www.kreiss.lv\/wp-content\/uploads\/2025\/01\/D60_2345_0.png 525w, https:\/\/www.kreiss.lv\/wp-content\/uploads\/2025\/01\/D60_2345_0-300x214.png 300w\" sizes=\"(max-width: 525px) 100vw, 525px\"><div class=\"bde-div-29-281 bde-div\">\n  \n  \n\t\n\n\n\n<div class=\"bde-text-29-282 bde-text\">\n\u041f\u0440\u043e\u0444\u0435\u0441\u0441\u0438\u043e\u043d\u0430\u043b\u0438\u0437\u043c\n<\/div><div class=\"bde-fancy-divider-29-283 bde-fancy-divider\">\n\n\n<div class=\"bde-fancy-divider__wrapper\">\n  <div class=\"bde-fancy-divider__separator\">\n  \t  <\/div>\n<\/div>\n\n<\/div><div class=\"bde-text-29-284 bde-text\">\n\u0412\u0441\u0435 \u043d\u0430\u0448\u0438 \u0441\u043e\u0442\u0440\u0443\u0434\u043d\u0438\u043a\u0438 \u043f\u0440\u043e\u0444\u0435\u0441\u0441\u0438\u043e\u043d\u0430\u043b\u044c\u043d\u043e \u043e\u0431\u0443\u0447\u0435\u043d\u044b, \u0447\u0442\u043e\u0431\u044b \u043e\u0431\u0435\u0441\u043f\u0435\u0447\u0438\u0442\u044c \u043f\u0440\u0435\u0432\u043e\u0441\u0445\u043e\u0434\u043d\u043e\u0435 \u043e\u0431\u0441\u043b\u0443\u0436\u0438\u0432\u0430\u043d\u0438\u0435.\n<\/div>\n<\/div>\n<\/div><div class=\"bde-div-29-285 bde-div\" data-entrance=\"fade\">\n  \n  \n\t\n\n\n\n<img decoding=\"async\" class=\"bde-image2-29-286 bde-image2\" src=\"https:\/\/www.kreiss.lv\/wp-content\/uploads\/2025\/01\/D60_2345.jpg\" loading=\"lazy\" srcset=\"https:\/\/www.kreiss.lv\/wp-content\/uploads\/2025\/01\/D60_2345.jpg 525w, https:\/\/www.kreiss.lv\/wp-content\/uploads\/2025\/01\/D60_2345-300x214.jpg 300w\" sizes=\"(max-width: 525px) 100vw, 525px\"><div class=\"bde-div-29-287 bde-div\">\n  \n  \n\t\n\n\n\n<div class=\"bde-text-29-288 bde-text\">\n\u042d\u043a\u043e\u043b\u043e\u0433\u0438\u044f\n<\/div><div class=\"bde-fancy-divider-29-289 bde-fancy-divider\">\n\n\n<div class=\"bde-fancy-divider__wrapper\">\n  <div class=\"bde-fancy-divider__separator\">\n  \t  <\/div>\n<\/div>\n\n<\/div><div class=\"bde-text-29-290 bde-text\">\n\u042d\u043a\u043e\u043b\u043e\u0433\u0438\u0447\u0435\u0441\u043a\u0430\u044f \u0443\u0441\u0442\u043e\u0439\u0447\u0438\u0432\u043e\u0441\u0442\u044c - \u043d\u0430\u0448 \u043f\u0440\u0438\u043e\u0440\u0438\u0442\u0435\u0442. \u041c\u044b \u043e\u0431\u0435\u0441\u043f\u0435\u0447\u0438\u0432\u0430\u0435\u043c \u044d\u043a\u043e\u043b\u043e\u0433\u0438\u0447\u0435\u0441\u043a\u0438 \u0447\u0438\u0441\u0442\u044b\u0435 \u0433\u0440\u0443\u0437\u043e\u043f\u0435\u0440\u0435\u0432\u043e\u0437\u043a\u0438 \u0441 \u0438\u0441\u043f\u043e\u043b\u044c\u0437\u043e\u0432\u0430\u043d\u0438\u0435\u043c \u043d\u043e\u0432\u043e\u0433\u043e \u043e\u0431\u043e\u0440\u0443\u0434\u043e\u0432\u0430\u043d\u0438\u044f. \n<\/div>\n<\/div>\n<\/div>\n<\/div><\/div>\n<\/section>","protected":false},"excerpt":{"rendered":"<p>Kravu p\u0101rvad\u0101jumij\u016bsu biznesa att\u012bst\u012bbai Kreiss ir viens no noz\u012bm\u012bg\u0101kajiem kravu p\u0101rvad\u0101jumu pakalpojumu sniedz\u0113jiem Eirop\u0101. M\u0113s nodro\u0161in\u0101m pilnulo\u0123istikas pakalpojumu kl\u0101stu starp jebkuru Eiropas valsti. M\u0113s izmantojam Refri\u017eeratoru puspiekabes Divu l\u012bme\u0146u puspiekabes Bi-thermal puspiekabes Negabar\u012btu puspiekabes Autoved\u0113js kravas auto transport\u0113\u0161anai M\u016bsu komanda \u201eIkkatrs Kreiss komandas pakalpojums tiek sniegts, lai nodro\u0161in\u0101tu vislab\u0101ko sadarb\u012bbu ar m\u016bsu klientiem.\u201d M\u0113s p\u0101rvad\u0101jam [&hellip;]<\/p>\n","protected":false},"author":1,"featured_media":0,"parent":0,"menu_order":0,"comment_status":"closed","ping_status":"closed","template":"","meta":{"_acf_changed":false,"_breakdance_hide_in_design_set":false,"_breakdance_tags":"","footnotes":""},"class_list":["post-29","page","type-page","status-publish","hentry"],"acf":[],"_links":{"self":[{"href":"https:\/\/www.kreiss.lv\/ru\/wp-json\/wp\/v2\/pages\/29","targetHints":{"allow":["GET"]}}],"collection":[{"href":"https:\/\/www.kreiss.lv\/ru\/wp-json\/wp\/v2\/pages"}],"about":[{"href":"https:\/\/www.kreiss.lv\/ru\/wp-json\/wp\/v2\/types\/page"}],"author":[{"embeddable":true,"href":"https:\/\/www.kreiss.lv\/ru\/wp-json\/wp\/v2\/users\/1"}],"replies":[{"embeddable":true,"href":"https:\/\/www.kreiss.lv\/ru\/wp-json\/wp\/v2\/comments?post=29"}],"version-history":[{"count":22,"href":"https:\/\/www.kreiss.lv\/ru\/wp-json\/wp\/v2\/pages\/29\/revisions"}],"predecessor-version":[{"id":1083,"href":"https:\/\/www.kreiss.lv\/ru\/wp-json\/wp\/v2\/pages\/29\/revisions\/1083"}],"wp:attachment":[{"href":"https:\/\/www.kreiss.lv\/ru\/wp-json\/wp\/v2\/media?parent=29"}],"curies":[{"name":"wp","href":"https:\/\/api.w.org\/{rel}","templated":true}]}}