{"id":53,"date":"2025-01-08T15:08:27","date_gmt":"2025-01-08T13:08:27","guid":{"rendered":"https:\/\/www.kreiss.lv\/?page_id=53"},"modified":"2026-01-12T09:56:27","modified_gmt":"2026-01-12T07:56:27","slug":"sakums-3","status":"publish","type":"page","link":"https:\/\/www.kreiss.lv\/en\/","title":{"rendered":"Home"},"content":{"rendered":"<section class=\"bde-section-53-100 bde-section\">\n  \n  \n\t\n\n\n\n<div class=\"section-container\"><div class=\"bde-div-53-101 bde-div\">\n  \n  \n\t\n\n\n\n<h1 class=\"bde-heading-53-102 bde-heading\">\nFreight transport\n<\/h1>\n<\/div><div class=\"bde-div-53-103 bde-div\">\n  \n  \n\t\n\n\n\n<h3 class=\"bde-heading-53-104 bde-heading\">\nTo any EU country\n<\/h3>\n<\/div><\/div>\n<\/section><section class=\"bde-section-53-105 bde-section\">\n  \n  \n\t\n\n\n\n<div class=\"section-container\"><div class=\"bde-grid-53-106 bde-grid\">\n  \n  \n\t\n\n\n\n<div class=\"bde-div-53-107 bde-div\" data-entrance=\"slideUp\">\n  \n  \n\t\n\n\n\n<img decoding=\"async\" class=\"bde-image2-53-208 bde-image2\" src=\"https:\/\/www.kreiss.lv\/wp-content\/uploads\/2025\/01\/graphic1.png\" loading=\"lazy\" sizes=\"(max-width: 50px) 100vw, 50px\"><div class=\"bde-text-53-110 bde-text\">\nMORE THAN:\n<\/div><div class=\"bde-text-53-111 bde-text\">\n1500\n<\/div><div class=\"bde-fancy-divider-53-113 bde-fancy-divider\">\n\n\n<div class=\"bde-fancy-divider__wrapper\">\n  <div class=\"bde-fancy-divider__separator\">\n  \t  <\/div>\n<\/div>\n\n<\/div><div class=\"bde-text-53-112 bde-text\">\nin the truck fleet\n<\/div>\n<\/div><div class=\"bde-div-53-114 bde-div\" data-entrance=\"slideUp\">\n  \n  \n\t\n\n\n\n<img decoding=\"async\" class=\"bde-image2-53-209 bde-image2\" src=\"https:\/\/www.kreiss.lv\/wp-content\/uploads\/2025\/01\/graphic2.png\" loading=\"lazy\" sizes=\"(max-width: 56px) 100vw, 56px\"><div class=\"bde-text-53-116 bde-text\">\nMORE THAN:\n<\/div><div class=\"bde-text-53-117 bde-text\">\n2800\n<\/div><div class=\"bde-fancy-divider-53-118 bde-fancy-divider\">\n\n\n<div class=\"bde-fancy-divider__wrapper\">\n  <div class=\"bde-fancy-divider__separator\">\n  \t  <\/div>\n<\/div>\n\n<\/div><div class=\"bde-text-53-119 bde-text\">\nprofessional staff\n<\/div>\n<\/div><div class=\"bde-div-53-120 bde-div\" data-entrance=\"slideUp\">\n  \n  \n\t\n\n\n\n<img decoding=\"async\" class=\"bde-image2-53-210 bde-image2\" src=\"https:\/\/www.kreiss.lv\/wp-content\/uploads\/2025\/01\/graphic3.png\" loading=\"lazy\" sizes=\"(max-width: 54px) 100vw, 54px\"><div class=\"bde-text-53-122 bde-text\">\nMORE THAN:\n<\/div><div class=\"bde-text-53-123 bde-text\">\n220 000\n<\/div><div class=\"bde-fancy-divider-53-124 bde-fancy-divider\">\n\n\n<div class=\"bde-fancy-divider__wrapper\">\n  <div class=\"bde-fancy-divider__separator\">\n  \t  <\/div>\n<\/div>\n\n<\/div><div class=\"bde-text-53-125 bde-text\">\nshipments in <br>2024\n<\/div>\n<\/div><div class=\"bde-div-53-126 bde-div\" data-entrance=\"slideUp\">\n  \n  \n\t\n\n\n\n<img decoding=\"async\" class=\"bde-image2-53-211 bde-image2\" src=\"https:\/\/www.kreiss.lv\/wp-content\/uploads\/2025\/01\/graphic4.png\" loading=\"lazy\" sizes=\"(max-width: 54px) 100vw, 54px\"><div class=\"bde-text-53-128 bde-text\">\nEMISSION LEVEL:\n<\/div><div class=\"bde-text-53-129 bde-text\">\nEuro 6\n<\/div><div class=\"bde-fancy-divider-53-130 bde-fancy-divider\">\n\n\n<div class=\"bde-fancy-divider__wrapper\">\n  <div class=\"bde-fancy-divider__separator\">\n  \t  <\/div>\n<\/div>\n\n<\/div><div class=\"bde-text-53-131 bde-text\">\n100% trucks meet Euro 6 standard\n<\/div>\n<\/div><div class=\"bde-div-53-132 bde-div\" data-entrance=\"slideUp\">\n  \n  \n\t\n\n\n\n<img decoding=\"async\" class=\"bde-image2-53-212 bde-image2\" src=\"https:\/\/www.kreiss.lv\/wp-content\/uploads\/2025\/01\/graphic5.png\" loading=\"lazy\" sizes=\"(max-width: 52px) 100vw, 52px\"><div class=\"bde-text-53-134 bde-text\">\nMORE THAN:\n<\/div><div class=\"bde-text-53-135 bde-text\">\n1800\n<\/div><div class=\"bde-fancy-divider-53-136 bde-fancy-divider\">\n\n\n<div class=\"bde-fancy-divider__wrapper\">\n  <div class=\"bde-fancy-divider__separator\">\n  \t  <\/div>\n<\/div>\n\n<\/div><div class=\"bde-text-53-137 bde-text\">\nrefrigerated semi-trailers\n<\/div>\n<\/div><div class=\"bde-div-53-138 bde-div\" data-entrance=\"slideUp\">\n  \n  \n\t\n\n\n\n<img decoding=\"async\" class=\"bde-image2-53-213 bde-image2\" src=\"https:\/\/www.kreiss.lv\/wp-content\/uploads\/2025\/01\/graphic6.png\" loading=\"lazy\" sizes=\"(max-width: 56px) 100vw, 56px\"><div class=\"bde-text-53-140 bde-text\">\nFOUNDED:\n<\/div><div class=\"bde-text-53-141 bde-text\">\n1994\n<\/div><div class=\"bde-fancy-divider-53-142 bde-fancy-divider\">\n\n\n<div class=\"bde-fancy-divider__wrapper\">\n  <div class=\"bde-fancy-divider__separator\">\n  \t  <\/div>\n<\/div>\n\n<\/div><div class=\"bde-text-53-143 bde-text\">\nyear\n<\/div>\n<\/div>\n<\/div><\/div>\n<\/section><section class=\"bde-section-53-108 bde-section\" data-parallax=\"true\">\n  \n  \n\t\n\n\n\n<div class=\"section-container\"><div class=\"bde-columns-53-220 bde-columns\"><div class=\"bde-column-53-221 bde-column\" data-entrance=\"slideLeft\">\n  \n  \n\t\n\n\n\n<h2 class=\"bde-heading-53-149 bde-heading\">\nOutstanding logistics <br>services \n<\/h2><div class=\"bde-text-53-150 bde-text\">\nWe provide a full range of transport services at the highest level with an innovative approach. Feel safe and grow your business by tracking every shipment route.\n<\/div><div class=\"bde-button-53-151 bde-button\">\n    \n                        \n                        \n    \n    \n    \n    \n            \n                    \n            \n            \n\n    \n    \n    \n    \n    \n    <a class=\"breakdance-link button-atom button-atom--custom bde-button__button\" href=\"https:\/\/www.kreiss.lv\/en\/logistikas-pakalpojumi\/\" target=\"_self\" data-type=\"url\"  >\n\n    \n        <span class=\"button-atom__text\">Find out more<\/span>\n\n        \n        \n                <\/a>\n\n    \n\n\n<\/div>\n<\/div><div class=\"bde-column-53-222 bde-column\" data-entrance=\"slideRight\">\n  \n  \n\t\n\n\n\n<img decoding=\"async\" class=\"bde-image2-53-148 bde-image2\" src=\"https:\/\/www.kreiss.lv\/wp-content\/uploads\/2025\/01\/kreiss-meitene3-1.jpg\" loading=\"lazy\" srcset=\"https:\/\/www.kreiss.lv\/wp-content\/uploads\/2025\/01\/kreiss-meitene3-1.jpg 843w, https:\/\/www.kreiss.lv\/wp-content\/uploads\/2025\/01\/kreiss-meitene3-1-300x230.jpg 300w, https:\/\/www.kreiss.lv\/wp-content\/uploads\/2025\/01\/kreiss-meitene3-1-768x589.jpg 768w\" sizes=\"(max-width: 843px) 100vw, 843px\">\n<\/div><\/div><\/div>\n<\/section><section class=\"bde-section-53-152 bde-section\" data-parallax=\"true\">\n  \n  \n\t\n\n\n\n<div class=\"section-container\"><div class=\"bde-columns-53-223 bde-columns\"><div class=\"bde-column-53-224 bde-column\" data-entrance=\"slideLeft\">\n  \n  \n\t\n\n\n\n<img decoding=\"async\" class=\"bde-image2-53-159 bde-image2\" src=\"https:\/\/www.kreiss.lv\/wp-content\/uploads\/2025\/01\/about2-1.jpg\" loading=\"lazy\" srcset=\"https:\/\/www.kreiss.lv\/wp-content\/uploads\/2025\/01\/about2-1.jpg 1089w, https:\/\/www.kreiss.lv\/wp-content\/uploads\/2025\/01\/about2-1-300x269.jpg 300w, https:\/\/www.kreiss.lv\/wp-content\/uploads\/2025\/01\/about2-1-1024x917.jpg 1024w, https:\/\/www.kreiss.lv\/wp-content\/uploads\/2025\/01\/about2-1-768x688.jpg 768w\" sizes=\"(max-width: 1089px) 100vw, 1089px\">\n<\/div><div class=\"bde-column-53-225 bde-column\" data-entrance=\"slideRight\">\n  \n  \n\t\n\n\n\n<h2 class=\"bde-heading-53-155 bde-heading\">\nIndividual <br>approach\n<\/h2><div class=\"bde-text-53-156 bde-text\">\nOne of our company's priorities is to take a personal approach to each client. We make sure that every customer is satisfied with the work and the result - that's what we share.\n<\/div>\n<\/div><\/div><\/div>\n<\/section><section class=\"bde-section-53-160 bde-section\" data-parallax=\"true\">\n  \n  \n\t\n\n\n\n<div class=\"section-container\"><div class=\"bde-columns-53-226 bde-columns\"><div class=\"bde-column-53-227 bde-column\" data-entrance=\"slideLeft\">\n  \n  \n\t\n\n\n\n<h2 class=\"bde-heading-53-163 bde-heading\">\nProfessional <br>team\n<\/h2><div class=\"bde-text-53-164 bde-text\">\nOur drivers are characterised by safe and economical driving. All our drivers are professional and experienced in freight transport. This guarantees the safety of your cargo during transport, unloading and loading.<br>\n<\/div><div class=\"bde-button-53-165 bde-button\">\n    \n                        \n                        \n    \n    \n    \n    \n            \n                    \n            \n            \n\n    \n    \n    \n    \n    \n    <a class=\"breakdance-link button-atom button-atom--custom bde-button__button\" href=\"https:\/\/www.kreiss.lv\/en\/darbs-autovaditajiem\/\" target=\"_self\" data-type=\"url\"  >\n\n    \n        <span class=\"button-atom__text\">Find out more<\/span>\n\n        \n        \n                <\/a>\n\n    \n\n\n<\/div>\n<\/div><div class=\"bde-column-53-228 bde-column\" data-entrance=\"slideRight\">\n  \n  \n\t\n\n\n\n<img decoding=\"async\" class=\"bde-image2-53-167 bde-image2\" src=\"https:\/\/www.kreiss.lv\/wp-content\/uploads\/2025\/01\/about3-1.jpg\" loading=\"lazy\" srcset=\"https:\/\/www.kreiss.lv\/wp-content\/uploads\/2025\/01\/about3-1.jpg 1262w, https:\/\/www.kreiss.lv\/wp-content\/uploads\/2025\/01\/about3-1-300x232.jpg 300w, https:\/\/www.kreiss.lv\/wp-content\/uploads\/2025\/01\/about3-1-1024x791.jpg 1024w, https:\/\/www.kreiss.lv\/wp-content\/uploads\/2025\/01\/about3-1-768x593.jpg 768w\" sizes=\"(max-width: 1262px) 100vw, 1262px\">\n<\/div><\/div><\/div>\n<\/section><section class=\"bde-section-53-168 bde-section\" data-parallax=\"true\">\n  \n  \n\t\n\n\n\n<div class=\"section-container\"><div class=\"bde-columns-53-229 bde-columns\"><div class=\"bde-column-53-230 bde-column\" data-entrance=\"slideLeft\">\n  \n  \n\t\n\n\n\n<img decoding=\"async\" class=\"bde-image2-53-171 bde-image2\" src=\"https:\/\/www.kreiss.lv\/wp-content\/uploads\/2025\/01\/about4-1.jpg\" loading=\"lazy\" srcset=\"https:\/\/www.kreiss.lv\/wp-content\/uploads\/2025\/01\/about4-1.jpg 1140w, https:\/\/www.kreiss.lv\/wp-content\/uploads\/2025\/01\/about4-1-300x257.jpg 300w, https:\/\/www.kreiss.lv\/wp-content\/uploads\/2025\/01\/about4-1-1024x876.jpg 1024w, https:\/\/www.kreiss.lv\/wp-content\/uploads\/2025\/01\/about4-1-768x657.jpg 768w\" sizes=\"(max-width: 1140px) 100vw, 1140px\">\n<\/div><div class=\"bde-column-53-231 bde-column\" data-entrance=\"slideRight\">\n  \n  \n\t\n\n\n\n<h2 class=\"bde-heading-53-173 bde-heading\">\nSustainability\n<\/h2><div class=\"bde-text-53-174 bde-text\">\nUsing innovative, environmentally friendly solutions in logistics allows us to be one of the first companies to use the latest Euro 6 vehicles and low rolling resistance tyres.\n<\/div><div class=\"bde-button-53-175 bde-button\">\n    \n                        \n                        \n    \n    \n    \n    \n            \n                    \n            \n            \n\n    \n    \n    \n    \n    \n    <a class=\"breakdance-link button-atom button-atom--custom bde-button__button\" href=\"https:\/\/www.kreiss.lv\/en\/ilgtspeja\/\" target=\"_self\" data-type=\"url\"  >\n\n    \n        <span class=\"button-atom__text\">Find out more<\/span>\n\n        \n        \n                <\/a>\n\n    \n\n\n<\/div>\n<\/div><\/div><\/div>\n<\/section><section class=\"bde-section-53-176 bde-section\">\n  \n  \n\t\n\n\n\n<div class=\"section-container\"><h2 class=\"bde-heading-53-181 bde-heading\">\nHow we deliver excellent service<br>\n<\/h2><div class=\"bde-grid-53-177 bde-grid\">\n  \n  \n\t\n\n\n\n<div class=\"bde-div-53-178 bde-div\" data-entrance=\"fade\">\n  \n  \n\t\n\n\n\n<img decoding=\"async\" class=\"bde-image2-53-214 bde-image2\" src=\"https:\/\/www.kreiss.lv\/wp-content\/uploads\/2025\/01\/icon1.png\" loading=\"lazy\" sizes=\"(max-width: 59px) 100vw, 59px\"><div class=\"bde-fancy-divider-53-187 bde-fancy-divider\">\n\n\n<div class=\"bde-fancy-divider__wrapper\">\n  <div class=\"bde-fancy-divider__separator\">\n  \t  <\/div>\n<\/div>\n\n<\/div><div class=\"bde-text-53-186 bde-text\">\nMost freight services are carried out by a crew of two drivers. <br>are carried out by a crew of two drivers\n<\/div>\n<\/div><div class=\"bde-div-53-188 bde-div\" data-entrance=\"fade\">\n  \n  \n\t\n\n\n\n<img decoding=\"async\" class=\"bde-image2-53-215 bde-image2\" src=\"https:\/\/www.kreiss.lv\/wp-content\/uploads\/2025\/01\/icon2.png\" loading=\"lazy\" sizes=\"(max-width: 79px) 100vw, 79px\"><div class=\"bde-fancy-divider-53-190 bde-fancy-divider\">\n\n\n<div class=\"bde-fancy-divider__wrapper\">\n  <div class=\"bde-fancy-divider__separator\">\n  \t  <\/div>\n<\/div>\n\n<\/div><div class=\"bde-text-53-191 bde-text\">\nOur staff have in-depth <br>knowledge of logistics\n<\/div>\n<\/div><div class=\"bde-div-53-192 bde-div\" data-entrance=\"fade\">\n  \n  \n\t\n\n\n\n<img decoding=\"async\" class=\"bde-image2-53-216 bde-image2\" src=\"https:\/\/www.kreiss.lv\/wp-content\/uploads\/2025\/01\/icon3.png\" loading=\"lazy\" sizes=\"(max-width: 51px) 100vw, 51px\"><div class=\"bde-fancy-divider-53-194 bde-fancy-divider\">\n\n\n<div class=\"bde-fancy-divider__wrapper\">\n  <div class=\"bde-fancy-divider__separator\">\n  \t  <\/div>\n<\/div>\n\n<\/div><div class=\"bde-text-53-195 bde-text\">\nISO-compliant quality <br>management system<br>\n<\/div>\n<\/div><div class=\"bde-div-53-196 bde-div\" data-entrance=\"fade\">\n  \n  \n\t\n\n\n\n<img decoding=\"async\" class=\"bde-image2-53-219 bde-image2\" src=\"https:\/\/www.kreiss.lv\/wp-content\/uploads\/2025\/01\/icon4.png\" loading=\"lazy\" sizes=\"(max-width: 78px) 100vw, 78px\"><div class=\"bde-fancy-divider-53-198 bde-fancy-divider\">\n\n\n<div class=\"bde-fancy-divider__wrapper\">\n  <div class=\"bde-fancy-divider__separator\">\n  \t  <\/div>\n<\/div>\n\n<\/div><div class=\"bde-text-53-199 bde-text\">\nWe work 365 days a year 24\/7 <br>and speak your native language\n<\/div>\n<\/div><div class=\"bde-div-53-200 bde-div\" data-entrance=\"fade\">\n  \n  \n\t\n\n\n\n<img decoding=\"async\" class=\"bde-image2-53-218 bde-image2\" src=\"https:\/\/www.kreiss.lv\/wp-content\/uploads\/2025\/01\/icon5.png\" loading=\"lazy\" sizes=\"(max-width: 114px) 100vw, 114px\"><div class=\"bde-fancy-divider-53-202 bde-fancy-divider\">\n\n\n<div class=\"bde-fancy-divider__wrapper\">\n  <div class=\"bde-fancy-divider__separator\">\n  \t  <\/div>\n<\/div>\n\n<\/div><div class=\"bde-text-53-203 bde-text\">\nReliable and modern technology; <br>trucks and semi-trailers\n<\/div>\n<\/div><div class=\"bde-div-53-204 bde-div\" data-entrance=\"fade\">\n  \n  \n\t\n\n\n\n<img decoding=\"async\" class=\"bde-image2-53-217 bde-image2\" src=\"https:\/\/www.kreiss.lv\/wp-content\/uploads\/2025\/01\/icon6.png\" loading=\"lazy\" sizes=\"(max-width: 63px) 100vw, 63px\"><div class=\"bde-fancy-divider-53-206 bde-fancy-divider\">\n\n\n<div class=\"bde-fancy-divider__wrapper\">\n  <div class=\"bde-fancy-divider__separator\">\n  \t  <\/div>\n<\/div>\n\n<\/div><div class=\"bde-text-53-207 bde-text\">\nCargo temperature control <br>during the entire journey\n<\/div>\n<\/div>\n<\/div><\/div>\n<\/section>","protected":false},"excerpt":{"rendered":"<p>Kravu p\u0101rvad\u0101jumi Uz jebkuru ES valsti VAIR\u0100K NEK\u0100: 1500 kravas automa\u0161\u012bnu autopark\u0101 VAIR\u0100K NEK\u0100: 2800 profesion\u0101lu darbinieku VAIR\u0100K NEK\u0100: 220 000 p\u0101rvad\u0101jumu 2024. gad\u0101 IZME\u0160U L\u012aMENIS Euro 6 100% kravas automa\u0161\u012bnas atbilst Euro 6 standartam VAIR\u0100K NEK\u0100: 1800 refri\u017eer\u0101toru puspiekabes DIBIN\u0100TS: 1994 gad\u0101 Izcili lo\u0123istikas pakalpojumi M\u0113s nodro\u0161in\u0101m pilnu p\u0101rvad\u0101jumu pakalpojumu kl\u0101stu visaugst\u0101kaj\u0101 l\u012bmen\u012b ar [&hellip;]<\/p>\n","protected":false},"author":1,"featured_media":0,"parent":0,"menu_order":0,"comment_status":"closed","ping_status":"closed","template":"","meta":{"_acf_changed":false,"_breakdance_hide_in_design_set":false,"_breakdance_tags":"","footnotes":""},"class_list":["post-53","page","type-page","status-publish","hentry"],"acf":[],"_links":{"self":[{"href":"https:\/\/www.kreiss.lv\/en\/wp-json\/wp\/v2\/pages\/53","targetHints":{"allow":["GET"]}}],"collection":[{"href":"https:\/\/www.kreiss.lv\/en\/wp-json\/wp\/v2\/pages"}],"about":[{"href":"https:\/\/www.kreiss.lv\/en\/wp-json\/wp\/v2\/types\/page"}],"author":[{"embeddable":true,"href":"https:\/\/www.kreiss.lv\/en\/wp-json\/wp\/v2\/users\/1"}],"replies":[{"embeddable":true,"href":"https:\/\/www.kreiss.lv\/en\/wp-json\/wp\/v2\/comments?post=53"}],"version-history":[{"count":59,"href":"https:\/\/www.kreiss.lv\/en\/wp-json\/wp\/v2\/pages\/53\/revisions"}],"predecessor-version":[{"id":1078,"href":"https:\/\/www.kreiss.lv\/en\/wp-json\/wp\/v2\/pages\/53\/revisions\/1078"}],"wp:attachment":[{"href":"https:\/\/www.kreiss.lv\/en\/wp-json\/wp\/v2\/media?parent=53"}],"curies":[{"name":"wp","href":"https:\/\/api.w.org\/{rel}","templated":true}]}}